{"id":3334,"date":"2019-08-24T00:46:22","date_gmt":"2019-08-23T22:46:22","guid":{"rendered":"https:\/\/pharaohs-silver.com\/index.php\/einkaufswagen\/"},"modified":"2024-05-31T21:45:06","modified_gmt":"2024-05-31T19:45:06","slug":"einkaufswagen","status":"publish","type":"page","link":"https:\/\/pharaohs-silver.com\/de\/einkaufswagen\/","title":{"rendered":"Warenkorb"},"content":{"rendered":"\t\t<div data-elementor-type=\"wp-page\" data-elementor-id=\"3334\" class=\"elementor elementor-3334 elementor-10\" data-elementor-post-type=\"page\">\n\t\t\t\t<div class=\"elementor-element elementor-element-3c2e91c5 e-flex e-con-boxed e-con e-parent\" data-id=\"3c2e91c5\" data-element_type=\"container\" data-e-type=\"container\">\n\t\t\t\t\t<div class=\"e-con-inner\">\n\t\t\t\t<div class=\"elementor-element elementor-element-81bd1b4 elementor-widget elementor-widget-text-editor\" data-id=\"81bd1b4\" data-element_type=\"widget\" data-e-type=\"widget\" data-widget_type=\"text-editor.default\">\n\t\t\t\t<div class=\"elementor-widget-container\">\n\t\t\t\t\t\t\t\t\t<div class=\"woocommerce\"><div class=\"woocommerce-notices-wrapper\"><\/div><div class=\"wc-empty-cart-message\">\n\t<div class=\"cart-empty woocommerce-info\" role=\"status\">\n\t\tDein Warenkorb ist gegenw\u00e4rtig leer.\t<\/div>\n<\/div>\t<p class=\"return-to-shop\">\n\t\t<a class=\"button wc-backward\" href=\"https:\/\/pharaohs-silver.com\/de\/shop-2\/\">\n\t\t\tZur\u00fcck zum Shop\t\t<\/a>\n\t<\/p>\n<\/div>\n\t\t\t\t\t\t\t\t<\/div>\n\t\t\t\t<\/div>\n\t\t\t\t\t<\/div>\n\t\t\t\t<\/div>\n\t\t<div class=\"elementor-element elementor-element-a830177 e-flex e-con-boxed e-con e-parent\" data-id=\"a830177\" data-element_type=\"container\" data-e-type=\"container\">\n\t\t\t\t\t<div class=\"e-con-inner\">\n\t\t\t\t<div class=\"elementor-element elementor-element-6c09180 elementor-widget elementor-widget-template\" data-id=\"6c09180\" data-element_type=\"widget\" data-e-type=\"widget\" data-widget_type=\"template.default\">\n\t\t\t\t<div class=\"elementor-widget-container\">\n\t\t\t\t\t\t\t<div class=\"elementor-template\">\n\t\t\t\t\t<div data-elementor-type=\"container\" data-elementor-id=\"9158\" class=\"elementor elementor-9158 elementor-7611\" data-elementor-post-type=\"elementor_library\">\n\t\t\t\t<div class=\"elementor-element elementor-element-4e1e97cd e-flex e-con-boxed e-con e-parent\" data-id=\"4e1e97cd\" data-element_type=\"container\" data-e-type=\"container\">\n\t\t\t\t\t<div class=\"e-con-inner\">\n\t\t\t\t<div class=\"elementor-element elementor-element-4fd69d3f elementor-widget elementor-widget-heading\" data-id=\"4fd69d3f\" data-element_type=\"widget\" data-e-type=\"widget\" data-widget_type=\"heading.default\">\n\t\t\t\t<div class=\"elementor-widget-container\">\n\t\t\t\t\t<h4 class=\"elementor-heading-title elementor-size-default\">FAQs<\/h4>\t\t\t\t<\/div>\n\t\t\t\t<\/div>\n\t\t\t\t<div class=\"elementor-element elementor-element-5f516f4c elementor-widget elementor-widget-eael-adv-accordion\" data-id=\"5f516f4c\" data-element_type=\"widget\" data-e-type=\"widget\" data-widget_type=\"eael-adv-accordion.default\">\n\t\t\t\t<div class=\"elementor-widget-container\">\n\t\t\t\t\t            <div class=\"eael-adv-accordion\" id=\"eael-adv-accordion-5f516f4c\" data-scroll-on-click=\"no\" data-scroll-speed=\"300\" data-accordion-id=\"5f516f4c\" data-accordion-type=\"accordion\" data-toogle-speed=\"300\">\n            <div class=\"eael-accordion-list\">\n\t\t\t\t\t<div id=\"was-uns-besonders-macht\" class=\"elementor-tab-title eael-accordion-header\" tabindex=\"0\" data-tab=\"1\" aria-controls=\"elementor-tab-content-1591\"><span class=\"eael-advanced-accordion-icon-closed\"><i aria-hidden=\"true\" class=\"fa-accordion-icon fas fa-plus\"><\/i><\/span><span class=\"eael-advanced-accordion-icon-opened\"><i aria-hidden=\"true\" class=\"fa-accordion-icon fas fa-minus\"><\/i><\/span><span class=\"eael-accordion-tab-title\">Was uns besonders macht<\/span><i aria-hidden=\"true\" class=\"fa-toggle fas fa-angle-down\"><\/i><\/div><div id=\"elementor-tab-content-1591\" class=\"eael-accordion-content clearfix\" data-tab=\"1\" aria-labelledby=\"was-uns-besonders-macht\"><ul>\n<li><strong>Einzigartiges Design<\/strong>: exquisit &amp; einzigartig<\/li>\n<li><strong>Handgefertigte Eleganz<\/strong>: un\u00fcbertroffene Handwerkskunst<\/li>\n<li><strong>925 Sterling Silber<\/strong>: Edel &amp; Hypoallergen<\/li>\n<li><strong>Sorgenfrei<\/strong>: Wasserdicht, anlaufgesch\u00fctzt, sorgenfrei<\/li>\n<\/ul>\n<\/div>\n\t\t\t\t\t<\/div><div class=\"eael-accordion-list\">\n\t\t\t\t\t<div id=\"lieferung-amp-versand\" class=\"elementor-tab-title eael-accordion-header\" tabindex=\"0\" data-tab=\"2\" aria-controls=\"elementor-tab-content-1592\"><span class=\"eael-advanced-accordion-icon-closed\"><i aria-hidden=\"true\" class=\"fa-accordion-icon fas fa-plus\"><\/i><\/span><span class=\"eael-advanced-accordion-icon-opened\"><i aria-hidden=\"true\" class=\"fa-accordion-icon fas fa-minus\"><\/i><\/span><span class=\"eael-accordion-tab-title\">Lieferung &amp; Versand<\/span><i aria-hidden=\"true\" class=\"fa-toggle fas fa-angle-down\"><\/i><\/div><div id=\"elementor-tab-content-1592\" class=\"eael-accordion-content clearfix\" data-tab=\"2\" aria-labelledby=\"lieferung-amp-versand\"><p><strong>Versand<\/strong><\/p>\n<ul>\n<li>Kostenloser Versand ab 70 \u20ac. Unter \u20ac70 Versand ist \u20ac3,99<\/li>\n<li>Die Sendungen sind vollst\u00e4ndig versichert<\/li>\n<li>Z\u00f6lle &amp; Steuern inbegriffen<\/li>\n<\/ul>\n<p><strong>Lieferzeit<\/strong><\/p>\n<ul>\n<li>Deutschland: 2 bis 3 Tage<\/li>\n<li>EU: 3 bis 5 Tage<\/li>\n<\/ul>\n<p><strong>Sendungsverfolgung<\/strong><br \/>Wir wissen, wie wichtig es ist, den Status deiner Bestellung zu kennen. Sobald dein Silberschmuck versandt wurde, <strong>schicken wir dir eine Tracking-Nummer<\/strong> und einen Link, mit dem du dein Paket online verfolgen kannst.  So k\u00f6nnen Sie den Fortschritt und das voraussichtliche Lieferdatum \u00fcberwachen und <strong>Sicherheit<\/strong> und Gew\u00e4hrleistung eines transparenten Einkaufserlebnisses.<\/p>\n<p><strong>R\u00fcckgabe<\/strong><br \/>Wir m\u00f6chten, dass du mit deinem Kauf <strong>zufrieden<\/strong> bist. Wenn du aus irgendeinem Grund mit deinem Kauf nicht zufrieden bist, bieten wir dir ein<strong> unkompliziertes 30-t\u00e4giges R\u00fcckgabe- und Umtauschrecht<\/strong>.  So einfach ist das. <strong>R\u00fccksendungen sind kostenlos<\/strong>.<\/p>\n<\/div>\n\t\t\t\t\t<\/div><div class=\"eael-accordion-list\">\n\t\t\t\t\t<div id=\"rckgabe-und-umtausch\" class=\"elementor-tab-title eael-accordion-header\" tabindex=\"0\" data-tab=\"3\" aria-controls=\"elementor-tab-content-1593\"><span class=\"eael-advanced-accordion-icon-closed\"><i aria-hidden=\"true\" class=\"fa-accordion-icon fas fa-plus\"><\/i><\/span><span class=\"eael-advanced-accordion-icon-opened\"><i aria-hidden=\"true\" class=\"fa-accordion-icon fas fa-minus\"><\/i><\/span><span class=\"eael-accordion-tab-title\">R\u00fcckgabe und Umtausch<\/span><i aria-hidden=\"true\" class=\"fa-toggle fas fa-angle-down\"><\/i><\/div><div id=\"elementor-tab-content-1593\" class=\"eael-accordion-content clearfix\" data-tab=\"3\" aria-labelledby=\"rckgabe-und-umtausch\"><p>Wir m\u00f6chten, dass Sie mit Ihrem Kauf vollkommen zufrieden sind. Sollten Sie aus irgendeinem Grund mit Ihrem Kauf nicht zufrieden sein, bieten wir eine <strong>problemlos keine Fragen<\/strong><b> 30 Tage R\u00fcckgaberecht<\/b> und Umtauschrecht. Es ist <strong>so einfach.<\/strong>  <\/p>\n<p><strong>Besch\u00e4digte Artikel?<\/strong> <br \/>Du brauchst dir keine Sorgen um verlorene Bestellungen zu machen, denn <strong>deine Bestellung ist versichert. <\/strong>Sollte der unwahrscheinliche Fall eintreten, dass deine Bestellung besch\u00e4digt ankommt, melde dich bitte bei uns und <strong>wir werden es in Ordnung bringen.<\/strong> Wir m\u00f6chten, dass du die bestm\u00f6gliche Erfahrung machst.<\/p>\n<\/div>\n\t\t\t\t\t<\/div><div class=\"eael-accordion-list\">\n\t\t\t\t\t<div id=\"gewhrleistungen-amp-garantien-\" class=\"elementor-tab-title eael-accordion-header\" tabindex=\"0\" data-tab=\"4\" aria-controls=\"elementor-tab-content-1594\"><span class=\"eael-advanced-accordion-icon-closed\"><i aria-hidden=\"true\" class=\"fa-accordion-icon fas fa-plus\"><\/i><\/span><span class=\"eael-advanced-accordion-icon-opened\"><i aria-hidden=\"true\" class=\"fa-accordion-icon fas fa-minus\"><\/i><\/span><span class=\"eael-accordion-tab-title\">Gew\u00e4hrleistungen &amp; Garantien <\/span><i aria-hidden=\"true\" class=\"fa-toggle fas fa-angle-down\"><\/i><\/div><div id=\"elementor-tab-content-1594\" class=\"eael-accordion-content clearfix\" data-tab=\"4\" aria-labelledby=\"gewhrleistungen-amp-garantien-\"><p>Wir sind stolz auf die Qualit\u00e4t unseres Silberschmucks und bieten eine <strong>lebenslange Garantie<\/strong> auf Echtheit und Verarbeitung gegen Fabrikationsfehler. Sollten Sie bei Ihrem Kauf auf M\u00e4ngel oder Probleme sto\u00dfen, wenden Sie sich bitte an unser Kundendienstteam, und wir helfen Ihnen gerne, die Angelegenheit umgehend zu l\u00f6sen.  Ihre Zufriedenheit ist unsere oberste Priorit\u00e4t.<\/p>\n<p>Unsere Kunden genie\u00dfen au\u00dferdem eine kostenlose <strong>30-Tage Geld-zur\u00fcck-Garantie.<\/strong><\/p>\n<\/div>\n\t\t\t\t\t<\/div><div class=\"eael-accordion-list\">\n\t\t\t\t\t<div id=\"versenden-sie-international\" class=\"elementor-tab-title eael-accordion-header\" tabindex=\"0\" data-tab=\"5\" aria-controls=\"elementor-tab-content-1595\"><span class=\"eael-advanced-accordion-icon-closed\"><i aria-hidden=\"true\" class=\"fa-accordion-icon fas fa-plus\"><\/i><\/span><span class=\"eael-advanced-accordion-icon-opened\"><i aria-hidden=\"true\" class=\"fa-accordion-icon fas fa-minus\"><\/i><\/span><span class=\"eael-accordion-tab-title\">Versenden Sie international?<\/span><i aria-hidden=\"true\" class=\"fa-toggle fas fa-angle-down\"><\/i><\/div><div id=\"elementor-tab-content-1595\" class=\"eael-accordion-content clearfix\" data-tab=\"5\" aria-labelledby=\"versenden-sie-international\"><p><strong>Ja<\/strong>, wir versenden unseren Silberschmuck in die gesamte EU, die USA und nach Kalifornien.<\/p>\n<p>Es gibt <strong>keine zus\u00e4tzlichen Geb\u00fchren oder Kosten<\/strong> f\u00fcr Bestellungen innerhalb der EU oder der USA<\/p>\n<\/div>\n\t\t\t\t\t<\/div><\/div>\t\t\t\t<\/div>\n\t\t\t\t<\/div>\n\t\t\t\t\t<\/div>\n\t\t\t\t<\/div>\n\t\t\t\t<\/div>\n\t\t\t\t<\/div>\n\t\t\t\t\t\t<\/div>\n\t\t\t\t<\/div>\n\t\t\t\t\t<\/div>\n\t\t\t\t<\/div>\n\t\t\t\t<\/div>\n\t\t","protected":false},"excerpt":{"rendered":"","protected":false},"author":1,"featured_media":0,"parent":0,"menu_order":0,"comment_status":"closed","ping_status":"closed","template":"","meta":{"_acf_changed":false,"footnotes":""},"class_list":["post-3334","page","type-page","status-publish","hentry"],"blocksy_meta":[],"acf":[],"jetpack_sharing_enabled":true,"_links":{"self":[{"href":"https:\/\/pharaohs-silver.com\/de\/wp-json\/wp\/v2\/pages\/3334","targetHints":{"allow":["GET"]}}],"collection":[{"href":"https:\/\/pharaohs-silver.com\/de\/wp-json\/wp\/v2\/pages"}],"about":[{"href":"https:\/\/pharaohs-silver.com\/de\/wp-json\/wp\/v2\/types\/page"}],"author":[{"embeddable":true,"href":"https:\/\/pharaohs-silver.com\/de\/wp-json\/wp\/v2\/users\/1"}],"replies":[{"embeddable":true,"href":"https:\/\/pharaohs-silver.com\/de\/wp-json\/wp\/v2\/comments?post=3334"}],"version-history":[{"count":0,"href":"https:\/\/pharaohs-silver.com\/de\/wp-json\/wp\/v2\/pages\/3334\/revisions"}],"wp:attachment":[{"href":"https:\/\/pharaohs-silver.com\/de\/wp-json\/wp\/v2\/media?parent=3334"}],"curies":[{"name":"wp","href":"https:\/\/api.w.org\/{rel}","templated":true}]}}