{"id":4486,"date":"2023-06-11T23:33:20","date_gmt":"2023-06-11T21:33:20","guid":{"rendered":"https:\/\/pharaohs-silver.com\/papayrus\/"},"modified":"2024-11-27T01:52:15","modified_gmt":"2024-11-27T00:52:15","slug":"papayrus","status":"publish","type":"page","link":"https:\/\/pharaohs-silver.com\/de\/papayrus\/","title":{"rendered":"Erstaunliche Papyrus-Gem\u00e4lde"},"content":{"rendered":"\t\t<div data-elementor-type=\"wp-page\" data-elementor-id=\"4486\" class=\"elementor elementor-4486 elementor-4476\" data-elementor-post-type=\"page\">\n\t\t\t\t<div class=\"elementor-element elementor-element-f2b40eb e-flex e-con-boxed e-con e-parent\" data-id=\"f2b40eb\" data-element_type=\"container\" data-e-type=\"container\">\n\t\t\t\t\t<div class=\"e-con-inner\">\n\t\t\t\t\t<\/div>\n\t\t\t\t<\/div>\n\t\t<div class=\"elementor-element elementor-element-a37e85a e-flex e-con-boxed e-con e-parent\" data-id=\"a37e85a\" data-element_type=\"container\" data-e-type=\"container\">\n\t\t\t\t\t<div class=\"e-con-inner\">\n\t\t\t\t<div class=\"elementor-element elementor-element-f679f3b elementor-widget elementor-widget-spacer\" data-id=\"f679f3b\" data-element_type=\"widget\" data-e-type=\"widget\" data-widget_type=\"spacer.default\">\n\t\t\t\t<div class=\"elementor-widget-container\">\n\t\t\t\t\t\t\t<div class=\"elementor-spacer\">\n\t\t\t<div class=\"elementor-spacer-inner\"><\/div>\n\t\t<\/div>\n\t\t\t\t\t\t<\/div>\n\t\t\t\t<\/div>\n\t\t\t\t\t<\/div>\n\t\t\t\t<\/div>\n\t\t<div class=\"elementor-element elementor-element-a7a6099 e-flex e-con-boxed e-con e-parent\" data-id=\"a7a6099\" data-element_type=\"container\" data-e-type=\"container\" data-settings=\"{&quot;background_background&quot;:&quot;classic&quot;}\">\n\t\t\t\t\t<div class=\"e-con-inner\">\n\t\t\t\t<div class=\"elementor-element elementor-element-840169d elementor-widget elementor-widget-spacer\" data-id=\"840169d\" data-element_type=\"widget\" data-e-type=\"widget\" data-widget_type=\"spacer.default\">\n\t\t\t\t<div class=\"elementor-widget-container\">\n\t\t\t\t\t\t\t<div class=\"elementor-spacer\">\n\t\t\t<div class=\"elementor-spacer-inner\"><\/div>\n\t\t<\/div>\n\t\t\t\t\t\t<\/div>\n\t\t\t\t<\/div>\n\t\t\t\t<div class=\"elementor-element elementor-element-162f379 elementor-widget elementor-widget-heading\" data-id=\"162f379\" data-element_type=\"widget\" data-e-type=\"widget\" data-widget_type=\"heading.default\">\n\t\t\t\t<div class=\"elementor-widget-container\">\n\t\t\t\t\t<h2 class=\"elementor-heading-title elementor-size-default\">Handgefertigte Papyrus-Gem\u00e4lde<\/h2>\t\t\t\t<\/div>\n\t\t\t\t<\/div>\n\t\t\t\t<div class=\"elementor-element elementor-element-59d2a23 elementor-widget elementor-widget-text-editor\" data-id=\"59d2a23\" data-element_type=\"widget\" data-e-type=\"widget\" data-widget_type=\"text-editor.default\">\n\t\t\t\t<div class=\"elementor-widget-container\">\n\t\t\t\t\t\t\t\t\t<p>Erlebe die Gro\u00dfartigkeit des alten \u00c4gyptens mit unserer au\u00dfergew\u00f6hnlichen Kollektion handgefertigter Papyrusbilder. Jedes Meisterwerk wurde sorgf\u00e4ltig gefertigt, um die Essenz der pharaonischen Kunst einzufangen, und l\u00e4sst dich in die bezaubernde Welt der Hieroglyphen, heiligen Symbole und <span style=\"font-size: 1rem;\">alten \u00e4gyptischen G\u00f6tter <\/span> eintauchen.   <span style=\"font-size: 1rem;\">und leuchtenden Farben. Versch\u00f6nere deinen Raum und befl\u00fcgle deine Fantasie mit diesen exquisiten Sch\u00e4tzen, die die zeitlose Sch\u00f6nheit des \u00e4gyptischen Erbes in dein Zuhause bringen. Entdecke jetzt unsere Kollektion und begib dich auf eine Reise durch Geschichte und Kunstfertigkeit.  <\/span><\/p>\n\t\t\t\t\t\t\t\t<\/div>\n\t\t\t\t<\/div>\n\t\t\t\t\t<\/div>\n\t\t\t\t<\/div>\n\t\t\t\t<\/div>\n\t\t","protected":false},"excerpt":{"rendered":"<p>Horus, Ramesses &amp; Osiris-2 &euro;29,99 King Tutankhamun &euro;49,99 Queen Nefertiti &euro;49,99 Queen Nefertari offering to Godess Isis &euro;29,99 Ra-Horakhty with Amentit &euro;34,99 Horus, Ramesses &amp; Osiris &euro;29,99 Queen Nefertiti 2 &euro;49,99 The Golden Throne &euro;44,99 Queen Nefrtari, Isis &amp; Osiris &euro;29,99 Tutankhamun Crushes enemies-2 &euro;34,99 Winged Maat Paying Tribute to Hathor &euro;34,99 Seshat, Hathor, Isis, [&hellip;]<\/p>\n","protected":false},"author":1,"featured_media":0,"parent":0,"menu_order":0,"comment_status":"closed","ping_status":"closed","template":"","meta":{"_acf_changed":false,"footnotes":""},"class_list":["post-4486","page","type-page","status-publish","hentry"],"blocksy_meta":[],"acf":[],"jetpack_sharing_enabled":true,"_links":{"self":[{"href":"https:\/\/pharaohs-silver.com\/de\/wp-json\/wp\/v2\/pages\/4486","targetHints":{"allow":["GET"]}}],"collection":[{"href":"https:\/\/pharaohs-silver.com\/de\/wp-json\/wp\/v2\/pages"}],"about":[{"href":"https:\/\/pharaohs-silver.com\/de\/wp-json\/wp\/v2\/types\/page"}],"author":[{"embeddable":true,"href":"https:\/\/pharaohs-silver.com\/de\/wp-json\/wp\/v2\/users\/1"}],"replies":[{"embeddable":true,"href":"https:\/\/pharaohs-silver.com\/de\/wp-json\/wp\/v2\/comments?post=4486"}],"version-history":[{"count":0,"href":"https:\/\/pharaohs-silver.com\/de\/wp-json\/wp\/v2\/pages\/4486\/revisions"}],"wp:attachment":[{"href":"https:\/\/pharaohs-silver.com\/de\/wp-json\/wp\/v2\/media?parent=4486"}],"curies":[{"name":"wp","href":"https:\/\/api.w.org\/{rel}","templated":true}]}}