{"id":4721,"date":"2021-04-17T15:38:21","date_gmt":"2021-04-17T13:38:21","guid":{"rendered":"https:\/\/pharaohs-silver.com\/return-policy-widerrufsrecht\/"},"modified":"2024-11-27T01:53:00","modified_gmt":"2024-11-27T00:53:00","slug":"return-policy-widerrufsrecht","status":"publish","type":"page","link":"https:\/\/pharaohs-silver.com\/de\/return-policy-widerrufsrecht\/","title":{"rendered":"Widerrufsrecht"},"content":{"rendered":"\t\t<div data-elementor-type=\"wp-page\" data-elementor-id=\"4721\" class=\"elementor elementor-4721 elementor-2194\" data-elementor-post-type=\"page\">\n\t\t\t\t<div class=\"elementor-element elementor-element-bdeb53e e-flex e-con-boxed e-con e-parent\" data-id=\"bdeb53e\" data-element_type=\"container\" data-e-type=\"container\">\n\t\t\t\t\t<div class=\"e-con-inner\">\n\t\t\t\t<div class=\"elementor-element elementor-element-99de7cf elementor-widget elementor-widget-heading\" data-id=\"99de7cf\" data-element_type=\"widget\" data-e-type=\"widget\" data-widget_type=\"heading.default\">\n\t\t\t\t<div class=\"elementor-widget-container\">\n\t\t\t\t\t<h2 class=\"elementor-heading-title elementor-size-default\">Widerrufsrecht<\/h2>\t\t\t\t<\/div>\n\t\t\t\t<\/div>\n\t\t\t\t<div class=\"elementor-element elementor-element-464a93b elementor-widget elementor-widget-text-editor\" data-id=\"464a93b\" data-element_type=\"widget\" data-e-type=\"widget\" data-widget_type=\"text-editor.default\">\n\t\t\t\t<div class=\"elementor-widget-container\">\n\t\t\t\t\t\t\t\t\t<div>\n<div>Sie haben das Recht, von diesem Vertrag innerhalb von<strong> 30 Tage<\/strong> ohne Angabe von Gr\u00fcnden, sofern die Artikel in gutem Zustand und unbenutzt zur\u00fcckgegeben werden.<\/div>\n<div> <\/div>\n<div>Die Widerrufsfrist endet nach <strong>30 Tage<\/strong> ab dem Tag, an dem Sie oder ein von Ihnen benannter Dritter, der nicht der Bef\u00f6rderer ist, den physischen Besitz der Waren erlangt.<\/div>\n<div> <\/div>\n<div>\n<div>\n<div>Um das R\u00fcckgabeverfahren zu starten, m\u00fcssen Sie uns dar\u00fcber informieren:<\/div>\n<ul>\n<li><a href=\"https:\/\/pharaohs-silver.com\/return-form\/\">R\u00fccksendeformular<\/a><\/li>\n<li>E-Mail: returns@pharaohs-silver.com<\/li>\n<\/ul>\n<\/div>\n<\/div>\n<div> <\/div>\n<\/div>\n\t\t\t\t\t\t\t\t<\/div>\n\t\t\t\t<\/div>\n\t\t\t\t<div class=\"elementor-element elementor-element-0796101 elementor-widget elementor-widget-heading\" data-id=\"0796101\" data-element_type=\"widget\" data-e-type=\"widget\" data-widget_type=\"heading.default\">\n\t\t\t\t<div class=\"elementor-widget-container\">\n\t\t\t\t\t<h2 class=\"elementor-heading-title elementor-size-default\">Details zur R\u00fccksendung\n<\/h2>\t\t\t\t<\/div>\n\t\t\t\t<\/div>\n\t\t\t\t<div class=\"elementor-element elementor-element-22772d7 elementor-widget elementor-widget-text-editor\" data-id=\"22772d7\" data-element_type=\"widget\" data-e-type=\"widget\" data-widget_type=\"text-editor.default\">\n\t\t\t\t<div class=\"elementor-widget-container\">\n\t\t\t\t\t\t\t\t\t<p>Wenn Sie diesen Vertrag widerrufen, haben wir Ihnen alle Zahlungen, die wir von Ihnen erhalten haben, zur\u00fcckzuerstatten, mit Ausnahme der Lieferkosten, falls zutreffend, unverz\u00fcglich und in jedem Fall sp\u00e4testens innerhalb von 14 Tagen ab dem Tag, an dem wir die zur\u00fcckgegebenen Artikel erhalten.&nbsp;<\/p>\n<p>F\u00fcr diese R\u00fcckzahlung verwenden wir dasselbe Zahlungsmittel, das Sie bei der urspr\u00fcnglichen Transaktion eingesetzt haben, es sei denn, mit Ihnen wurde ausdr\u00fccklich etwas anderes vereinbart.<\/p>\t\t\t\t\t\t\t\t<\/div>\n\t\t\t\t<\/div>\n\t\t\t\t\t<\/div>\n\t\t\t\t<\/div>\n\t\t\t\t<\/div>\n\t\t","protected":false},"excerpt":{"rendered":"<p>Widerrufsrecht Sie haben das Recht, von diesem Vertrag innerhalb von 30 Tage ohne Angabe von Gr\u00fcnden, sofern die Artikel in gutem Zustand und unbenutzt zur\u00fcckgegeben werden. Die Widerrufsfrist endet nach 30 Tage ab dem Tag, an dem Sie oder ein von Ihnen benannter Dritter, der nicht der Bef\u00f6rderer ist, den physischen Besitz der Waren erlangt. [&hellip;]<\/p>\n","protected":false},"author":1,"featured_media":0,"parent":0,"menu_order":0,"comment_status":"closed","ping_status":"closed","template":"","meta":{"_acf_changed":false,"footnotes":""},"class_list":["post-4721","page","type-page","status-publish","hentry"],"blocksy_meta":[],"acf":[],"jetpack_sharing_enabled":true,"_links":{"self":[{"href":"https:\/\/pharaohs-silver.com\/de\/wp-json\/wp\/v2\/pages\/4721","targetHints":{"allow":["GET"]}}],"collection":[{"href":"https:\/\/pharaohs-silver.com\/de\/wp-json\/wp\/v2\/pages"}],"about":[{"href":"https:\/\/pharaohs-silver.com\/de\/wp-json\/wp\/v2\/types\/page"}],"author":[{"embeddable":true,"href":"https:\/\/pharaohs-silver.com\/de\/wp-json\/wp\/v2\/users\/1"}],"replies":[{"embeddable":true,"href":"https:\/\/pharaohs-silver.com\/de\/wp-json\/wp\/v2\/comments?post=4721"}],"version-history":[{"count":0,"href":"https:\/\/pharaohs-silver.com\/de\/wp-json\/wp\/v2\/pages\/4721\/revisions"}],"wp:attachment":[{"href":"https:\/\/pharaohs-silver.com\/de\/wp-json\/wp\/v2\/media?parent=4721"}],"curies":[{"name":"wp","href":"https:\/\/api.w.org\/{rel}","templated":true}]}}