{"id":9190,"date":"2023-11-14T23:07:25","date_gmt":"2023-11-14T22:07:25","guid":{"rendered":"https:\/\/pharaohs-silver.com\/uber-uns\/"},"modified":"2024-10-11T23:35:42","modified_gmt":"2024-10-11T21:35:42","slug":"uber-uns","status":"publish","type":"page","link":"https:\/\/pharaohs-silver.com\/de\/uber-uns\/","title":{"rendered":"\u00dcber uns"},"content":{"rendered":"\t\t<div data-elementor-type=\"wp-page\" data-elementor-id=\"9190\" class=\"elementor elementor-9190 elementor-5138\" data-elementor-post-type=\"page\">\n\t\t\t\t<div class=\"elementor-element elementor-element-d976bc7 e-flex e-con-boxed e-con e-parent\" data-id=\"d976bc7\" data-element_type=\"container\" data-e-type=\"container\">\n\t\t\t\t\t<div class=\"e-con-inner\">\n\t\t<div class=\"elementor-element elementor-element-4ce26d1 e-con-full e-flex e-con e-child\" data-id=\"4ce26d1\" data-element_type=\"container\" data-e-type=\"container\">\n\t\t\t\t<div class=\"elementor-element elementor-element-ea565af elementor-widget elementor-widget-heading\" data-id=\"ea565af\" data-element_type=\"widget\" data-e-type=\"widget\" data-widget_type=\"heading.default\">\n\t\t\t\t<div class=\"elementor-widget-container\">\n\t\t\t\t\t<h1 class=\"elementor-heading-title elementor-size-default\">Unsere Geschichte<\/h1>\t\t\t\t<\/div>\n\t\t\t\t<\/div>\n\t\t\t\t<div class=\"elementor-element elementor-element-2e1dbd1 elementor-widget elementor-widget-text-editor\" data-id=\"2e1dbd1\" data-element_type=\"widget\" data-e-type=\"widget\" data-widget_type=\"text-editor.default\">\n\t\t\t\t<div class=\"elementor-widget-container\">\n\t\t\t\t\t\t\t\t\t<p><span style=\"font-weight: 400;\">Willkommen bei Pharaohs Silver, wo Leidenschaft und Kreativit\u00e4t verschmelzen, um exquisiten handgefertigten Silberschmuck und fesselnde Gem\u00e4lde zu kreieren. <\/span> <b>Inspiriert durch das reiche Erbe \u00c4gyptens,<\/b> <span style=\"font-weight: 400;\">wir verk\u00f6rpern unsere St\u00fccke eine harmonische <\/span> <b>Mischung aus antikem Charme und moderner Eleganz.<\/b><span style=\"font-weight: 400;\">. Allow us to share our story with you. <\/span><\/p>\n<p><span style=\"font-weight: 400;\">Das Herzst\u00fcck unserer k\u00fcnstlerischen Reise ist eine tiefe Verbindung zu unseren Wurzeln. Als stolze \u00c4gypter lassen wir uns von der faszinierenden Geschichte und der kulturellen Vielfalt unseres Heimatlandes inspirieren.  <\/span><b>Von der Erhabenheit der Pyramiden bis hin zu den komplizierten Hieroglyphen, die die alten Tempel schm\u00fccken<\/b>, <span style=\"font-weight: 400;\">wir streben,<\/span> <b>die Essenz des gro\u00dfartigen \u00e4gyptischen Erbes in jeder sorgf\u00e4ltig gefertigten Kreation einzufangen.<\/b><\/p>\n\t\t\t\t\t\t\t\t<\/div>\n\t\t\t\t<\/div>\n\t\t\t\t<\/div>\n\t\t<div class=\"elementor-element elementor-element-8e5e9a9 e-con-full e-flex elementor-invisible e-con e-child\" data-id=\"8e5e9a9\" data-element_type=\"container\" data-e-type=\"container\" data-settings=\"{&quot;animation&quot;:&quot;fadeInRight&quot;,&quot;animation_delay&quot;:300}\">\n\t\t\t\t<div class=\"elementor-element elementor-element-471d83c elementor-widget elementor-widget-image\" data-id=\"471d83c\" data-element_type=\"widget\" data-e-type=\"widget\" data-widget_type=\"image.default\">\n\t\t\t\t<div class=\"elementor-widget-container\">\n\t\t\t\t\t\t\t\t\t\t\t\t\t\t\t<img fetchpriority=\"high\" width=\"683\" height=\"1024\" src=\"https:\/\/pharaohs-silver.com\/wp-content\/uploads\/2021\/03\/pexels-travel-photography-2184580-scaled-683x1024.jpg\" class=\"attachment-large size-large wp-image-3344\" alt=\"\" srcset=\"https:\/\/pharaohs-silver.com\/wp-content\/uploads\/2021\/03\/pexels-travel-photography-2184580-scaled-683x1024.jpg 683w, https:\/\/pharaohs-silver.com\/wp-content\/uploads\/2021\/03\/pexels-travel-photography-2184580-scaled-300x450.jpg 300w, https:\/\/pharaohs-silver.com\/wp-content\/uploads\/2021\/03\/pexels-travel-photography-2184580-scaled-1080x1620.jpg 1080w, https:\/\/pharaohs-silver.com\/wp-content\/uploads\/2021\/03\/pexels-travel-photography-2184580-scaled-200x300.jpg 200w, https:\/\/pharaohs-silver.com\/wp-content\/uploads\/2021\/03\/pexels-travel-photography-2184580-scaled-768x1152.jpg 768w, https:\/\/pharaohs-silver.com\/wp-content\/uploads\/2021\/03\/pexels-travel-photography-2184580-scaled-1024x1536.jpg 1024w, https:\/\/pharaohs-silver.com\/wp-content\/uploads\/2021\/03\/pexels-travel-photography-2184580-scaled-1366x2048.jpg 1366w, https:\/\/pharaohs-silver.com\/wp-content\/uploads\/2021\/03\/pexels-travel-photography-2184580-scaled-600x900.jpg 600w, https:\/\/pharaohs-silver.com\/wp-content\/uploads\/2021\/03\/pexels-travel-photography-2184580-scaled.jpg 1707w\" sizes=\"(max-width: 683px) 100vw, 683px\" \/>\t\t\t\t\t\t\t\t\t\t\t\t\t\t\t<\/div>\n\t\t\t\t<\/div>\n\t\t\t\t<\/div>\n\t\t\t\t\t<\/div>\n\t\t\t\t<\/div>\n\t\t<div class=\"elementor-element elementor-element-8be6443 e-flex e-con-boxed e-con e-parent\" data-id=\"8be6443\" data-element_type=\"container\" data-e-type=\"container\">\n\t\t\t\t\t<div class=\"e-con-inner\">\n\t\t<div class=\"elementor-element elementor-element-80c94db e-con-full e-flex elementor-invisible e-con e-child\" data-id=\"80c94db\" data-element_type=\"container\" data-e-type=\"container\" data-settings=\"{&quot;animation&quot;:&quot;fadeInLeft&quot;,&quot;animation_delay&quot;:300}\">\n\t\t\t\t<div class=\"elementor-element elementor-element-c5bdc39 elementor-widget elementor-widget-image\" data-id=\"c5bdc39\" data-element_type=\"widget\" data-e-type=\"widget\" data-widget_type=\"image.default\">\n\t\t\t\t<div class=\"elementor-widget-container\">\n\t\t\t\t\t\t\t\t\t\t\t\t\t\t\t<img width=\"686\" height=\"1024\" src=\"https:\/\/pharaohs-silver.com\/wp-content\/uploads\/2023\/11\/IMG_8035-2-686x1024.jpg\" class=\"attachment-large size-large wp-image-5153\" alt=\"\" srcset=\"https:\/\/pharaohs-silver.com\/wp-content\/uploads\/2023\/11\/IMG_8035-2-686x1024.jpg 686w, https:\/\/pharaohs-silver.com\/wp-content\/uploads\/2023\/11\/IMG_8035-2-scaled-300x448.jpg 300w, https:\/\/pharaohs-silver.com\/wp-content\/uploads\/2023\/11\/IMG_8035-2-scaled-1080x1611.jpg 1080w, https:\/\/pharaohs-silver.com\/wp-content\/uploads\/2023\/11\/IMG_8035-2-201x300.jpg 201w, https:\/\/pharaohs-silver.com\/wp-content\/uploads\/2023\/11\/IMG_8035-2-768x1146.jpg 768w, https:\/\/pharaohs-silver.com\/wp-content\/uploads\/2023\/11\/IMG_8035-2-1030x1536.jpg 1030w, https:\/\/pharaohs-silver.com\/wp-content\/uploads\/2023\/11\/IMG_8035-2-1373x2048.jpg 1373w, https:\/\/pharaohs-silver.com\/wp-content\/uploads\/2023\/11\/IMG_8035-2-scaled.jpg 1716w\" sizes=\"(max-width: 686px) 100vw, 686px\" \/>\t\t\t\t\t\t\t\t\t\t\t\t\t\t\t<\/div>\n\t\t\t\t<\/div>\n\t\t\t\t<\/div>\n\t\t<div class=\"elementor-element elementor-element-c0340b0 e-con-full e-flex e-con e-child\" data-id=\"c0340b0\" data-element_type=\"container\" data-e-type=\"container\">\n\t\t\t\t<div class=\"elementor-element elementor-element-6eb8091 elementor-widget elementor-widget-heading\" data-id=\"6eb8091\" data-element_type=\"widget\" data-e-type=\"widget\" data-widget_type=\"heading.default\">\n\t\t\t\t<div class=\"elementor-widget-container\">\n\t\t\t\t\t<h2 class=\"elementor-heading-title elementor-size-default\">Triff uns<\/h2>\t\t\t\t<\/div>\n\t\t\t\t<\/div>\n\t\t\t\t<div class=\"elementor-element elementor-element-6acea3d elementor-widget elementor-widget-text-editor\" data-id=\"6acea3d\" data-element_type=\"widget\" data-e-type=\"widget\" data-widget_type=\"text-editor.default\">\n\t\t\t\t<div class=\"elementor-widget-container\">\n\t\t\t\t\t\t\t\t\t<p><strong>Ich habe schon immer die Sch\u00f6nheit von Pr\u00e4zision und Handwerkskunst bewundert<\/strong>. Es war jedoch meine Frau, eine talentierte Designerin, die mich ermutigte , meine k\u00fcnstlerische Seite zu zeigen meine k\u00fcnstlerische Seite zu entdecken und meine Kreationen mit der Welt zu teilen. Gemeinsam, begleitet von unserer treuen Begleiterin Coco, <strong> habenwir uns auf eine Reise begeben , um einzigartige St\u00fccke herzustellen , die Eleganz, Geschichte und k\u00fcnstlerischem Ausdruck verbinden.<\/strong>  <\/p>\n<p>Ich hatte das Gl\u00fcck, die Kunst des Silberschmiedens vom Vater meines besten Freundes und dessen Familie zu erlernen, die ihr Wissen und ihre Erfahrung gro\u00dfz\u00fcgig weitergegeben haben.<\/p>\n<p>In jahrelanger Praxis habe ich die feine Kunst der Handarbeit mit Silber gemeistert, <strong>jedes St\u00fcck mit einem Hauch von einzigartigem Stil und Kunstfertigkeit zu versehen.<\/strong><\/p>\n\t\t\t\t\t\t\t\t<\/div>\n\t\t\t\t<\/div>\n\t\t\t\t<\/div>\n\t\t\t\t\t<\/div>\n\t\t\t\t<\/div>\n\t\t<div class=\"elementor-element elementor-element-974670d e-flex e-con-boxed e-con e-parent\" data-id=\"974670d\" data-element_type=\"container\" data-e-type=\"container\">\n\t\t\t\t\t<div class=\"e-con-inner\">\n\t\t<div class=\"elementor-element elementor-element-48f6e49 e-con-full e-flex e-con e-child\" data-id=\"48f6e49\" data-element_type=\"container\" data-e-type=\"container\">\n\t\t\t\t<div class=\"elementor-element elementor-element-5399bd1 elementor-widget elementor-widget-heading\" data-id=\"5399bd1\" data-element_type=\"widget\" data-e-type=\"widget\" data-widget_type=\"heading.default\">\n\t\t\t\t<div class=\"elementor-widget-container\">\n\t\t\t\t\t<h2 class=\"elementor-heading-title elementor-size-default\">Unsere Mission<\/h2>\t\t\t\t<\/div>\n\t\t\t\t<\/div>\n\t\t\t\t<div class=\"elementor-element elementor-element-69258ce elementor-widget elementor-widget-text-editor\" data-id=\"69258ce\" data-element_type=\"widget\" data-e-type=\"widget\" data-widget_type=\"text-editor.default\">\n\t\t\t\t<div class=\"elementor-widget-container\">\n\t\t\t\t\t\t\t\t\t<p><span style=\"font-weight: 400;\"><strong>Bring mit unserem handgefertigten Silberschmuck Freude und Sch\u00f6nheit in dein Leben und das deiner Liebsten<\/strong>. Egal, ob du eine bezaubernde Halskette, einen Statement-Ring oder ein passendes Anh\u00e4nger- und Verdienstset suchst, wir laden dich ein, unsere Kollektion zu entdecken und die Essenz unserer Leidenschaft zu erleben. <\/span><\/p>\n<p><span style=\"font-weight: 400;\">Als Auswanderer sind wir dankbar f\u00fcr die M\u00f6glichkeit, unsere Leidenschaft und unser handwerkliches K\u00f6nnen mit Menschen in aller Welt zu teilen, die <strong>das Zusammenspiel von Kunst, Kultur und pers\u00f6nlichem Ausdruck zu sch\u00e4tzen wissen.<\/strong> <\/span><\/p>\n<p><strong>Entdecke unsere Kollektion und schm\u00fccke dich mit Silbersch\u00e4tzen, die das Gefl\u00fcster der Geschichte widerspiegeln.<\/strong><\/p>\n\t\t\t\t\t\t\t\t<\/div>\n\t\t\t\t<\/div>\n\t\t\t\t<\/div>\n\t\t<div class=\"elementor-element elementor-element-9155ed5 e-con-full e-flex elementor-invisible e-con e-child\" data-id=\"9155ed5\" data-element_type=\"container\" data-e-type=\"container\" data-settings=\"{&quot;animation&quot;:&quot;fadeInRight&quot;,&quot;animation_delay&quot;:300}\">\n\t\t\t\t<div class=\"elementor-element elementor-element-8f4852e elementor-widget elementor-widget-image\" data-id=\"8f4852e\" data-element_type=\"widget\" data-e-type=\"widget\" data-widget_type=\"image.default\">\n\t\t\t\t<div class=\"elementor-widget-container\">\n\t\t\t\t\t\t\t\t\t\t\t\t\t\t\t<img width=\"683\" height=\"1024\" src=\"https:\/\/pharaohs-silver.com\/wp-content\/uploads\/2023\/11\/DSC03492-683x1024.jpg\" class=\"attachment-large size-large wp-image-5151\" alt=\"\" srcset=\"https:\/\/pharaohs-silver.com\/wp-content\/uploads\/2023\/11\/DSC03492-683x1024.jpg 683w, https:\/\/pharaohs-silver.com\/wp-content\/uploads\/2023\/11\/DSC03492-scaled-300x450.jpg 300w, https:\/\/pharaohs-silver.com\/wp-content\/uploads\/2023\/11\/DSC03492-scaled-1080x1620.jpg 1080w, https:\/\/pharaohs-silver.com\/wp-content\/uploads\/2023\/11\/DSC03492-200x300.jpg 200w, https:\/\/pharaohs-silver.com\/wp-content\/uploads\/2023\/11\/DSC03492-768x1152.jpg 768w, https:\/\/pharaohs-silver.com\/wp-content\/uploads\/2023\/11\/DSC03492-1024x1536.jpg 1024w, https:\/\/pharaohs-silver.com\/wp-content\/uploads\/2023\/11\/DSC03492-1365x2048.jpg 1365w, https:\/\/pharaohs-silver.com\/wp-content\/uploads\/2023\/11\/DSC03492-scaled.jpg 1707w\" sizes=\"(max-width: 683px) 100vw, 683px\" \/>\t\t\t\t\t\t\t\t\t\t\t\t\t\t\t<\/div>\n\t\t\t\t<\/div>\n\t\t\t\t<\/div>\n\t\t\t\t\t<\/div>\n\t\t\t\t<\/div>\n\t\t<div class=\"elementor-element elementor-element-23878c2 e-flex e-con-boxed e-con e-parent\" data-id=\"23878c2\" data-element_type=\"container\" data-e-type=\"container\">\n\t\t\t\t\t<div class=\"e-con-inner\">\n\t\t\t\t<div class=\"elementor-element elementor-element-6752edf elementor-widget elementor-widget-text-editor\" data-id=\"6752edf\" data-element_type=\"widget\" data-e-type=\"widget\" data-widget_type=\"text-editor.default\">\n\t\t\t\t<div class=\"elementor-widget-container\">\n\t\t\t\t\t\t\t\t\t<p><span style=\"font-weight: 400;\">Vielen Dank, dass du uns auf diesem au\u00dfergew\u00f6hnlichen k\u00fcnstlerischen Abenteuer begleitest. Wir freuen uns darauf, Teil deiner Geschichte zu sein, wenn du die Kunst, die Geschichte und die Sch\u00f6nheit, die wir in jede unserer Kreationen einflie\u00dfen lassen, annimmst. <\/span><\/p>\n<\/p>\n<p><span style=\"font-weight: 400;\">Mit herzlicher Wertsch\u00e4tzung,<\/span><\/p>\n\t\t\t\t\t\t\t\t<\/div>\n\t\t\t\t<\/div>\n\t\t\t\t<div class=\"elementor-element elementor-element-89121f9 elementor-widget elementor-widget-image\" data-id=\"89121f9\" data-element_type=\"widget\" data-e-type=\"widget\" data-widget_type=\"image.default\">\n\t\t\t\t<div class=\"elementor-widget-container\">\n\t\t\t\t\t\t\t\t\t\t\t\t\t\t\t<img loading=\"lazy\" width=\"400\" height=\"200\" src=\"https:\/\/pharaohs-silver.com\/wp-content\/uploads\/2023\/11\/Modern-Minimalist-Black-and-White-Email-Signature.png\" class=\"attachment-large size-large wp-image-5169\" alt=\"\" srcset=\"https:\/\/pharaohs-silver.com\/wp-content\/uploads\/2023\/11\/Modern-Minimalist-Black-and-White-Email-Signature.png 400w, https:\/\/pharaohs-silver.com\/wp-content\/uploads\/2023\/11\/Modern-Minimalist-Black-and-White-Email-Signature-300x150.png 300w\" sizes=\"(max-width: 400px) 100vw, 400px\" \/>\t\t\t\t\t\t\t\t\t\t\t\t\t\t\t<\/div>\n\t\t\t\t<\/div>\n\t\t\t\t<div class=\"elementor-element elementor-element-14533ff elementor-widget elementor-widget-heading\" data-id=\"14533ff\" data-element_type=\"widget\" data-e-type=\"widget\" data-widget_type=\"heading.default\">\n\t\t\t\t<div class=\"elementor-widget-container\">\n\t\t\t\t\t<h3 class=\"elementor-heading-title elementor-size-default\">Mach dir die Seele der Pharaonen zu eigen <\/h3>\t\t\t\t<\/div>\n\t\t\t\t<\/div>\n\t\t\t\t<div class=\"elementor-element elementor-element-10ba1d1 elementor-widget elementor-widget-text-editor\" data-id=\"10ba1d1\" data-element_type=\"widget\" data-e-type=\"widget\" data-widget_type=\"text-editor.default\">\n\t\t\t\t<div class=\"elementor-widget-container\">\n\t\t\t\t\t\t\t\t\t<p>Feiere mit uns nicht nur den Stil, sondern auch die zeitlosen Geschichten, die in jedes Design von Pharaohs Silver eingewoben sind.<\/p>\n\t\t\t\t\t\t\t\t<\/div>\n\t\t\t\t<\/div>\n\t\t\t\t<div class=\"elementor-element elementor-element-d5630da elementor-align-center elementor-mobile-align-center elementor-widget elementor-widget-button\" data-id=\"d5630da\" data-element_type=\"widget\" data-e-type=\"widget\" data-widget_type=\"button.default\">\n\t\t\t\t<div class=\"elementor-widget-container\">\n\t\t\t\t\t\t\t\t\t<div class=\"elementor-button-wrapper\">\n\t\t\t\t\t<a class=\"elementor-button elementor-button-link elementor-size-sm\" href=\"https:\/\/pharaohs-silver.com\/shop\/\">\n\t\t\t\t\t\t<span class=\"elementor-button-content-wrapper\">\n\t\t\t\t\t\t\t\t\t<span class=\"elementor-button-text\">Jetzt einkaufen<\/span>\n\t\t\t\t\t<\/span>\n\t\t\t\t\t<\/a>\n\t\t\t\t<\/div>\n\t\t\t\t\t\t\t\t<\/div>\n\t\t\t\t<\/div>\n\t\t\t\t<div class=\"elementor-element elementor-element-31f3a2e elementor-widget elementor-widget-spacer\" data-id=\"31f3a2e\" data-element_type=\"widget\" data-e-type=\"widget\" data-widget_type=\"spacer.default\">\n\t\t\t\t<div class=\"elementor-widget-container\">\n\t\t\t\t\t\t\t<div class=\"elementor-spacer\">\n\t\t\t<div class=\"elementor-spacer-inner\"><\/div>\n\t\t<\/div>\n\t\t\t\t\t\t<\/div>\n\t\t\t\t<\/div>\n\t\t\t\t\t<\/div>\n\t\t\t\t<\/div>\n\t\t\t\t<\/div>\n\t\t","protected":false},"excerpt":{"rendered":"<p>Unsere Geschichte Willkommen bei Pharaohs Silver, wo Leidenschaft und Kreativit\u00e4t verschmelzen, um exquisiten handgefertigten Silberschmuck und fesselnde Gem\u00e4lde zu kreieren. Inspiriert durch das reiche Erbe \u00c4gyptens, wir verk\u00f6rpern unsere St\u00fccke eine harmonische Mischung aus antikem Charme und moderner Eleganz.. Allow us to share our story with you. Das Herzst\u00fcck unserer k\u00fcnstlerischen Reise ist eine tiefe [&hellip;]<\/p>\n","protected":false},"author":2,"featured_media":0,"parent":0,"menu_order":0,"comment_status":"closed","ping_status":"closed","template":"elementor_header_footer","meta":{"_acf_changed":false,"footnotes":""},"class_list":["post-9190","page","type-page","status-publish","hentry"],"blocksy_meta":[],"acf":[],"jetpack_sharing_enabled":true,"_links":{"self":[{"href":"https:\/\/pharaohs-silver.com\/de\/wp-json\/wp\/v2\/pages\/9190","targetHints":{"allow":["GET"]}}],"collection":[{"href":"https:\/\/pharaohs-silver.com\/de\/wp-json\/wp\/v2\/pages"}],"about":[{"href":"https:\/\/pharaohs-silver.com\/de\/wp-json\/wp\/v2\/types\/page"}],"author":[{"embeddable":true,"href":"https:\/\/pharaohs-silver.com\/de\/wp-json\/wp\/v2\/users\/2"}],"replies":[{"embeddable":true,"href":"https:\/\/pharaohs-silver.com\/de\/wp-json\/wp\/v2\/comments?post=9190"}],"version-history":[{"count":0,"href":"https:\/\/pharaohs-silver.com\/de\/wp-json\/wp\/v2\/pages\/9190\/revisions"}],"wp:attachment":[{"href":"https:\/\/pharaohs-silver.com\/de\/wp-json\/wp\/v2\/media?parent=9190"}],"curies":[{"name":"wp","href":"https:\/\/api.w.org\/{rel}","templated":true}]}}