{"id":11166,"date":"2024-09-22T14:20:30","date_gmt":"2024-09-22T12:20:30","guid":{"rendered":"https:\/\/pharaohs-silver.com\/product\/fluegel-der-koenigin-silberne-halskette\/"},"modified":"2024-09-22T14:20:30","modified_gmt":"2024-09-22T12:20:30","slug":"fluegel-der-koenigin-silberne-halskette","status":"publish","type":"product","link":"https:\/\/pharaohs-silver.com\/de\/produkt\/fluegel-der-koenigin-silberne-halskette\/","title":{"rendered":"Fl\u00fcgel der K\u00f6nigin Silberne Halskette"},"content":{"rendered":"<p>Lass dich von der Anziehungskraft des alten \u00c4gyptens mit unserem exklusiven Die Fl\u00fcgel der K\u00f6nigin verzaubern. Dieses handgefertigte Erbst\u00fcck aus kostbarem Sterlingsilber verbindet zeitlose Symbolik mit moderner Eleganz. Lass diesen einzigartigen Schatz zu deinem unverwechselbaren Accessoire werden, das mit jedem Tragen eine Geschichte der Wiedergeburt, der Verwandlung und des Gl\u00fccks erz\u00e4hlt.  <\/p>\n<p>Stell dir vor, du betrittst einen Raum und alle Augen sind auf das faszinierende Die Fl\u00fcgel der K\u00f6nigin gerichtet, das anmutig auf deinem Schl\u00fcsselbein ruht. Unser Die Fl\u00fcgel der K\u00f6nigin ist nicht einfach nur ein Schmuckst\u00fcck, sondern ein Gespr\u00e4chsanlass, ein St\u00fcck Geschichte und ein Spiegelbild deines einzigartigen Geistes. <\/p>\n","protected":false},"excerpt":{"rendered":"<p>Der Skarab\u00e4us, der von den alten \u00c4gyptern als Symbol der Wiedergeburt verehrt wurde, hat weite, ausgebreitete Fl\u00fcgel, die mit karneolfarbigen Steinen besetzt sind.<\/p>\n<p>Dieses Meisterwerk in Erbst\u00fcckqualit\u00e4t ist aus wertvollem 925er Sterlingsilber handgefertigt.<\/p>\n","protected":false},"featured_media":10399,"comment_status":"open","ping_status":"closed","template":"","meta":{"_acf_changed":false},"product_brand":[],"product_cat":[57,52],"product_tag":[170,104,134,143,56],"class_list":{"0":"post-11166","1":"product","2":"type-product","3":"status-publish","4":"has-post-thumbnail","6":"product_cat-halskette","7":"product_cat-schmuck","8":"product_tag-angie-salama-de","9":"product_tag-frauen","10":"product_tag-handgemacht","11":"product_tag-pharaonisch","12":"product_tag-silber","14":"first","15":"instock","16":"taxable","17":"shipping-taxable","18":"purchasable","19":"product-type-simple"},"acf":{"prdkt_w_g":73,"prdkt_cpg":1.82,"prdkt_img_raw":""},"jetpack_sharing_enabled":true,"_links":{"self":[{"href":"https:\/\/pharaohs-silver.com\/de\/wp-json\/wp\/v2\/product\/11166","targetHints":{"allow":["GET"]}}],"collection":[{"href":"https:\/\/pharaohs-silver.com\/de\/wp-json\/wp\/v2\/product"}],"about":[{"href":"https:\/\/pharaohs-silver.com\/de\/wp-json\/wp\/v2\/types\/product"}],"replies":[{"embeddable":true,"href":"https:\/\/pharaohs-silver.com\/de\/wp-json\/wp\/v2\/comments?post=11166"}],"version-history":[{"count":0,"href":"https:\/\/pharaohs-silver.com\/de\/wp-json\/wp\/v2\/product\/11166\/revisions"}],"wp:featuredmedia":[{"embeddable":true,"href":"https:\/\/pharaohs-silver.com\/de\/wp-json\/wp\/v2\/media\/10399"}],"wp:attachment":[{"href":"https:\/\/pharaohs-silver.com\/de\/wp-json\/wp\/v2\/media?parent=11166"}],"wp:term":[{"taxonomy":"product_brand","embeddable":true,"href":"https:\/\/pharaohs-silver.com\/de\/wp-json\/wp\/v2\/product_brand?post=11166"},{"taxonomy":"product_cat","embeddable":true,"href":"https:\/\/pharaohs-silver.com\/de\/wp-json\/wp\/v2\/product_cat?post=11166"},{"taxonomy":"product_tag","embeddable":true,"href":"https:\/\/pharaohs-silver.com\/de\/wp-json\/wp\/v2\/product_tag?post=11166"}],"curies":[{"name":"wp","href":"https:\/\/api.w.org\/{rel}","templated":true}]}}