{"id":11180,"date":"2024-09-22T14:20:38","date_gmt":"2024-09-22T12:20:38","guid":{"rendered":"https:\/\/pharaohs-silver.com\/product\/aegyptisches-revival-skarabaeus-silber-halskette\/"},"modified":"2024-09-22T14:20:38","modified_gmt":"2024-09-22T12:20:38","slug":"aegyptisches-revival-skarabaeus-silber-halskette","status":"publish","type":"product","link":"https:\/\/pharaohs-silver.com\/de\/produkt\/aegyptisches-revival-skarabaeus-silber-halskette\/","title":{"rendered":"\u00c4gyptisches Revival Skarab\u00e4us Silber Halskette"},"content":{"rendered":"<p>Erlebe die Faszination des alten \u00c4gyptens mit unserem exklusiven  <span style=\"font-weight: 400;\">\u00c4gyptische Wiedergeburt Skarab\u00e4us<\/span>. This heirloom-quality masterpiece, handcrafted in precious 925 sterling silver, combines timeless symbolism with modern elegance. Let this unique treasure become your signature accessory, telling a story of protection, rebirth, and transformation with every wear.  <\/p>\n<p>Stell dir vor, du betrittst einen Raum und alle Blicke sind auf das exquisite \u00c4gyptische Wiedergeburt Skarab\u00e4us gerichtet, das anmutig auf deinem Schl\u00fcsselbein ruht. Unser \u00c4gyptische Wiedergeburt Skarab\u00e4us ist nicht einfach nur ein Schmuckst\u00fcck, sondern ein Gespr\u00e4chsanlass, ein St\u00fcck alter Weisheit und ein Spiegelbild deines einzigartigen Geistes. <\/p>\n","protected":false},"excerpt":{"rendered":"<p>Der gefl\u00fcgelte Skarab\u00e4us, der in der alt\u00e4gyptischen Kultur als Symbol f\u00fcr Schutz und Wiedergeburt verehrt wurde. Geschm\u00fcckt mit lebhaften Lapislazuli, Karneol und t\u00fcrkisfarbenen Steinen und Einlagen. <\/p>\n<p>Das Auge des Horus wacht \u00fcber dich und bietet dir Heilung und Schutz, \u00fcber dem Auge ist die Sonnenscheibe zu sehen. Flankierende Kobras stehen Wache. Darunter baumeln zarte Lotosblumen.  <\/p>\n<p>Dieses Meisterwerk in Erbst\u00fcckqualit\u00e4t ist aus wertvollem 925er Sterlingsilber handgefertigt.<\/p>\n","protected":false},"featured_media":10413,"comment_status":"open","ping_status":"closed","template":"","meta":{"_acf_changed":false},"product_brand":[],"product_cat":[57,52],"product_tag":[170,104,134,143,56],"class_list":{"0":"post-11180","1":"product","2":"type-product","3":"status-publish","4":"has-post-thumbnail","6":"product_cat-halskette","7":"product_cat-schmuck","8":"product_tag-angie-salama-de","9":"product_tag-frauen","10":"product_tag-handgemacht","11":"product_tag-pharaonisch","12":"product_tag-silber","14":"first","15":"instock","16":"taxable","17":"shipping-taxable","18":"purchasable","19":"product-type-simple"},"acf":{"prdkt_w_g":102,"prdkt_cpg":1.82,"prdkt_img_raw":""},"jetpack_sharing_enabled":true,"_links":{"self":[{"href":"https:\/\/pharaohs-silver.com\/de\/wp-json\/wp\/v2\/product\/11180","targetHints":{"allow":["GET"]}}],"collection":[{"href":"https:\/\/pharaohs-silver.com\/de\/wp-json\/wp\/v2\/product"}],"about":[{"href":"https:\/\/pharaohs-silver.com\/de\/wp-json\/wp\/v2\/types\/product"}],"replies":[{"embeddable":true,"href":"https:\/\/pharaohs-silver.com\/de\/wp-json\/wp\/v2\/comments?post=11180"}],"version-history":[{"count":0,"href":"https:\/\/pharaohs-silver.com\/de\/wp-json\/wp\/v2\/product\/11180\/revisions"}],"wp:featuredmedia":[{"embeddable":true,"href":"https:\/\/pharaohs-silver.com\/de\/wp-json\/wp\/v2\/media\/10413"}],"wp:attachment":[{"href":"https:\/\/pharaohs-silver.com\/de\/wp-json\/wp\/v2\/media?parent=11180"}],"wp:term":[{"taxonomy":"product_brand","embeddable":true,"href":"https:\/\/pharaohs-silver.com\/de\/wp-json\/wp\/v2\/product_brand?post=11180"},{"taxonomy":"product_cat","embeddable":true,"href":"https:\/\/pharaohs-silver.com\/de\/wp-json\/wp\/v2\/product_cat?post=11180"},{"taxonomy":"product_tag","embeddable":true,"href":"https:\/\/pharaohs-silver.com\/de\/wp-json\/wp\/v2\/product_tag?post=11180"}],"curies":[{"name":"wp","href":"https:\/\/api.w.org\/{rel}","templated":true}]}}