{"id":11198,"date":"2024-09-22T14:20:47","date_gmt":"2024-09-22T12:20:47","guid":{"rendered":"https:\/\/pharaohs-silver.com\/product\/cairo-mystique-silber-halskette\/"},"modified":"2024-09-22T14:20:47","modified_gmt":"2024-09-22T12:20:47","slug":"cairo-mystique-silber-halskette","status":"publish","type":"product","link":"https:\/\/pharaohs-silver.com\/de\/produkt\/cairo-mystique-silber-halskette\/","title":{"rendered":"Cairo Mystique Silber Halskette"},"content":{"rendered":"<p>Lass dich vom Charme der alt\u00e4gyptischen Eleganz mit unserem exklusiven Das Geheimnis von Kairo verzaubern. Dieses handgefertigte Meisterwerk aus kostbarem 925er Sterlingsilber verbindet zeitlose Symbolik mit modernem Stil. Lass diesen einzigartigen Schatz zu deinem unverwechselbaren Accessoire werden und erz\u00e4hle mit jedem Tragen eine Geschichte \u00fcber Schutz und himmlische Sch\u00f6nheit.  <\/p>\n","protected":false},"excerpt":{"rendered":"<p>Sie besteht aus einer Reihe kreisf\u00f6rmiger Perlen mit Goldbeschichtung. Am Ende der einzigartigen Halskette baumelt eine Mondsichel mit Anh\u00e4ngern. Jede Perle steht f\u00fcr einen Himmelsk\u00f6rper und bildet einen Miniaturkosmos um deinen Hals.  <\/p>\n<p>Dieses Meisterwerk in Erbst\u00fcckqualit\u00e4t ist aus wertvollem 925er Sterlingsilber handgefertigt.<\/p>\n","protected":false},"featured_media":10421,"comment_status":"open","ping_status":"closed","template":"","meta":{"_acf_changed":false},"product_brand":[],"product_cat":[57,52],"product_tag":[170,104,134,143,56],"class_list":{"0":"post-11198","1":"product","2":"type-product","3":"status-publish","4":"has-post-thumbnail","6":"product_cat-halskette","7":"product_cat-schmuck","8":"product_tag-angie-salama-de","9":"product_tag-frauen","10":"product_tag-handgemacht","11":"product_tag-pharaonisch","12":"product_tag-silber","14":"first","15":"instock","16":"taxable","17":"shipping-taxable","18":"purchasable","19":"product-type-simple"},"acf":{"prdkt_w_g":54,"prdkt_cpg":1.82,"prdkt_img_raw":""},"jetpack_sharing_enabled":true,"_links":{"self":[{"href":"https:\/\/pharaohs-silver.com\/de\/wp-json\/wp\/v2\/product\/11198","targetHints":{"allow":["GET"]}}],"collection":[{"href":"https:\/\/pharaohs-silver.com\/de\/wp-json\/wp\/v2\/product"}],"about":[{"href":"https:\/\/pharaohs-silver.com\/de\/wp-json\/wp\/v2\/types\/product"}],"replies":[{"embeddable":true,"href":"https:\/\/pharaohs-silver.com\/de\/wp-json\/wp\/v2\/comments?post=11198"}],"version-history":[{"count":0,"href":"https:\/\/pharaohs-silver.com\/de\/wp-json\/wp\/v2\/product\/11198\/revisions"}],"wp:featuredmedia":[{"embeddable":true,"href":"https:\/\/pharaohs-silver.com\/de\/wp-json\/wp\/v2\/media\/10421"}],"wp:attachment":[{"href":"https:\/\/pharaohs-silver.com\/de\/wp-json\/wp\/v2\/media?parent=11198"}],"wp:term":[{"taxonomy":"product_brand","embeddable":true,"href":"https:\/\/pharaohs-silver.com\/de\/wp-json\/wp\/v2\/product_brand?post=11198"},{"taxonomy":"product_cat","embeddable":true,"href":"https:\/\/pharaohs-silver.com\/de\/wp-json\/wp\/v2\/product_cat?post=11198"},{"taxonomy":"product_tag","embeddable":true,"href":"https:\/\/pharaohs-silver.com\/de\/wp-json\/wp\/v2\/product_tag?post=11198"}],"curies":[{"name":"wp","href":"https:\/\/api.w.org\/{rel}","templated":true}]}}