{"id":11202,"date":"2024-09-22T14:21:00","date_gmt":"2024-09-22T12:21:00","guid":{"rendered":"https:\/\/pharaohs-silver.com\/product\/whispers-of-the-lost-tomb-silberhalskette\/"},"modified":"2024-09-22T14:21:00","modified_gmt":"2024-09-22T12:21:00","slug":"whispers-of-the-lost-tomb-silberhalskette","status":"publish","type":"product","link":"https:\/\/pharaohs-silver.com\/de\/produkt\/whispers-of-the-lost-tomb-silberhalskette\/","title":{"rendered":"Whisper&#8217;s of the Lost Tomb Silberhalskette"},"content":{"rendered":"<p>Lass dich vom Zauber der alt\u00e4gyptischen Mystik mit unserem exklusiven Das Fl\u00fcstern des verlorenen Grabes verzaubern. Dieses handgefertigte Meisterwerk aus kostbarem 925er Sterlingsilber verbindet zeitlose Symbolik mit moderner Eleganz. Lass diesen einzigartigen Schatz zu deinem unverwechselbaren Accessoire werden und erz\u00e4hle mit jedem Tragen eine Geschichte \u00fcber verborgenes Wissen, g\u00f6ttliche Verbindung und den ewigen Fluss des Lebens.  <\/p>\n<p>Stell dir vor, du betrittst einen Raum und alle Augen sind auf die r\u00e4tselhaften Hieroglyphen gerichtet, die deinen Hals schm\u00fccken. Unser Das Fl\u00fcstern des verlorenen Grabes ist nicht einfach nur ein Schmuckst\u00fcck, sondern ein Gespr\u00e4chsanlass, ein St\u00fcck alter Weisheit und ein Spiegelbild deines anspruchsvollen, geheimnisvollen Geistes. <\/p>\n","protected":false},"excerpt":{"rendered":"<p>Das markante Hieroglyphenmuster des [acf field=\"product_content_name\"], das mit akribischer Detailarbeit in Sterlingsilber ge\u00e4tzt wurde. Jedes Symbol tr\u00e4gt das Gewicht von Jahrtausenden in sich. <\/p>\n<p>Dieses Meisterwerk in Erbst\u00fcckqualit\u00e4t ist aus wertvollem 925er Sterlingsilber handgefertigt.<\/p>\n","protected":false},"featured_media":10437,"comment_status":"open","ping_status":"closed","template":"","meta":{"_acf_changed":false},"product_brand":[],"product_cat":[57,52],"product_tag":[170,104,134,143,56],"class_list":{"0":"post-11202","1":"product","2":"type-product","3":"status-publish","4":"has-post-thumbnail","6":"product_cat-halskette","7":"product_cat-schmuck","8":"product_tag-angie-salama-de","9":"product_tag-frauen","10":"product_tag-handgemacht","11":"product_tag-pharaonisch","12":"product_tag-silber","14":"first","15":"instock","16":"taxable","17":"shipping-taxable","18":"purchasable","19":"product-type-simple"},"acf":{"prdkt_w_g":69,"prdkt_cpg":1.82,"prdkt_img_raw":""},"jetpack_sharing_enabled":true,"_links":{"self":[{"href":"https:\/\/pharaohs-silver.com\/de\/wp-json\/wp\/v2\/product\/11202","targetHints":{"allow":["GET"]}}],"collection":[{"href":"https:\/\/pharaohs-silver.com\/de\/wp-json\/wp\/v2\/product"}],"about":[{"href":"https:\/\/pharaohs-silver.com\/de\/wp-json\/wp\/v2\/types\/product"}],"replies":[{"embeddable":true,"href":"https:\/\/pharaohs-silver.com\/de\/wp-json\/wp\/v2\/comments?post=11202"}],"version-history":[{"count":0,"href":"https:\/\/pharaohs-silver.com\/de\/wp-json\/wp\/v2\/product\/11202\/revisions"}],"wp:featuredmedia":[{"embeddable":true,"href":"https:\/\/pharaohs-silver.com\/de\/wp-json\/wp\/v2\/media\/10437"}],"wp:attachment":[{"href":"https:\/\/pharaohs-silver.com\/de\/wp-json\/wp\/v2\/media?parent=11202"}],"wp:term":[{"taxonomy":"product_brand","embeddable":true,"href":"https:\/\/pharaohs-silver.com\/de\/wp-json\/wp\/v2\/product_brand?post=11202"},{"taxonomy":"product_cat","embeddable":true,"href":"https:\/\/pharaohs-silver.com\/de\/wp-json\/wp\/v2\/product_cat?post=11202"},{"taxonomy":"product_tag","embeddable":true,"href":"https:\/\/pharaohs-silver.com\/de\/wp-json\/wp\/v2\/product_tag?post=11202"}],"curies":[{"name":"wp","href":"https:\/\/api.w.org\/{rel}","templated":true}]}}