{"id":11206,"date":"2024-09-22T14:21:16","date_gmt":"2024-09-22T12:21:16","guid":{"rendered":"https:\/\/pharaohs-silver.com\/product\/mystic-nile-jewels-silber-halskette\/"},"modified":"2024-09-22T14:21:16","modified_gmt":"2024-09-22T12:21:16","slug":"mystic-nile-jewels-silber-halskette","status":"publish","type":"product","link":"https:\/\/pharaohs-silver.com\/de\/produkt\/mystic-nile-jewels-silber-halskette\/","title":{"rendered":"Mystic Nile Jewels Silber Halskette"},"content":{"rendered":"<p>Lass dich vom Charme der alt\u00e4gyptischen Eleganz verzaubern mit unserem exklusiven Mystische Niljuwelen. Dieses handgefertigte Meisterwerk aus kostbarem 925er Sterlingsilber verbindet zeitlose Symbolik mit ethnischem Flair. Lass diesen einzigartigen Schatz zu deinem unverwechselbaren Accessoire werden und erz\u00e4hle mit jedem Tragen eine Geschichte von Schutz, Energie und g\u00f6ttlicher Verbindung.  <\/p>\n<p>Stell dir vor, du betrittst einen Raum und alle Augen richten sich auf die k\u00fchnen geometrischen Muster, die deinen Hals schm\u00fccken. Unser Mystische Niljuwelen ist nicht einfach nur ein Schmuckst\u00fcck, sondern ein Gespr\u00e4chsanlass, ein St\u00fcck antiker Kunst und ein Spiegelbild deines anspruchsvollen, abenteuerlustigen Geistes. <\/p>\n","protected":false},"excerpt":{"rendered":"<p>Die rechteckigen Elemente, die mit leuchtenden Karneolsteinen eingelegt sind, stehen im Mittelpunkt dieses auff\u00e4lligen St\u00fccks. Jeder Karneolstein wird mit dem Sonnengott Ra in Verbindung gebracht. <\/p>\n<p>Dieses Meisterwerk in Erbst\u00fcckqualit\u00e4t ist aus wertvollem 925er Sterlingsilber handgefertigt.<\/p>\n","protected":false},"featured_media":10445,"comment_status":"open","ping_status":"closed","template":"","meta":{"_acf_changed":false},"product_brand":[],"product_cat":[57,52],"product_tag":[170,104,134,143,56],"class_list":{"0":"post-11206","1":"product","2":"type-product","3":"status-publish","4":"has-post-thumbnail","6":"product_cat-halskette","7":"product_cat-schmuck","8":"product_tag-angie-salama-de","9":"product_tag-frauen","10":"product_tag-handgemacht","11":"product_tag-pharaonisch","12":"product_tag-silber","14":"first","15":"instock","16":"taxable","17":"shipping-taxable","18":"purchasable","19":"product-type-simple"},"acf":{"prdkt_w_g":91,"prdkt_cpg":1.82,"prdkt_img_raw":""},"jetpack_sharing_enabled":true,"_links":{"self":[{"href":"https:\/\/pharaohs-silver.com\/de\/wp-json\/wp\/v2\/product\/11206","targetHints":{"allow":["GET"]}}],"collection":[{"href":"https:\/\/pharaohs-silver.com\/de\/wp-json\/wp\/v2\/product"}],"about":[{"href":"https:\/\/pharaohs-silver.com\/de\/wp-json\/wp\/v2\/types\/product"}],"replies":[{"embeddable":true,"href":"https:\/\/pharaohs-silver.com\/de\/wp-json\/wp\/v2\/comments?post=11206"}],"version-history":[{"count":0,"href":"https:\/\/pharaohs-silver.com\/de\/wp-json\/wp\/v2\/product\/11206\/revisions"}],"wp:featuredmedia":[{"embeddable":true,"href":"https:\/\/pharaohs-silver.com\/de\/wp-json\/wp\/v2\/media\/10445"}],"wp:attachment":[{"href":"https:\/\/pharaohs-silver.com\/de\/wp-json\/wp\/v2\/media?parent=11206"}],"wp:term":[{"taxonomy":"product_brand","embeddable":true,"href":"https:\/\/pharaohs-silver.com\/de\/wp-json\/wp\/v2\/product_brand?post=11206"},{"taxonomy":"product_cat","embeddable":true,"href":"https:\/\/pharaohs-silver.com\/de\/wp-json\/wp\/v2\/product_cat?post=11206"},{"taxonomy":"product_tag","embeddable":true,"href":"https:\/\/pharaohs-silver.com\/de\/wp-json\/wp\/v2\/product_tag?post=11206"}],"curies":[{"name":"wp","href":"https:\/\/api.w.org\/{rel}","templated":true}]}}