{"id":11211,"date":"2024-09-22T14:21:21","date_gmt":"2024-09-22T12:21:21","guid":{"rendered":"https:\/\/pharaohs-silver.com\/product\/mystic-nile-jewels-silber-halskette-2\/"},"modified":"2024-09-22T14:21:21","modified_gmt":"2024-09-22T12:21:21","slug":"mystic-nile-jewels-silber-halskette-2","status":"publish","type":"product","link":"https:\/\/pharaohs-silver.com\/de\/produkt\/mystic-nile-jewels-silber-halskette-2\/","title":{"rendered":"Mystic Nile Jewels Silber Halskette"},"content":{"rendered":"<p>Lass dich vom Charme der alt\u00e4gyptischen Eleganz verzaubern mit unserem exklusiven Mystische Niljuwelen. Dieses handgefertigte Meisterwerk aus kostbarem 925er Sterlingsilber verbindet zeitlose Symbolik mit K\u00fcstencharme. Lass diesen einzigartigen Schatz zu deinem unverwechselbaren Accessoire werden und erz\u00e4hle mit jedem Tragen eine Geschichte von g\u00f6ttlicher Verbundenheit, nat\u00fcrlicher Sch\u00f6nheit und mystischer Anziehungskraft.  <\/p>\n<p>Stell dir vor, du betrittst einen Raum und alle Blicke sind auf die k\u00fchnen geometrischen Muster gerichtet, die deinen Hals schm\u00fccken und in denen die Muscheln gl\u00e4nzen. Unser Mystische Niljuwelen ist nicht einfach nur ein Schmuckst\u00fcck, sondern ein Gespr\u00e4chsanlass, ein St\u00fcck antiker Kunst und ein Spiegelbild deines kultivierten, meerbegeisterten Geistes. <\/p>\n","protected":false},"excerpt":{"rendered":"<p>Die rechteckigen Elemente, die mit leuchtend wei\u00dfen Muscheln eingelegt sind, stehen im Mittelpunkt dieses k\u00fchnen und auff\u00e4lligen St\u00fccks. Es verbindet zeitlose Symbolik mit k\u00fcstennahem Charme. <\/p>\n<p>Dieses Meisterwerk in Erbst\u00fcckqualit\u00e4t ist aus wertvollem 925er Sterlingsilber handgefertigt.<\/p>\n","protected":false},"featured_media":10447,"comment_status":"open","ping_status":"closed","template":"","meta":{"_acf_changed":false},"product_brand":[],"product_cat":[57,52],"product_tag":[170,104,134,143,56],"class_list":{"0":"post-11211","1":"product","2":"type-product","3":"status-publish","4":"has-post-thumbnail","6":"product_cat-halskette","7":"product_cat-schmuck","8":"product_tag-angie-salama-de","9":"product_tag-frauen","10":"product_tag-handgemacht","11":"product_tag-pharaonisch","12":"product_tag-silber","14":"first","15":"instock","16":"taxable","17":"shipping-taxable","18":"purchasable","19":"product-type-simple"},"acf":{"prdkt_w_g":91,"prdkt_cpg":1.82,"prdkt_img_raw":""},"jetpack_sharing_enabled":true,"_links":{"self":[{"href":"https:\/\/pharaohs-silver.com\/de\/wp-json\/wp\/v2\/product\/11211","targetHints":{"allow":["GET"]}}],"collection":[{"href":"https:\/\/pharaohs-silver.com\/de\/wp-json\/wp\/v2\/product"}],"about":[{"href":"https:\/\/pharaohs-silver.com\/de\/wp-json\/wp\/v2\/types\/product"}],"replies":[{"embeddable":true,"href":"https:\/\/pharaohs-silver.com\/de\/wp-json\/wp\/v2\/comments?post=11211"}],"version-history":[{"count":0,"href":"https:\/\/pharaohs-silver.com\/de\/wp-json\/wp\/v2\/product\/11211\/revisions"}],"wp:featuredmedia":[{"embeddable":true,"href":"https:\/\/pharaohs-silver.com\/de\/wp-json\/wp\/v2\/media\/10447"}],"wp:attachment":[{"href":"https:\/\/pharaohs-silver.com\/de\/wp-json\/wp\/v2\/media?parent=11211"}],"wp:term":[{"taxonomy":"product_brand","embeddable":true,"href":"https:\/\/pharaohs-silver.com\/de\/wp-json\/wp\/v2\/product_brand?post=11211"},{"taxonomy":"product_cat","embeddable":true,"href":"https:\/\/pharaohs-silver.com\/de\/wp-json\/wp\/v2\/product_cat?post=11211"},{"taxonomy":"product_tag","embeddable":true,"href":"https:\/\/pharaohs-silver.com\/de\/wp-json\/wp\/v2\/product_tag?post=11211"}],"curies":[{"name":"wp","href":"https:\/\/api.w.org\/{rel}","templated":true}]}}