{"id":11216,"date":"2024-09-22T14:21:11","date_gmt":"2024-09-22T12:21:11","guid":{"rendered":"https:\/\/pharaohs-silver.com\/product\/eternity-revival-silber-halskette\/"},"modified":"2024-09-22T14:21:11","modified_gmt":"2024-09-22T12:21:11","slug":"eternity-revival-silber-halskette","status":"publish","type":"product","link":"https:\/\/pharaohs-silver.com\/de\/produkt\/eternity-revival-silber-halskette\/","title":{"rendered":"Eternity Revival Silber Halskette"},"content":{"rendered":"<p>Erlebe die Faszination des alten \u00c4gyptens mit unserem exklusiven  <span style=\"font-weight: 400;\">Erweckung der Ewigkeit<\/span>. This heirloom-quality masterpiece, handcrafted in precious 925 sterling silver, combines timeless symbolism with modern elegance. Let this unique treasure become your signature accessory, telling a story of protection, rebirth, and transformation with every wear.  <\/p>\n<p>Stell dir vor, du betrittst einen Raum und alle Blicke sind auf das exquisite Erweckung der Ewigkeit gerichtet, das anmutig auf deinem Schl\u00fcsselbein ruht. Unser Erweckung der Ewigkeit ist nicht einfach nur ein Schmuckst\u00fcck, sondern ein Gespr\u00e4chsanlass, ein St\u00fcck alter Weisheit und ein Spiegelbild deines einzigartigen Geistes. <\/p>\n","protected":false},"excerpt":{"rendered":"<p>Der gefl\u00fcgelte Skarab\u00e4us, der in der alt\u00e4gyptischen Kultur als Symbol f\u00fcr Schutz und Wiedergeburt verehrt wird, steht im Mittelpunkt dieses exquisiten Designs. Er ist mit lebhaften Lapislazuli, Karneol und t\u00fcrkisfarbenen Steinen und Intarsien verziert. Flankierende Kobras stehen Wache, w\u00e4hrend darunter zarte Lotusblumen baumeln.  <\/p>\n<p>Dieses Meisterwerk in Erbst\u00fcckqualit\u00e4t ist aus wertvollem 925er Sterlingsilber handgefertigt.<\/p>\n","protected":false},"featured_media":10441,"comment_status":"open","ping_status":"closed","template":"","meta":{"_acf_changed":false},"product_brand":[],"product_cat":[57,52],"product_tag":[170,104,134,143,56],"class_list":{"0":"post-11216","1":"product","2":"type-product","3":"status-publish","4":"has-post-thumbnail","6":"product_cat-halskette","7":"product_cat-schmuck","8":"product_tag-angie-salama-de","9":"product_tag-frauen","10":"product_tag-handgemacht","11":"product_tag-pharaonisch","12":"product_tag-silber","14":"first","15":"instock","16":"taxable","17":"shipping-taxable","18":"purchasable","19":"product-type-simple"},"acf":{"prdkt_w_g":44.5,"prdkt_cpg":1.82,"prdkt_img_raw":""},"jetpack_sharing_enabled":true,"_links":{"self":[{"href":"https:\/\/pharaohs-silver.com\/de\/wp-json\/wp\/v2\/product\/11216","targetHints":{"allow":["GET"]}}],"collection":[{"href":"https:\/\/pharaohs-silver.com\/de\/wp-json\/wp\/v2\/product"}],"about":[{"href":"https:\/\/pharaohs-silver.com\/de\/wp-json\/wp\/v2\/types\/product"}],"replies":[{"embeddable":true,"href":"https:\/\/pharaohs-silver.com\/de\/wp-json\/wp\/v2\/comments?post=11216"}],"version-history":[{"count":0,"href":"https:\/\/pharaohs-silver.com\/de\/wp-json\/wp\/v2\/product\/11216\/revisions"}],"wp:featuredmedia":[{"embeddable":true,"href":"https:\/\/pharaohs-silver.com\/de\/wp-json\/wp\/v2\/media\/10441"}],"wp:attachment":[{"href":"https:\/\/pharaohs-silver.com\/de\/wp-json\/wp\/v2\/media?parent=11216"}],"wp:term":[{"taxonomy":"product_brand","embeddable":true,"href":"https:\/\/pharaohs-silver.com\/de\/wp-json\/wp\/v2\/product_brand?post=11216"},{"taxonomy":"product_cat","embeddable":true,"href":"https:\/\/pharaohs-silver.com\/de\/wp-json\/wp\/v2\/product_cat?post=11216"},{"taxonomy":"product_tag","embeddable":true,"href":"https:\/\/pharaohs-silver.com\/de\/wp-json\/wp\/v2\/product_tag?post=11216"}],"curies":[{"name":"wp","href":"https:\/\/api.w.org\/{rel}","templated":true}]}}