{"id":11221,"date":"2024-09-22T14:21:30","date_gmt":"2024-09-22T12:21:30","guid":{"rendered":"https:\/\/pharaohs-silver.com\/product\/sekhmets-grace-silber-halskette-2\/"},"modified":"2024-09-22T14:21:30","modified_gmt":"2024-09-22T12:21:30","slug":"sekhmets-grace-silber-halskette-2","status":"publish","type":"product","link":"https:\/\/pharaohs-silver.com\/de\/produkt\/sekhmets-grace-silber-halskette-2\/","title":{"rendered":"Sekhmet&#8217;s Grace Silber Halskette"},"content":{"rendered":"<p>Umarme die Anziehungskraft der uralten Kraft mit unserem exklusiven Sekhmets Gnade. Lass diesen einzigartigen Schatz zu deinem unverwechselbaren Accessoire werden und erz\u00e4hle mit jedem Tragen eine Geschichte von Macht, Schutz und Dualit\u00e4t. <\/p>\n<p>Stell dir vor, du betrittst einen Raum und alle Blicke richten sich auf die k\u00fchnen, verschlungenen Dolche, die deinen Hals zieren. Unser Sekhmets Gnade ist nicht einfach nur ein Schmuckst\u00fcck, sondern ein Gespr\u00e4chsanlass, ein St\u00fcck uralter Macht und ein Spiegelbild deines wilden, facettenreichen Geistes. <\/p>\n","protected":false},"excerpt":{"rendered":"<p>Mit einem sich wiederholenden Motiv aus ummantelten Dolchen, wobei jeder verschlungene Dolch die duale Natur von Sekhmet darstellt. Die furchterregende G\u00f6ttin des Krieges und der Heilung. Es verbindet zeitlose Symbolik mit ethnischem Flair.  <\/p>\n<p>Dieses Meisterwerk in Erbst\u00fcckqualit\u00e4t ist aus wertvollem 925er Sterlingsilber handgefertigt.<\/p>\n","protected":false},"featured_media":10451,"comment_status":"open","ping_status":"closed","template":"","meta":{"_acf_changed":false},"product_brand":[],"product_cat":[57,52],"product_tag":[170,104,134,143,56],"class_list":{"0":"post-11221","1":"product","2":"type-product","3":"status-publish","4":"has-post-thumbnail","6":"product_cat-halskette","7":"product_cat-schmuck","8":"product_tag-angie-salama-de","9":"product_tag-frauen","10":"product_tag-handgemacht","11":"product_tag-pharaonisch","12":"product_tag-silber","14":"first","15":"instock","16":"taxable","17":"shipping-taxable","18":"purchasable","19":"product-type-simple"},"acf":{"prdkt_w_g":65,"prdkt_cpg":1.82,"prdkt_img_raw":""},"jetpack_sharing_enabled":true,"_links":{"self":[{"href":"https:\/\/pharaohs-silver.com\/de\/wp-json\/wp\/v2\/product\/11221","targetHints":{"allow":["GET"]}}],"collection":[{"href":"https:\/\/pharaohs-silver.com\/de\/wp-json\/wp\/v2\/product"}],"about":[{"href":"https:\/\/pharaohs-silver.com\/de\/wp-json\/wp\/v2\/types\/product"}],"replies":[{"embeddable":true,"href":"https:\/\/pharaohs-silver.com\/de\/wp-json\/wp\/v2\/comments?post=11221"}],"version-history":[{"count":0,"href":"https:\/\/pharaohs-silver.com\/de\/wp-json\/wp\/v2\/product\/11221\/revisions"}],"wp:featuredmedia":[{"embeddable":true,"href":"https:\/\/pharaohs-silver.com\/de\/wp-json\/wp\/v2\/media\/10451"}],"wp:attachment":[{"href":"https:\/\/pharaohs-silver.com\/de\/wp-json\/wp\/v2\/media?parent=11221"}],"wp:term":[{"taxonomy":"product_brand","embeddable":true,"href":"https:\/\/pharaohs-silver.com\/de\/wp-json\/wp\/v2\/product_brand?post=11221"},{"taxonomy":"product_cat","embeddable":true,"href":"https:\/\/pharaohs-silver.com\/de\/wp-json\/wp\/v2\/product_cat?post=11221"},{"taxonomy":"product_tag","embeddable":true,"href":"https:\/\/pharaohs-silver.com\/de\/wp-json\/wp\/v2\/product_tag?post=11221"}],"curies":[{"name":"wp","href":"https:\/\/api.w.org\/{rel}","templated":true}]}}