{"id":11227,"date":"2024-09-22T14:21:34","date_gmt":"2024-09-22T12:21:34","guid":{"rendered":"https:\/\/pharaohs-silver.com\/product\/pyramids-whisper-silber-halskette\/"},"modified":"2024-09-22T14:21:34","modified_gmt":"2024-09-22T12:21:34","slug":"pyramids-whisper-silber-halskette","status":"publish","type":"product","link":"https:\/\/pharaohs-silver.com\/de\/produkt\/pyramids-whisper-silber-halskette\/","title":{"rendered":"Pyramid&#8217;s Whisper Silber Halskette"},"content":{"rendered":"<p>Umarme den Reiz antiker Opulenz mit unserem exklusiven Das Fl\u00fcstern der Pyramide. Dieses handgefertigte Meisterwerk aus wertvollem 925er Sterlingsilber verbindet zeitlose Symbolik mit b\u00f6hmischem Flair. Lass diesen einzigartigen Schatz zu deinem unverwechselbaren Accessoire werden und erz\u00e4hle mit jedem Tragen eine Geschichte von Schutz, g\u00f6ttlicher Verbindung und Wohlstand.  <\/p>\n","protected":false},"excerpt":{"rendered":"<h3><span style=\"font-weight: 400;\">Kanalisiere deine innere K\u00f6nigin mit der  [acf field=\"product_content_name\"]<\/span><\/h3>\n<p>Stell dir vor, du betrittst einen Raum und alle Augen sind auf die t\u00fcrkisfarbenen Tr\u00e4nen gerichtet, die deinen Hals zieren. Unser [acf field=\"product_content_name\"] ist nicht einfach nur ein Schmuckst\u00fcck, sondern ein Gespr\u00e4chsanlass, ein St\u00fcck alte Weisheit und ein Spiegelbild deines k\u00fchnen, anspruchsvollen Geistes. <\/p>\n","protected":false},"featured_media":10455,"comment_status":"open","ping_status":"closed","template":"","meta":{"_acf_changed":false},"product_brand":[],"product_cat":[57,52],"product_tag":[170,104,134,143,56],"class_list":{"0":"post-11227","1":"product","2":"type-product","3":"status-publish","4":"has-post-thumbnail","6":"product_cat-halskette","7":"product_cat-schmuck","8":"product_tag-angie-salama-de","9":"product_tag-frauen","10":"product_tag-handgemacht","11":"product_tag-pharaonisch","12":"product_tag-silber","14":"first","15":"instock","16":"taxable","17":"shipping-taxable","18":"purchasable","19":"product-type-simple"},"acf":{"prdkt_w_g":100,"prdkt_cpg":1.82,"prdkt_img_raw":""},"jetpack_sharing_enabled":true,"_links":{"self":[{"href":"https:\/\/pharaohs-silver.com\/de\/wp-json\/wp\/v2\/product\/11227","targetHints":{"allow":["GET"]}}],"collection":[{"href":"https:\/\/pharaohs-silver.com\/de\/wp-json\/wp\/v2\/product"}],"about":[{"href":"https:\/\/pharaohs-silver.com\/de\/wp-json\/wp\/v2\/types\/product"}],"replies":[{"embeddable":true,"href":"https:\/\/pharaohs-silver.com\/de\/wp-json\/wp\/v2\/comments?post=11227"}],"version-history":[{"count":0,"href":"https:\/\/pharaohs-silver.com\/de\/wp-json\/wp\/v2\/product\/11227\/revisions"}],"wp:featuredmedia":[{"embeddable":true,"href":"https:\/\/pharaohs-silver.com\/de\/wp-json\/wp\/v2\/media\/10455"}],"wp:attachment":[{"href":"https:\/\/pharaohs-silver.com\/de\/wp-json\/wp\/v2\/media?parent=11227"}],"wp:term":[{"taxonomy":"product_brand","embeddable":true,"href":"https:\/\/pharaohs-silver.com\/de\/wp-json\/wp\/v2\/product_brand?post=11227"},{"taxonomy":"product_cat","embeddable":true,"href":"https:\/\/pharaohs-silver.com\/de\/wp-json\/wp\/v2\/product_cat?post=11227"},{"taxonomy":"product_tag","embeddable":true,"href":"https:\/\/pharaohs-silver.com\/de\/wp-json\/wp\/v2\/product_tag?post=11227"}],"curies":[{"name":"wp","href":"https:\/\/api.w.org\/{rel}","templated":true}]}}