{"id":11345,"date":"2023-11-19T17:36:37","date_gmt":"2023-11-19T16:36:37","guid":{"rendered":"https:\/\/pharaohs-silver.com\/product\/handmade-silver-lotus-flower-ring-flexible-size\/"},"modified":"2026-03-05T12:17:44","modified_gmt":"2026-03-05T11:17:44","slug":"handmade-silver-lotus-flower-ring-flexible-size","status":"publish","type":"product","link":"https:\/\/pharaohs-silver.com\/de\/produkt\/handmade-silver-lotus-flower-ring-flexible-size\/","title":{"rendered":"Handmade Silver Lotus Flower Ring &#8211; Flexible Size"},"content":{"rendered":"","protected":false},"excerpt":{"rendered":"<p data-sourcepos=\"7:1-7:261\">Bewundere die <strong>filigranen Details<\/strong> der [acf field=\"product_content_name\"], die den <strong>bl\u00fchenden Lotus<\/strong> mit feinen Linien und strukturierten Bl\u00fctenbl\u00e4ttern zeigt. Diese exquisiten Merkmale symbolisieren <strong>Wiedergeburt, Reinheit, Sch\u00f6nheit und Erleuchtung<\/strong> und erinnern an die alte \u00e4gyptische Tradition. <\/p>\n<p data-sourcepos=\"9:1-9:240\">Entdecke die <strong>zeitlose Sch\u00f6nheit<\/strong> dieses <strong>handgefertigten Meisterst\u00fccks aus Sterlingsilber<\/strong>, das mit einem zarten Wirbelmuster verziert ist. Dieser Schatz <strong>strahlt moderne Weiblichkeit aus<\/strong> und ist perfekt f\u00fcr alle, die etwas <strong>Einzigartiges<\/strong> suchen.<\/p>\n<p data-sourcepos=\"9:1-9:240\">Der silberne Lotusblumenring hat eine <strong>flexible Gr\u00f6\u00dfe<\/strong>, sodass er an fast jede Hand und jeden Finger passt.<\/p>\n","protected":false},"featured_media":5580,"comment_status":"open","ping_status":"closed","template":"","meta":{"_acf_changed":false},"product_brand":[],"product_cat":[105,52],"product_tag":[104,55,143,56],"class_list":{"0":"post-11345","1":"product","2":"type-product","3":"status-publish","4":"has-post-thumbnail","6":"product_cat-ringe","7":"product_cat-schmuck","8":"product_tag-frauen","9":"product_tag-handgefertigt","10":"product_tag-pharaonisch","11":"product_tag-silber","12":"pa_plating-18k-gold","13":"pa_plating-24k-gold","14":"pa_plating-no-plating","15":"pa_plating-rose-gold","17":"first","18":"instock","19":"featured","20":"taxable","21":"shipping-taxable","22":"purchasable","23":"product-type-variable","24":"has-default-attributes"},"acf":{"prdkt_w_g":2.85,"prdkt_cpg":1.35,"prdkt_img_raw":""},"jetpack_sharing_enabled":true,"_links":{"self":[{"href":"https:\/\/pharaohs-silver.com\/de\/wp-json\/wp\/v2\/product\/11345","targetHints":{"allow":["GET"]}}],"collection":[{"href":"https:\/\/pharaohs-silver.com\/de\/wp-json\/wp\/v2\/product"}],"about":[{"href":"https:\/\/pharaohs-silver.com\/de\/wp-json\/wp\/v2\/types\/product"}],"replies":[{"embeddable":true,"href":"https:\/\/pharaohs-silver.com\/de\/wp-json\/wp\/v2\/comments?post=11345"}],"version-history":[{"count":1,"href":"https:\/\/pharaohs-silver.com\/de\/wp-json\/wp\/v2\/product\/11345\/revisions"}],"predecessor-version":[{"id":13165,"href":"https:\/\/pharaohs-silver.com\/de\/wp-json\/wp\/v2\/product\/11345\/revisions\/13165"}],"wp:featuredmedia":[{"embeddable":true,"href":"https:\/\/pharaohs-silver.com\/de\/wp-json\/wp\/v2\/media\/5580"}],"wp:attachment":[{"href":"https:\/\/pharaohs-silver.com\/de\/wp-json\/wp\/v2\/media?parent=11345"}],"wp:term":[{"taxonomy":"product_brand","embeddable":true,"href":"https:\/\/pharaohs-silver.com\/de\/wp-json\/wp\/v2\/product_brand?post=11345"},{"taxonomy":"product_cat","embeddable":true,"href":"https:\/\/pharaohs-silver.com\/de\/wp-json\/wp\/v2\/product_cat?post=11345"},{"taxonomy":"product_tag","embeddable":true,"href":"https:\/\/pharaohs-silver.com\/de\/wp-json\/wp\/v2\/product_tag?post=11345"}],"curies":[{"name":"wp","href":"https:\/\/api.w.org\/{rel}","templated":true}]}}