{"id":11514,"date":"2023-11-12T22:30:11","date_gmt":"2023-11-12T21:30:11","guid":{"rendered":"https:\/\/pharaohs-silver.com\/product\/handgefertigte-markasit-ohrringe-aus-crecent\/"},"modified":"2024-11-29T16:17:56","modified_gmt":"2024-11-29T15:17:56","slug":"handgefertigte-markasit-ohrringe-aus-crecent","status":"publish","type":"product","link":"https:\/\/pharaohs-silver.com\/de\/produkt\/handgefertigte-markasit-ohrringe-aus-crecent\/","title":{"rendered":"Handgefertigte Markasit-Ohrringe aus Crecent"},"content":{"rendered":"<p>Markasit-Schmuck wird schon seit Jahrhunderten hergestellt und geht auf die alten Griechen zur\u00fcck.<br \/>\nIn der viktorianischen \u00c4ra im 18. Jahrhundert erlebte er einen Popularit\u00e4tsschub unter den Jugendstil-Schmuckdesignern.<br \/>\nAls das Tragen von Diamanten in der \u00d6ffentlichkeit im 18. Jahrhundert verboten wurde, wurde Markasit als Ersatz verwendet.<\/p>\n","protected":false},"excerpt":{"rendered":"<p data-sourcepos=\"7:1-7:276\">Diese atemberaubenden handgefertigten Markasit-Ohrringe sind die perfekte M\u00f6glichkeit, deinem Look einen Hauch von Eleganz zu verleihen.<br \/>\nDas zarte Funkeln der Markasitsteine wird alle Blicke auf sich ziehen, und der Stil ist sowohl f\u00fcr formelle als auch f\u00fcr legere Anl\u00e4sse geeignet <\/p>\n<p data-sourcepos=\"7:1-7:276\">Diese Ohrringe werden aus hochwertigem Sterlingsilber und Markasitsteinen von unseren geschickten Kunsthandwerkern hergestellt und sind au\u00dferdem hypoallergen, sodass du sicher sein kannst, dass sie deine empfindliche Haut nicht reizen werden.<br \/>\nAu\u00dferdem sind sie mit einem einzigartigen Pin-Clip ausgestattet, der sicher und bequem ist. <\/p>\n<p data-sourcepos=\"7:1-7:276\">Die Ohrringe sind wasser- und schwei\u00dffest.<br \/>\nDas bedeutet, dass du sie den ganzen Tag lang tragen kannst, egal was du tust, ohne dass du dir Sorgen machen musst, dass sie besch\u00e4digt werden. <\/p>\n<p data-sourcepos=\"11:1-11:196\">Egal, ob du dich f\u00fcr einen Abend schick machst oder einfach nur einen Hauch von Luxus in deine Alltagsgarderobe bringen willst, diese handgefertigten Markasit-Ohrringe sind die perfekte Wahl.<\/p>\n","protected":false},"featured_media":11522,"comment_status":"open","ping_status":"closed","template":"","meta":{"_acf_changed":false},"product_brand":[],"product_cat":[101,52],"product_tag":[104,55,102,56],"class_list":{"0":"post-11514","1":"product","2":"type-product","3":"status-publish","4":"has-post-thumbnail","6":"product_cat-ohrringe","7":"product_cat-schmuck","8":"product_tag-frauen","9":"product_tag-handgefertigt","10":"product_tag-marcasite-de","11":"product_tag-silber","13":"first","14":"instock","15":"taxable","16":"shipping-taxable","17":"purchasable","18":"product-type-simple"},"acf":{"prdkt_w_g":0,"prdkt_cpg":0,"prdkt_img_raw":""},"jetpack_sharing_enabled":true,"_links":{"self":[{"href":"https:\/\/pharaohs-silver.com\/de\/wp-json\/wp\/v2\/product\/11514","targetHints":{"allow":["GET"]}}],"collection":[{"href":"https:\/\/pharaohs-silver.com\/de\/wp-json\/wp\/v2\/product"}],"about":[{"href":"https:\/\/pharaohs-silver.com\/de\/wp-json\/wp\/v2\/types\/product"}],"replies":[{"embeddable":true,"href":"https:\/\/pharaohs-silver.com\/de\/wp-json\/wp\/v2\/comments?post=11514"}],"version-history":[{"count":0,"href":"https:\/\/pharaohs-silver.com\/de\/wp-json\/wp\/v2\/product\/11514\/revisions"}],"wp:featuredmedia":[{"embeddable":true,"href":"https:\/\/pharaohs-silver.com\/de\/wp-json\/wp\/v2\/media\/11522"}],"wp:attachment":[{"href":"https:\/\/pharaohs-silver.com\/de\/wp-json\/wp\/v2\/media?parent=11514"}],"wp:term":[{"taxonomy":"product_brand","embeddable":true,"href":"https:\/\/pharaohs-silver.com\/de\/wp-json\/wp\/v2\/product_brand?post=11514"},{"taxonomy":"product_cat","embeddable":true,"href":"https:\/\/pharaohs-silver.com\/de\/wp-json\/wp\/v2\/product_cat?post=11514"},{"taxonomy":"product_tag","embeddable":true,"href":"https:\/\/pharaohs-silver.com\/de\/wp-json\/wp\/v2\/product_tag?post=11514"}],"curies":[{"name":"wp","href":"https:\/\/api.w.org\/{rel}","templated":true}]}}