{"id":11519,"date":"2023-11-12T22:30:08","date_gmt":"2023-11-12T21:30:08","guid":{"rendered":"https:\/\/pharaohs-silver.com\/product\/die-rose-handgefertigte-silberohrringe\/"},"modified":"2024-11-29T16:18:42","modified_gmt":"2024-11-29T15:18:42","slug":"die-rose-handgefertigte-silberohrringe","status":"publish","type":"product","link":"https:\/\/pharaohs-silver.com\/de\/produkt\/die-rose-handgefertigte-silberohrringe\/","title":{"rendered":"Die Rose Handgefertigte Silberohrringe"},"content":{"rendered":"","protected":false},"excerpt":{"rendered":"<p data-sourcepos=\"7:1-7:276\">Diese atemberaubenden handgefertigten Silberohrringe sind die perfekte M\u00f6glichkeit, deinem Look einen Hauch von Eleganz zu verleihen.<br \/>\nDas zarte Funkeln des Silbers und das filigrane Design ziehen alle Blicke auf sich, und der Stil ist sowohl f\u00fcr formelle als auch f\u00fcr legere Anl\u00e4sse geeignet. <\/p>\n<p data-sourcepos=\"7:1-7:276\">Diese Ohrringe werden von unseren geschickten Handwerkern aus hochwertigem Sterlingsilber hergestellt und sind au\u00dferdem hypoallergen, damit du sicher sein kannst, dass sie deine empfindliche Haut nicht reizen.<br \/>\nAu\u00dferdem sind sie so leicht, dass sie sowohl sicher als auch bequem sind. <\/p>\n<p data-sourcepos=\"7:1-7:276\">Die Ohrringe sind wasser- und schwei\u00dffest. Das bedeutet, dass du sie den ganzen Tag lang tragen kannst, egal was du tust, ohne dass du dir Sorgen machen musst, dass sie besch\u00e4digt werden. <\/p>\n<p data-sourcepos=\"11:1-11:196\">Egal, ob du dich f\u00fcr einen Abend herausputzt oder einfach nur einen Hauch von Luxus in deine Alltagsgarderobe bringen willst, diese handgefertigten Silberohrringe sind die perfekte Wahl.<\/p>\n","protected":false},"featured_media":11539,"comment_status":"open","ping_status":"closed","template":"","meta":{"_acf_changed":false},"product_brand":[],"product_cat":[101,52],"product_tag":[104,55,56],"class_list":{"0":"post-11519","1":"product","2":"type-product","3":"status-publish","4":"has-post-thumbnail","6":"product_cat-ohrringe","7":"product_cat-schmuck","8":"product_tag-frauen","9":"product_tag-handgefertigt","10":"product_tag-silber","12":"first","13":"instock","14":"taxable","15":"shipping-taxable","16":"purchasable","17":"product-type-simple"},"acf":{"prdkt_w_g":0,"prdkt_cpg":0,"prdkt_img_raw":null},"jetpack_sharing_enabled":true,"_links":{"self":[{"href":"https:\/\/pharaohs-silver.com\/de\/wp-json\/wp\/v2\/product\/11519","targetHints":{"allow":["GET"]}}],"collection":[{"href":"https:\/\/pharaohs-silver.com\/de\/wp-json\/wp\/v2\/product"}],"about":[{"href":"https:\/\/pharaohs-silver.com\/de\/wp-json\/wp\/v2\/types\/product"}],"replies":[{"embeddable":true,"href":"https:\/\/pharaohs-silver.com\/de\/wp-json\/wp\/v2\/comments?post=11519"}],"version-history":[{"count":0,"href":"https:\/\/pharaohs-silver.com\/de\/wp-json\/wp\/v2\/product\/11519\/revisions"}],"wp:featuredmedia":[{"embeddable":true,"href":"https:\/\/pharaohs-silver.com\/de\/wp-json\/wp\/v2\/media\/11539"}],"wp:attachment":[{"href":"https:\/\/pharaohs-silver.com\/de\/wp-json\/wp\/v2\/media?parent=11519"}],"wp:term":[{"taxonomy":"product_brand","embeddable":true,"href":"https:\/\/pharaohs-silver.com\/de\/wp-json\/wp\/v2\/product_brand?post=11519"},{"taxonomy":"product_cat","embeddable":true,"href":"https:\/\/pharaohs-silver.com\/de\/wp-json\/wp\/v2\/product_cat?post=11519"},{"taxonomy":"product_tag","embeddable":true,"href":"https:\/\/pharaohs-silver.com\/de\/wp-json\/wp\/v2\/product_tag?post=11519"}],"curies":[{"name":"wp","href":"https:\/\/api.w.org\/{rel}","templated":true}]}}