{"id":11834,"date":"2023-12-02T16:35:58","date_gmt":"2023-12-02T15:35:58","guid":{"rendered":"https:\/\/pharaohs-silver.com\/product\/die-helix-sterling-silber-halskette\/"},"modified":"2025-05-26T15:06:44","modified_gmt":"2025-05-26T13:06:44","slug":"die-helix-sterling-silber-halskette","status":"publish","type":"product","link":"https:\/\/pharaohs-silver.com\/de\/produkt\/die-helix-sterling-silber-halskette\/","title":{"rendered":"Die Helix Sterling Silber Halskette"},"content":{"rendered":"<p data-sourcepos=\"5:1-5:50\"><strong>Nutze die dauerhafte Anziehungskraft von Sterling Silber<\/strong><\/p>\n<p data-sourcepos=\"7:1-7:105\">Diese Halskette ist aus feinstem Sterlingsilber gefertigt und besticht durch ihren Glanz, der die Zeit \u00fcberdauert. Ihre glatte, polierte Oberfl\u00e4che f\u00fchlt sich angenehm und beruhigend auf der Haut an. <\/p>\n<p data-sourcepos=\"17:1-17:26\"><strong>Warum<b>Frauen<\/b> Halsketten tragen<\/strong><\/p>\n<p data-sourcepos=\"19:1-19:311\">Neben ihrem \u00e4sthetischen Reiz k\u00f6nnen Halsketten auch eine tiefe pers\u00f6nliche Bedeutung haben. Sie dienen als visuelle Erinnerung an gesch\u00e4tzte Erinnerungen, dauerhafte Verpflichtungen und pers\u00f6nliche Erfolge. Ob es sich um ein Familienerbst\u00fcck oder ein Symbol f\u00fcr neu gefundene Harmonie handelt.  <\/p>\n<p data-sourcepos=\"25:1-25:42\"><strong>Ein Testament f\u00fcr handwerkliches Geschick<\/strong><\/p>\n<p data-sourcepos=\"27:1-27:261\">Balance ist nicht einfach nur ein Schmuckst\u00fcck, sondern ein Zeugnis der Kunstfertigkeit und Hingabe erfahrener Kunsthandwerker. Jede Facette, jede Kurve und jedes Detail wurde sorgf\u00e4ltig ausgearbeitet, um ein wirklich einzigartiges St\u00fcck zu schaffen, das zeitlose Eleganz ausstrahlt. <\/p>\n<p data-sourcepos=\"29:1-29:41\"><strong>Hypoallergener Komfort und Langlebigkeit<\/strong><\/p>\n<p data-sourcepos=\"31:1-31:217\">Aus hypoallergenem Sterlingsilber gefertigt, garantiert Balance au\u00dfergew\u00f6hnlichen Komfort und Langlebigkeit und ist damit ein idealer Begleiter f\u00fcr jede Gelegenheit. Dank seines schlanken, polierten Designs kannst du ihn mit Zuversicht tragen, denn du wei\u00dft, dass sein best\u00e4ndiger Glanz die Zeit \u00fcberdauern wird. <\/p>\n","protected":false},"excerpt":{"rendered":"<p data-sourcepos=\"37:1-37:12\"><strong>Vorteile auf einen Blick<\/strong><\/p>\n<ul data-sourcepos=\"39:1-44:0\">\n<li data-sourcepos=\"42:1-42:81\">L\u00e4uft nicht an und wird Generationen \u00fcberdauern<\/li>\n<li>Wasserdicht und schwei\u00dffest<\/li>\n<li data-sourcepos=\"42:1-42:81\">Hypoallergene und komfortable Halskette aus hochwertigem Sterlingsilber<\/li>\n<li>Erlebe die Langlebigkeit von hochwertigem Sterlingsilber<\/li>\n<li data-sourcepos=\"43:1-44:0\">Hinterlasse einen bleibenden Eindruck mit einem Geschenk, das luxuri\u00f6s und elegant ist<\/li>\n<li data-sourcepos=\"39:1-39:78\">Entfessle dein inneres Gleichgewicht mit den kraftvollen Eigenschaften von Sterlingsilber<\/li>\n<li data-sourcepos=\"40:1-40:59\">Umarme die reiche Geschichte und Symbolik von Frauenhalsketten<\/li>\n<li data-sourcepos=\"41:1-41:90\">Sp\u00fcre das Selbstvertrauen und die Selbstsicherheit, die sich einstellen, wenn du etwas Einzigartiges tr\u00e4gst<\/li>\n<\/ul>\n<p>Das Model tr\u00e4gt die L\u00e4nge 40 cm<\/p>\n","protected":false},"featured_media":5656,"comment_status":"open","ping_status":"closed","template":"","meta":{"_acf_changed":false},"product_brand":[],"product_cat":[57,190,52],"product_tag":[104,56],"class_list":{"0":"post-11834","1":"product","2":"type-product","3":"status-publish","4":"has-post-thumbnail","6":"product_cat-halskette","7":"product_cat-kette","8":"product_cat-schmuck","9":"product_tag-frauen","10":"product_tag-silber","12":"first","13":"instock","14":"taxable","15":"shipping-taxable","16":"purchasable","17":"product-type-simple"},"acf":{"prdkt_w_g":0,"prdkt_cpg":0,"prdkt_img_raw":""},"jetpack_sharing_enabled":true,"_links":{"self":[{"href":"https:\/\/pharaohs-silver.com\/de\/wp-json\/wp\/v2\/product\/11834","targetHints":{"allow":["GET"]}}],"collection":[{"href":"https:\/\/pharaohs-silver.com\/de\/wp-json\/wp\/v2\/product"}],"about":[{"href":"https:\/\/pharaohs-silver.com\/de\/wp-json\/wp\/v2\/types\/product"}],"replies":[{"embeddable":true,"href":"https:\/\/pharaohs-silver.com\/de\/wp-json\/wp\/v2\/comments?post=11834"}],"version-history":[{"count":0,"href":"https:\/\/pharaohs-silver.com\/de\/wp-json\/wp\/v2\/product\/11834\/revisions"}],"wp:featuredmedia":[{"embeddable":true,"href":"https:\/\/pharaohs-silver.com\/de\/wp-json\/wp\/v2\/media\/5656"}],"wp:attachment":[{"href":"https:\/\/pharaohs-silver.com\/de\/wp-json\/wp\/v2\/media?parent=11834"}],"wp:term":[{"taxonomy":"product_brand","embeddable":true,"href":"https:\/\/pharaohs-silver.com\/de\/wp-json\/wp\/v2\/product_brand?post=11834"},{"taxonomy":"product_cat","embeddable":true,"href":"https:\/\/pharaohs-silver.com\/de\/wp-json\/wp\/v2\/product_cat?post=11834"},{"taxonomy":"product_tag","embeddable":true,"href":"https:\/\/pharaohs-silver.com\/de\/wp-json\/wp\/v2\/product_tag?post=11834"}],"curies":[{"name":"wp","href":"https:\/\/api.w.org\/{rel}","templated":true}]}}