{"id":12217,"date":"2023-11-18T17:01:51","date_gmt":"2023-11-18T16:01:51","guid":{"rendered":"https:\/\/pharaohs-silver.com\/product\/handgefertigter-ankh-anhaenger-aus-silber\/"},"modified":"2026-03-22T20:56:24","modified_gmt":"2026-03-22T19:56:24","slug":"handgefertigter-ankh-anhaenger-aus-silber","status":"publish","type":"product","link":"https:\/\/pharaohs-silver.com\/de\/produkt\/handgefertigter-ankh-anhaenger-aus-silber\/","title":{"rendered":"Handgefertigter Ankh-Anh\u00e4nger aus Silber"},"content":{"rendered":"<p><strong>Das Ankh-Symbol<\/strong> wird wegen seiner historischen Verbindung zum alten \u00c4gypten und seiner universellen Darstellung von Leben, Wiedergeburt und g\u00f6ttlicher Energie verehrt. Dieser Anh\u00e4nger ist kultur\u00fcbergreifend und vermittelt eine positive und lebensbejahende Botschaft, die \u00fcber Zeit und Grenzen hinweg ankommt. <\/p>\n<p>Das Ankh ist ein tragbares St\u00fcck Geschichte, das dich dazu einl\u00e4dt, die Vitalit\u00e4t und die positiven Schwingungen, die mit diesem uralten Symbol verbunden sind, in dich aufzunehmen.<\/p>\n","protected":false},"excerpt":{"rendered":"<p>Das [acf field=\"product_content_name\"] ist aus 925er Sterlingsilber handgefertigt und zeigt das ber\u00fchmte Symbol des Ankh.<\/p>\n<p><strong>Perfektes Geschenk:<\/strong> Dieser Ankh-Anh\u00e4nger ist nicht nur ein Geschenk, sondern auch ein Symbol des Lebens und der positiven Energie. Er eignet sich ideal f\u00fcr Geburtstage, Feiern oder andere Anl\u00e4sse und ist ein durchdachtes Geschenk, das die Magie von handgefertigtem, symbolischem Schmuck verk\u00f6rpert. <\/p>\n","protected":false},"featured_media":11371,"comment_status":"open","ping_status":"closed","template":"","meta":{"_acf_changed":false},"product_brand":[],"product_cat":[54,53,52],"product_tag":[104,55,143,56],"class_list":{"0":"post-12217","1":"product","2":"type-product","3":"status-publish","4":"has-post-thumbnail","6":"product_cat-anhanger","7":"product_cat-ankh-de","8":"product_cat-schmuck","9":"product_tag-frauen","10":"product_tag-handgefertigt","11":"product_tag-pharaonisch","12":"product_tag-silber","13":"pa_plating-18k-gold","14":"pa_plating-24k-gold","15":"pa_plating-no-plating","16":"pa_plating-rose-gold","18":"first","19":"instock","20":"taxable","21":"shipping-taxable","22":"purchasable","23":"product-type-variable","24":"has-default-attributes"},"acf":{"prdkt_w_g":0,"prdkt_cpg":0,"prdkt_img_raw":""},"jetpack_sharing_enabled":true,"_links":{"self":[{"href":"https:\/\/pharaohs-silver.com\/de\/wp-json\/wp\/v2\/product\/12217","targetHints":{"allow":["GET"]}}],"collection":[{"href":"https:\/\/pharaohs-silver.com\/de\/wp-json\/wp\/v2\/product"}],"about":[{"href":"https:\/\/pharaohs-silver.com\/de\/wp-json\/wp\/v2\/types\/product"}],"replies":[{"embeddable":true,"href":"https:\/\/pharaohs-silver.com\/de\/wp-json\/wp\/v2\/comments?post=12217"}],"version-history":[{"count":1,"href":"https:\/\/pharaohs-silver.com\/de\/wp-json\/wp\/v2\/product\/12217\/revisions"}],"predecessor-version":[{"id":13155,"href":"https:\/\/pharaohs-silver.com\/de\/wp-json\/wp\/v2\/product\/12217\/revisions\/13155"}],"wp:featuredmedia":[{"embeddable":true,"href":"https:\/\/pharaohs-silver.com\/de\/wp-json\/wp\/v2\/media\/11371"}],"wp:attachment":[{"href":"https:\/\/pharaohs-silver.com\/de\/wp-json\/wp\/v2\/media?parent=12217"}],"wp:term":[{"taxonomy":"product_brand","embeddable":true,"href":"https:\/\/pharaohs-silver.com\/de\/wp-json\/wp\/v2\/product_brand?post=12217"},{"taxonomy":"product_cat","embeddable":true,"href":"https:\/\/pharaohs-silver.com\/de\/wp-json\/wp\/v2\/product_cat?post=12217"},{"taxonomy":"product_tag","embeddable":true,"href":"https:\/\/pharaohs-silver.com\/de\/wp-json\/wp\/v2\/product_tag?post=12217"}],"curies":[{"name":"wp","href":"https:\/\/api.w.org\/{rel}","templated":true}]}}