{"id":13156,"date":"2023-11-12T18:29:23","date_gmt":"2023-11-12T17:29:23","guid":{"rendered":"https:\/\/pharaohs-silver.com\/product\/augen-des-ra-horus-handgefertigte-silberohrringe\/"},"modified":"2026-03-05T12:00:08","modified_gmt":"2026-03-05T11:00:08","slug":"augen-des-ra-horus-handgefertigte-silberohrringe","status":"publish","type":"product","link":"https:\/\/pharaohs-silver.com\/de\/produkt\/augen-des-ra-horus-handgefertigte-silberohrringe\/","title":{"rendered":"Augen des Ra &amp; Horus Handgefertigte Silberohrringe"},"content":{"rendered":"<p data-sourcepos=\"33:1-33:197\">Die Ohrringe aus Sterlingsilber sind von hoher Qualit\u00e4t und zeigen das Auge des Ra und das Auge des Horus. Sie sind leicht und bequem zu tragen und werden jahrelang halten. <\/p>\n<p data-sourcepos=\"35:1-35:197\">Egal, ob du dich f\u00fcr einen besonderen Anlass herausputzt oder einfach nur <strong>einen Hauch von Luxus<\/strong> in deine Alltagsgarderobe bringen willst, diese silbernen Eye of Ra- und Eye of Horus-Ohrringe sind die perfekte Wahl.<\/p>\n","protected":false},"excerpt":{"rendered":"<p data-sourcepos=\"31:1-31:350\">Diese handgefertigten Silberohrringe mit dem Auge des Ra und dem Auge des Horus sind die perfekte M\u00f6glichkeit, deinem Look einen Hauch alt\u00e4gyptischer Macht und Raffinesse zu verleihen. Das Auge des Ra ist ein <strong>Symbol f\u00fcr Macht und St\u00e4rke<\/strong>, w\u00e4hrend das Auge des Horus ein Symbol f\u00fcr <strong>Schutz, <\/strong><strong>Heilung und Erneuerung<\/strong> ist. Zusammen ergeben diese beiden Symbole ein wirklich kraftvolles und <strong>einzigartiges Paar Ohrringe<\/strong>.  <\/p>\n<p data-sourcepos=\"35:1-35:197\">\n","protected":false},"featured_media":11062,"comment_status":"open","ping_status":"closed","template":"","meta":{"_acf_changed":false},"product_brand":[],"product_cat":[101,52],"product_tag":[104,55,143,56],"class_list":{"0":"post-13156","1":"product","2":"type-product","3":"status-publish","4":"has-post-thumbnail","6":"product_cat-ohrringe","7":"product_cat-schmuck","8":"product_tag-frauen","9":"product_tag-handgefertigt","10":"product_tag-pharaonisch","11":"product_tag-silber","12":"pa_plating-18k-gold","13":"pa_plating-24k-gold","14":"pa_plating-no-plating","15":"pa_plating-rose-gold","17":"first","18":"instock","19":"taxable","20":"shipping-taxable","21":"purchasable","22":"product-type-variable","23":"has-default-attributes"},"acf":{"prdkt_w_g":1.38,"prdkt_cpg":1.35,"prdkt_img_raw":""},"jetpack_sharing_enabled":true,"_links":{"self":[{"href":"https:\/\/pharaohs-silver.com\/de\/wp-json\/wp\/v2\/product\/13156","targetHints":{"allow":["GET"]}}],"collection":[{"href":"https:\/\/pharaohs-silver.com\/de\/wp-json\/wp\/v2\/product"}],"about":[{"href":"https:\/\/pharaohs-silver.com\/de\/wp-json\/wp\/v2\/types\/product"}],"replies":[{"embeddable":true,"href":"https:\/\/pharaohs-silver.com\/de\/wp-json\/wp\/v2\/comments?post=13156"}],"version-history":[{"count":0,"href":"https:\/\/pharaohs-silver.com\/de\/wp-json\/wp\/v2\/product\/13156\/revisions"}],"wp:featuredmedia":[{"embeddable":true,"href":"https:\/\/pharaohs-silver.com\/de\/wp-json\/wp\/v2\/media\/11062"}],"wp:attachment":[{"href":"https:\/\/pharaohs-silver.com\/de\/wp-json\/wp\/v2\/media?parent=13156"}],"wp:term":[{"taxonomy":"product_brand","embeddable":true,"href":"https:\/\/pharaohs-silver.com\/de\/wp-json\/wp\/v2\/product_brand?post=13156"},{"taxonomy":"product_cat","embeddable":true,"href":"https:\/\/pharaohs-silver.com\/de\/wp-json\/wp\/v2\/product_cat?post=13156"},{"taxonomy":"product_tag","embeddable":true,"href":"https:\/\/pharaohs-silver.com\/de\/wp-json\/wp\/v2\/product_tag?post=13156"}],"curies":[{"name":"wp","href":"https:\/\/api.w.org\/{rel}","templated":true}]}}