{"id":3938,"date":"2023-05-20T19:27:01","date_gmt":"2023-05-20T17:27:01","guid":{"rendered":"https:\/\/pharaohs-silver.com\/?post_type=product&#038;p=3938"},"modified":"2024-11-27T02:59:25","modified_gmt":"2024-11-27T01:59:25","slug":"der-goldene-konigsthron","status":"publish","type":"product","link":"https:\/\/pharaohs-silver.com\/de\/produkt\/der-goldene-konigsthron\/","title":{"rendered":"Der goldene K\u00f6nigsthron"},"content":{"rendered":"","protected":false},"excerpt":{"rendered":"<p><span style=\"font-weight: 400;\">K\u00f6nigin Ankhesenamun und Tutanchamun &#8211; dieses Gem\u00e4lde ist inspiriert von dem auf der R\u00fcckenlehne des Goldenen Throns von K\u00f6nig Tut. In einer f\u00fcr Amarna typischen Szene h\u00e4lt K\u00f6nigin Ankhesenamun einen Salbentopf und tr\u00e4gt duftendes \u00d6l auf den Kragen ihres Mannes auf, w\u00e4hrend die Sonnenscheibe Aten \u00fcber ihnen scheint. Eine der bekanntesten und pers\u00f6nlichsten Szenen der Kunstgeschichte ist auf diesem Bild zu sehen, auf dem der junge K\u00f6nig zu sitzen scheint und von seiner Frau Ankhesenamun mit einer Salbe beschenkt wird.  Die K\u00f6nigin tr\u00e4gt ein Diadem, w\u00e4hrend der K\u00f6nig eine zusammengesetzte Krone und einen breiten Kragen tr\u00e4gt.<\/span><\/p>\n","protected":false},"featured_media":3900,"comment_status":"open","ping_status":"closed","template":"","meta":{"_acf_changed":false},"product_brand":[],"product_cat":[74,88,73],"product_tag":[134,75],"class_list":{"0":"post-3938","1":"product","2":"type-product","3":"status-publish","4":"has-post-thumbnail","6":"product_cat-haus","7":"product_cat-hochformat","8":"product_cat-papayrus","9":"product_tag-handgemacht","10":"product_tag-papyrus-de","12":"first","13":"instock","14":"taxable","15":"shipping-taxable","16":"purchasable","17":"product-type-simple"},"acf":[],"jetpack_sharing_enabled":true,"_links":{"self":[{"href":"https:\/\/pharaohs-silver.com\/de\/wp-json\/wp\/v2\/product\/3938","targetHints":{"allow":["GET"]}}],"collection":[{"href":"https:\/\/pharaohs-silver.com\/de\/wp-json\/wp\/v2\/product"}],"about":[{"href":"https:\/\/pharaohs-silver.com\/de\/wp-json\/wp\/v2\/types\/product"}],"replies":[{"embeddable":true,"href":"https:\/\/pharaohs-silver.com\/de\/wp-json\/wp\/v2\/comments?post=3938"}],"version-history":[{"count":0,"href":"https:\/\/pharaohs-silver.com\/de\/wp-json\/wp\/v2\/product\/3938\/revisions"}],"wp:featuredmedia":[{"embeddable":true,"href":"https:\/\/pharaohs-silver.com\/de\/wp-json\/wp\/v2\/media\/3900"}],"wp:attachment":[{"href":"https:\/\/pharaohs-silver.com\/de\/wp-json\/wp\/v2\/media?parent=3938"}],"wp:term":[{"taxonomy":"product_brand","embeddable":true,"href":"https:\/\/pharaohs-silver.com\/de\/wp-json\/wp\/v2\/product_brand?post=3938"},{"taxonomy":"product_cat","embeddable":true,"href":"https:\/\/pharaohs-silver.com\/de\/wp-json\/wp\/v2\/product_cat?post=3938"},{"taxonomy":"product_tag","embeddable":true,"href":"https:\/\/pharaohs-silver.com\/de\/wp-json\/wp\/v2\/product_tag?post=3938"}],"curies":[{"name":"wp","href":"https:\/\/api.w.org\/{rel}","templated":true}]}}