{"id":3939,"date":"2023-05-20T19:26:59","date_gmt":"2023-05-20T17:26:59","guid":{"rendered":"https:\/\/pharaohs-silver.com\/?post_type=product&#038;p=3939"},"modified":"2025-01-26T21:25:19","modified_gmt":"2025-01-26T20:25:19","slug":"queen-nefertari-offering-to-godess-isis","status":"publish","type":"product","link":"https:\/\/pharaohs-silver.com\/de\/produkt\/queen-nefertari-offering-to-godess-isis\/","title":{"rendered":"K\u00f6nigin Nefertari opfert der G\u00f6ttin Isis"},"content":{"rendered":"","protected":false},"excerpt":{"rendered":"<p>K\u00f6nigin Nefertari opfert der G\u00f6ttin Isis. <span style=\"font-weight: 400;\">Dieses Gem\u00e4lde ist inspiriert von den Darstellungen an den W\u00e4nden des Grabes von Nefertari. Nefertari war die Ehefrau von Pharao Ramses II.<\/span><\/p>\n","protected":false},"featured_media":3890,"comment_status":"open","ping_status":"closed","template":"","meta":{"_acf_changed":false},"product_brand":[],"product_cat":[74,88,73],"product_tag":[134,75],"class_list":{"0":"post-3939","1":"product","2":"type-product","3":"status-publish","4":"has-post-thumbnail","6":"product_cat-haus","7":"product_cat-hochformat","8":"product_cat-papayrus","9":"product_tag-handgemacht","10":"product_tag-papyrus-de","12":"first","13":"instock","14":"taxable","15":"shipping-taxable","16":"purchasable","17":"product-type-simple"},"acf":[],"jetpack_sharing_enabled":true,"_links":{"self":[{"href":"https:\/\/pharaohs-silver.com\/de\/wp-json\/wp\/v2\/product\/3939","targetHints":{"allow":["GET"]}}],"collection":[{"href":"https:\/\/pharaohs-silver.com\/de\/wp-json\/wp\/v2\/product"}],"about":[{"href":"https:\/\/pharaohs-silver.com\/de\/wp-json\/wp\/v2\/types\/product"}],"replies":[{"embeddable":true,"href":"https:\/\/pharaohs-silver.com\/de\/wp-json\/wp\/v2\/comments?post=3939"}],"version-history":[{"count":0,"href":"https:\/\/pharaohs-silver.com\/de\/wp-json\/wp\/v2\/product\/3939\/revisions"}],"wp:featuredmedia":[{"embeddable":true,"href":"https:\/\/pharaohs-silver.com\/de\/wp-json\/wp\/v2\/media\/3890"}],"wp:attachment":[{"href":"https:\/\/pharaohs-silver.com\/de\/wp-json\/wp\/v2\/media?parent=3939"}],"wp:term":[{"taxonomy":"product_brand","embeddable":true,"href":"https:\/\/pharaohs-silver.com\/de\/wp-json\/wp\/v2\/product_brand?post=3939"},{"taxonomy":"product_cat","embeddable":true,"href":"https:\/\/pharaohs-silver.com\/de\/wp-json\/wp\/v2\/product_cat?post=3939"},{"taxonomy":"product_tag","embeddable":true,"href":"https:\/\/pharaohs-silver.com\/de\/wp-json\/wp\/v2\/product_tag?post=3939"}],"curies":[{"name":"wp","href":"https:\/\/api.w.org\/{rel}","templated":true}]}}