{"id":3941,"date":"2023-05-20T19:26:52","date_gmt":"2023-05-20T17:26:52","guid":{"rendered":"https:\/\/pharaohs-silver.com\/?post_type=product&#038;p=3941"},"modified":"2023-06-12T02:29:04","modified_gmt":"2023-06-12T00:29:04","slug":"geflugelte-maat-zu-ehren-von-hathor","status":"publish","type":"product","link":"https:\/\/pharaohs-silver.com\/de\/produkt\/geflugelte-maat-zu-ehren-von-hathor\/","title":{"rendered":"Gefl\u00fcgelte Maat zu Ehren von Hathor"},"content":{"rendered":"","protected":false},"excerpt":{"rendered":"<p><span style=\"font-weight: 400;\">Auf diesem Bild kniet die G\u00f6ttin Maat mit ausgebreiteten Fl\u00fcgeln und zollt der G\u00f6ttin Hathor, die auf einem Thron sitzt, Tribut. Maat, die G\u00f6ttin der Wahrheit und Gerechtigkeit, steht f\u00fcr die Harmonie und Ordnung, die der Sch\u00f6pfergott zu Beginn der Zeit geschaffen hat. Sie tr\u00e4gt eine Strau\u00dfenfeder als ihr Emblem. Die riesige Himmelsg\u00f6ttin Hathor wird manchmal als Kuh dargestellt und ist als ganzheitliche Mutterg\u00f6ttin bekannt. Hathor, die G\u00f6ttin der Freude und der Geburt, war der Inbegriff all dessen, was an Frauen bewundernswert ist. Dar\u00fcber hinaus wurde Hathor als G\u00f6ttin der Liebe, der Freude, der Unbeschwertheit, der Musik und des Tanzes verehrt. Sie wurde als Besch\u00fctzerin der Hebammen und der werdenden M\u00fctter verehrt.<\/span><\/p>\n","protected":false},"featured_media":3886,"comment_status":"open","ping_status":"closed","template":"","meta":{"_acf_changed":false},"product_brand":[],"product_cat":[74,73,87],"product_tag":[134,75],"class_list":{"0":"post-3941","1":"product","2":"type-product","3":"status-publish","4":"has-post-thumbnail","6":"product_cat-haus","7":"product_cat-papayrus","8":"product_cat-querformat","9":"product_tag-handgemacht","10":"product_tag-papyrus-de","12":"first","13":"outofstock","14":"taxable","15":"shipping-taxable","16":"purchasable","17":"product-type-simple"},"acf":[],"jetpack_sharing_enabled":true,"_links":{"self":[{"href":"https:\/\/pharaohs-silver.com\/de\/wp-json\/wp\/v2\/product\/3941","targetHints":{"allow":["GET"]}}],"collection":[{"href":"https:\/\/pharaohs-silver.com\/de\/wp-json\/wp\/v2\/product"}],"about":[{"href":"https:\/\/pharaohs-silver.com\/de\/wp-json\/wp\/v2\/types\/product"}],"replies":[{"embeddable":true,"href":"https:\/\/pharaohs-silver.com\/de\/wp-json\/wp\/v2\/comments?post=3941"}],"version-history":[{"count":0,"href":"https:\/\/pharaohs-silver.com\/de\/wp-json\/wp\/v2\/product\/3941\/revisions"}],"wp:featuredmedia":[{"embeddable":true,"href":"https:\/\/pharaohs-silver.com\/de\/wp-json\/wp\/v2\/media\/3886"}],"wp:attachment":[{"href":"https:\/\/pharaohs-silver.com\/de\/wp-json\/wp\/v2\/media?parent=3941"}],"wp:term":[{"taxonomy":"product_brand","embeddable":true,"href":"https:\/\/pharaohs-silver.com\/de\/wp-json\/wp\/v2\/product_brand?post=3941"},{"taxonomy":"product_cat","embeddable":true,"href":"https:\/\/pharaohs-silver.com\/de\/wp-json\/wp\/v2\/product_cat?post=3941"},{"taxonomy":"product_tag","embeddable":true,"href":"https:\/\/pharaohs-silver.com\/de\/wp-json\/wp\/v2\/product_tag?post=3941"}],"curies":[{"name":"wp","href":"https:\/\/api.w.org\/{rel}","templated":true}]}}