{"id":3942,"date":"2023-05-20T19:26:41","date_gmt":"2023-05-20T17:26:41","guid":{"rendered":"https:\/\/pharaohs-silver.com\/?post_type=product&#038;p=3942"},"modified":"2023-06-12T02:30:11","modified_gmt":"2023-06-12T00:30:11","slug":"horus-ramesses-osiris","status":"publish","type":"product","link":"https:\/\/pharaohs-silver.com\/de\/produkt\/horus-ramesses-osiris\/","title":{"rendered":"Horus, Ramesses &amp; Osiris"},"content":{"rendered":"","protected":false},"excerpt":{"rendered":"<p><span style=\"font-weight: 400;\">Dieses Gem\u00e4lde ist von den Zeichnungen auf dem Grab von Ramses I. im Tal der K\u00f6nige in \u00c4gypten inspiriert. Ramses I. wird von Horus in die Gegenwart von Osiris, dem Gott des Jenseits, am Tor gef\u00fchrt. <\/span><\/p>\n","protected":false},"featured_media":3882,"comment_status":"open","ping_status":"closed","template":"","meta":{"_acf_changed":false},"product_brand":[],"product_cat":[74,88,73],"product_tag":[134,75],"class_list":{"0":"post-3942","1":"product","2":"type-product","3":"status-publish","4":"has-post-thumbnail","6":"product_cat-haus","7":"product_cat-hochformat","8":"product_cat-papayrus","9":"product_tag-handgemacht","10":"product_tag-papyrus-de","12":"first","13":"instock","14":"taxable","15":"shipping-taxable","16":"purchasable","17":"product-type-simple"},"acf":[],"jetpack_sharing_enabled":true,"_links":{"self":[{"href":"https:\/\/pharaohs-silver.com\/de\/wp-json\/wp\/v2\/product\/3942","targetHints":{"allow":["GET"]}}],"collection":[{"href":"https:\/\/pharaohs-silver.com\/de\/wp-json\/wp\/v2\/product"}],"about":[{"href":"https:\/\/pharaohs-silver.com\/de\/wp-json\/wp\/v2\/types\/product"}],"replies":[{"embeddable":true,"href":"https:\/\/pharaohs-silver.com\/de\/wp-json\/wp\/v2\/comments?post=3942"}],"version-history":[{"count":0,"href":"https:\/\/pharaohs-silver.com\/de\/wp-json\/wp\/v2\/product\/3942\/revisions"}],"wp:featuredmedia":[{"embeddable":true,"href":"https:\/\/pharaohs-silver.com\/de\/wp-json\/wp\/v2\/media\/3882"}],"wp:attachment":[{"href":"https:\/\/pharaohs-silver.com\/de\/wp-json\/wp\/v2\/media?parent=3942"}],"wp:term":[{"taxonomy":"product_brand","embeddable":true,"href":"https:\/\/pharaohs-silver.com\/de\/wp-json\/wp\/v2\/product_brand?post=3942"},{"taxonomy":"product_cat","embeddable":true,"href":"https:\/\/pharaohs-silver.com\/de\/wp-json\/wp\/v2\/product_cat?post=3942"},{"taxonomy":"product_tag","embeddable":true,"href":"https:\/\/pharaohs-silver.com\/de\/wp-json\/wp\/v2\/product_tag?post=3942"}],"curies":[{"name":"wp","href":"https:\/\/api.w.org\/{rel}","templated":true}]}}