{"id":3945,"date":"2023-05-20T19:26:50","date_gmt":"2023-05-20T17:26:50","guid":{"rendered":"https:\/\/pharaohs-silver.com\/?post_type=product&#038;p=3945"},"modified":"2023-06-12T02:29:16","modified_gmt":"2023-06-12T00:29:16","slug":"konig-tutanchamun","status":"publish","type":"product","link":"https:\/\/pharaohs-silver.com\/de\/produkt\/konig-tutanchamun\/","title":{"rendered":"K\u00f6nig Tutanchamun"},"content":{"rendered":"","protected":false},"excerpt":{"rendered":"<p>Tauchen Sie ein in die faszinierende Welt des alten \u00c4gyptens mit einem fesselnden Portr\u00e4t auf echtem Papyruspapier, das den legend\u00e4ren K\u00f6nig Tutanchamun zeigt. Dieses sorgf\u00e4ltig gefertigte Meisterwerk f\u00fchrt Sie \u00fcber 3.000 Jahre zur\u00fcck und zeigt den jugendlichen Pharao, der den Thron im Alter von nur neun Jahren bestieg. Geschm\u00fcckt mit einer kunstvollen Krone, die seine g\u00f6ttliche Autorit\u00e4t symbolisiert, und mit aufw\u00e4ndigen Schmuckst\u00fccken spiegelt dieses Kunstwerk die Opulenz und Meisterschaft der \u00e4gyptischen Handwerkskunst wider. Besitzen Sie ein St\u00fcck Geschichte, das die r\u00e4tselhafte Anziehungskraft von Tutanchamun zum Leben erweckt und an das reiche Erbe dieses ikonischen Pharaos erinnert, der die Welt weiterhin in seinen Bann zieht. Bestellen Sie jetzt und tauchen Sie ein in die Mystik von Tutanchamun!<\/p>\n<p>Tutanchamun war einer der wenigen K\u00f6nige, die zu Lebzeiten als Gottheit <span style=\"font-weight: 400;\">verehrt<\/span> wurden; bei den meisten Pharaonen geschah dies erst posthum. In der Popul\u00e4rkultur ist er f\u00fcr seinen ungeheuren Reichtum bekannt, der bei der Entdeckung seines Grabes im Jahr 1922 festgestellt wurde, dem einzigen Grabmal, das bis heute in nahezu intaktem Zustand gefunden wurde. Die Entdeckung seines Grabes gilt weithin als eine der gr\u00f6\u00dften arch\u00e4ologischen Entdeckungen aller Zeiten.<\/p>\n","protected":false},"featured_media":3884,"comment_status":"open","ping_status":"closed","template":"","meta":{"_acf_changed":false},"product_brand":[],"product_cat":[74,88,73],"product_tag":[134,75],"class_list":{"0":"post-3945","1":"product","2":"type-product","3":"status-publish","4":"has-post-thumbnail","6":"product_cat-haus","7":"product_cat-hochformat","8":"product_cat-papayrus","9":"product_tag-handgemacht","10":"product_tag-papyrus-de","12":"first","13":"instock","14":"taxable","15":"shipping-taxable","16":"purchasable","17":"product-type-simple"},"acf":[],"jetpack_sharing_enabled":true,"_links":{"self":[{"href":"https:\/\/pharaohs-silver.com\/de\/wp-json\/wp\/v2\/product\/3945","targetHints":{"allow":["GET"]}}],"collection":[{"href":"https:\/\/pharaohs-silver.com\/de\/wp-json\/wp\/v2\/product"}],"about":[{"href":"https:\/\/pharaohs-silver.com\/de\/wp-json\/wp\/v2\/types\/product"}],"replies":[{"embeddable":true,"href":"https:\/\/pharaohs-silver.com\/de\/wp-json\/wp\/v2\/comments?post=3945"}],"version-history":[{"count":0,"href":"https:\/\/pharaohs-silver.com\/de\/wp-json\/wp\/v2\/product\/3945\/revisions"}],"wp:featuredmedia":[{"embeddable":true,"href":"https:\/\/pharaohs-silver.com\/de\/wp-json\/wp\/v2\/media\/3884"}],"wp:attachment":[{"href":"https:\/\/pharaohs-silver.com\/de\/wp-json\/wp\/v2\/media?parent=3945"}],"wp:term":[{"taxonomy":"product_brand","embeddable":true,"href":"https:\/\/pharaohs-silver.com\/de\/wp-json\/wp\/v2\/product_brand?post=3945"},{"taxonomy":"product_cat","embeddable":true,"href":"https:\/\/pharaohs-silver.com\/de\/wp-json\/wp\/v2\/product_cat?post=3945"},{"taxonomy":"product_tag","embeddable":true,"href":"https:\/\/pharaohs-silver.com\/de\/wp-json\/wp\/v2\/product_tag?post=3945"}],"curies":[{"name":"wp","href":"https:\/\/api.w.org\/{rel}","templated":true}]}}