{"id":3951,"date":"2023-05-20T19:26:45","date_gmt":"2023-05-20T17:26:45","guid":{"rendered":"https:\/\/pharaohs-silver.com\/?post_type=product&#038;p=3951"},"modified":"2023-06-12T02:29:33","modified_gmt":"2023-06-12T00:29:33","slug":"seshat-hathor-isis-osiris","status":"publish","type":"product","link":"https:\/\/pharaohs-silver.com\/de\/produkt\/seshat-hathor-isis-osiris\/","title":{"rendered":"Seshat, Hathor, Isis, Osiris"},"content":{"rendered":"","protected":false},"excerpt":{"rendered":"<p>Jede dieser Gottheiten hat einen bedeutenden Platz in der \u00e4gyptischen Mythologie und bietet einen reichen Teppich an Symbolen und Bedeutungen. Seshat, die G\u00f6ttin der Schrift und der Weisheit, wird oft mit einem Kopfschmuck dargestellt, der einem architektonischen Element \u00e4hnelt. Hathor, die G\u00f6ttin der Liebe, der Musik und der Freude, erkennt man an ihrem kuh\u00e4hnlichen Aussehen oder dem Symbol einer Sonnenscheibe zwischen Kuhh\u00f6rnern. Isis, die G\u00f6ttin der Magie, der Fruchtbarkeit und der Mutterschaft, wird oft mit ausgebreiteten Fl\u00fcgeln oder einem thron\u00e4hnlichen Kopfschmuck abgebildet. Osiris, der Gott des Jenseits und der Auferstehung, wird \u00fcblicherweise als mumifizierte Figur dargestellt, die einen Krummstab und einen Dreschflegel h\u00e4lt<\/p>\n","protected":false},"featured_media":3892,"comment_status":"open","ping_status":"closed","template":"","meta":{"_acf_changed":false},"product_brand":[],"product_cat":[74,73,87],"product_tag":[134,75],"class_list":{"0":"post-3951","1":"product","2":"type-product","3":"status-publish","4":"has-post-thumbnail","6":"product_cat-haus","7":"product_cat-papayrus","8":"product_cat-querformat","9":"product_tag-handgemacht","10":"product_tag-papyrus-de","12":"first","13":"instock","14":"taxable","15":"shipping-taxable","16":"purchasable","17":"product-type-simple"},"acf":[],"jetpack_sharing_enabled":true,"_links":{"self":[{"href":"https:\/\/pharaohs-silver.com\/de\/wp-json\/wp\/v2\/product\/3951","targetHints":{"allow":["GET"]}}],"collection":[{"href":"https:\/\/pharaohs-silver.com\/de\/wp-json\/wp\/v2\/product"}],"about":[{"href":"https:\/\/pharaohs-silver.com\/de\/wp-json\/wp\/v2\/types\/product"}],"replies":[{"embeddable":true,"href":"https:\/\/pharaohs-silver.com\/de\/wp-json\/wp\/v2\/comments?post=3951"}],"version-history":[{"count":0,"href":"https:\/\/pharaohs-silver.com\/de\/wp-json\/wp\/v2\/product\/3951\/revisions"}],"wp:featuredmedia":[{"embeddable":true,"href":"https:\/\/pharaohs-silver.com\/de\/wp-json\/wp\/v2\/media\/3892"}],"wp:attachment":[{"href":"https:\/\/pharaohs-silver.com\/de\/wp-json\/wp\/v2\/media?parent=3951"}],"wp:term":[{"taxonomy":"product_brand","embeddable":true,"href":"https:\/\/pharaohs-silver.com\/de\/wp-json\/wp\/v2\/product_brand?post=3951"},{"taxonomy":"product_cat","embeddable":true,"href":"https:\/\/pharaohs-silver.com\/de\/wp-json\/wp\/v2\/product_cat?post=3951"},{"taxonomy":"product_tag","embeddable":true,"href":"https:\/\/pharaohs-silver.com\/de\/wp-json\/wp\/v2\/product_tag?post=3951"}],"curies":[{"name":"wp","href":"https:\/\/api.w.org\/{rel}","templated":true}]}}