{"id":10767,"date":"2023-11-14T23:07:25","date_gmt":"2023-11-14T22:07:25","guid":{"rendered":"https:\/\/pharaohs-silver.com\/sobre-nosotros\/"},"modified":"2024-10-11T23:30:44","modified_gmt":"2024-10-11T21:30:44","slug":"sobre-nosotros","status":"publish","type":"page","link":"https:\/\/pharaohs-silver.com\/es\/sobre-nosotros\/","title":{"rendered":"Sobre nosotros"},"content":{"rendered":"\t\t<div data-elementor-type=\"wp-page\" data-elementor-id=\"10767\" class=\"elementor elementor-10767 elementor-5138\" data-elementor-post-type=\"page\">\n\t\t\t\t<div class=\"elementor-element elementor-element-d976bc7 e-flex e-con-boxed e-con e-parent\" data-id=\"d976bc7\" data-element_type=\"container\" data-e-type=\"container\">\n\t\t\t\t\t<div class=\"e-con-inner\">\n\t\t<div class=\"elementor-element elementor-element-4ce26d1 e-con-full e-flex e-con e-child\" data-id=\"4ce26d1\" data-element_type=\"container\" data-e-type=\"container\">\n\t\t\t\t<div class=\"elementor-element elementor-element-ea565af elementor-widget elementor-widget-heading\" data-id=\"ea565af\" data-element_type=\"widget\" data-e-type=\"widget\" data-widget_type=\"heading.default\">\n\t\t\t\t<div class=\"elementor-widget-container\">\n\t\t\t\t\t<h1 class=\"elementor-heading-title elementor-size-default\">Nuestra historia<\/h1>\t\t\t\t<\/div>\n\t\t\t\t<\/div>\n\t\t\t\t<div class=\"elementor-element elementor-element-2e1dbd1 elementor-widget elementor-widget-text-editor\" data-id=\"2e1dbd1\" data-element_type=\"widget\" data-e-type=\"widget\" data-widget_type=\"text-editor.default\">\n\t\t\t\t<div class=\"elementor-widget-container\">\n\t\t\t\t\t\t\t\t\t<p><span style=\"font-weight: 400;\">Bienvenido a Pharaohs Silver, donde la pasi\u00f3n y la creatividad se funden para crear exquisitas joyas de plata hechas a mano y cautivadoras pinturas. <\/span><b>Inspiradas en el rico patrimonio de Egipto<\/b><span style=\"font-weight: 400;\">nuestras piezas encarnan una armoniosa <\/span><b>armoniosa de encanto antiguo y elegancia moderna<\/b><span style=\"font-weight: 400;\">. Allow us to share our story with you. <\/span><\/p>\n<p><span style=\"font-weight: 400;\">En el coraz\u00f3n de nuestro viaje art\u00edstico hay una profunda conexi\u00f3n con nuestras ra\u00edces. Como orgullosos egipcios, nos inspiramos en la fascinante historia y el tapiz cultural de nuestra patria.   <\/span><b>Desde la grandeza de las pir\u00e1mides hasta los intrincados jerogl\u00edficos que adornan los templos antiguos<\/b><span style=\"font-weight: 400;\">nos esforzamos por capturar la esencia <\/span><b>magn\u00edfico patrimonio de Egipto en cada creaci\u00f3n cuidadosamente elaborada.<\/b><\/p>\n\t\t\t\t\t\t\t\t<\/div>\n\t\t\t\t<\/div>\n\t\t\t\t<\/div>\n\t\t<div class=\"elementor-element elementor-element-8e5e9a9 e-con-full e-flex elementor-invisible e-con e-child\" data-id=\"8e5e9a9\" data-element_type=\"container\" data-e-type=\"container\" data-settings=\"{&quot;animation&quot;:&quot;fadeInRight&quot;,&quot;animation_delay&quot;:300}\">\n\t\t\t\t<div class=\"elementor-element elementor-element-471d83c elementor-widget elementor-widget-image\" data-id=\"471d83c\" data-element_type=\"widget\" data-e-type=\"widget\" data-widget_type=\"image.default\">\n\t\t\t\t<div class=\"elementor-widget-container\">\n\t\t\t\t\t\t\t\t\t\t\t\t\t\t\t<img fetchpriority=\"high\" width=\"683\" height=\"1024\" src=\"https:\/\/pharaohs-silver.com\/wp-content\/uploads\/2021\/03\/pexels-travel-photography-2184580-scaled-683x1024.jpg\" class=\"attachment-large size-large wp-image-1646\" alt=\"\" srcset=\"https:\/\/pharaohs-silver.com\/wp-content\/uploads\/2021\/03\/pexels-travel-photography-2184580-scaled-683x1024.jpg 683w, https:\/\/pharaohs-silver.com\/wp-content\/uploads\/2021\/03\/pexels-travel-photography-2184580-scaled-300x450.jpg 300w, https:\/\/pharaohs-silver.com\/wp-content\/uploads\/2021\/03\/pexels-travel-photography-2184580-scaled-1080x1620.jpg 1080w, https:\/\/pharaohs-silver.com\/wp-content\/uploads\/2021\/03\/pexels-travel-photography-2184580-scaled-200x300.jpg 200w, https:\/\/pharaohs-silver.com\/wp-content\/uploads\/2021\/03\/pexels-travel-photography-2184580-scaled-768x1152.jpg 768w, https:\/\/pharaohs-silver.com\/wp-content\/uploads\/2021\/03\/pexels-travel-photography-2184580-scaled-1024x1536.jpg 1024w, https:\/\/pharaohs-silver.com\/wp-content\/uploads\/2021\/03\/pexels-travel-photography-2184580-scaled-1366x2048.jpg 1366w, https:\/\/pharaohs-silver.com\/wp-content\/uploads\/2021\/03\/pexels-travel-photography-2184580-scaled-600x900.jpg 600w, https:\/\/pharaohs-silver.com\/wp-content\/uploads\/2021\/03\/pexels-travel-photography-2184580-scaled.jpg 1707w\" sizes=\"(max-width: 683px) 100vw, 683px\" \/>\t\t\t\t\t\t\t\t\t\t\t\t\t\t\t<\/div>\n\t\t\t\t<\/div>\n\t\t\t\t<\/div>\n\t\t\t\t\t<\/div>\n\t\t\t\t<\/div>\n\t\t<div class=\"elementor-element elementor-element-8be6443 e-flex e-con-boxed e-con e-parent\" data-id=\"8be6443\" data-element_type=\"container\" data-e-type=\"container\">\n\t\t\t\t\t<div class=\"e-con-inner\">\n\t\t<div class=\"elementor-element elementor-element-80c94db e-con-full e-flex elementor-invisible e-con e-child\" data-id=\"80c94db\" data-element_type=\"container\" data-e-type=\"container\" data-settings=\"{&quot;animation&quot;:&quot;fadeInLeft&quot;,&quot;animation_delay&quot;:300}\">\n\t\t\t\t<div class=\"elementor-element elementor-element-c5bdc39 elementor-widget elementor-widget-image\" data-id=\"c5bdc39\" data-element_type=\"widget\" data-e-type=\"widget\" data-widget_type=\"image.default\">\n\t\t\t\t<div class=\"elementor-widget-container\">\n\t\t\t\t\t\t\t\t\t\t\t\t\t\t\t<img width=\"686\" height=\"1024\" src=\"https:\/\/pharaohs-silver.com\/wp-content\/uploads\/2023\/11\/IMG_8035-2-686x1024.jpg\" class=\"attachment-large size-large wp-image-10769\" alt=\"\" srcset=\"https:\/\/pharaohs-silver.com\/wp-content\/uploads\/2023\/11\/IMG_8035-2-686x1024.jpg 686w, https:\/\/pharaohs-silver.com\/wp-content\/uploads\/2023\/11\/IMG_8035-2-scaled-300x448.jpg 300w, https:\/\/pharaohs-silver.com\/wp-content\/uploads\/2023\/11\/IMG_8035-2-scaled-1080x1611.jpg 1080w, https:\/\/pharaohs-silver.com\/wp-content\/uploads\/2023\/11\/IMG_8035-2-201x300.jpg 201w, https:\/\/pharaohs-silver.com\/wp-content\/uploads\/2023\/11\/IMG_8035-2-768x1146.jpg 768w, https:\/\/pharaohs-silver.com\/wp-content\/uploads\/2023\/11\/IMG_8035-2-1030x1536.jpg 1030w, https:\/\/pharaohs-silver.com\/wp-content\/uploads\/2023\/11\/IMG_8035-2-1373x2048.jpg 1373w, https:\/\/pharaohs-silver.com\/wp-content\/uploads\/2023\/11\/IMG_8035-2-scaled.jpg 1716w\" sizes=\"(max-width: 686px) 100vw, 686px\" \/>\t\t\t\t\t\t\t\t\t\t\t\t\t\t\t<\/div>\n\t\t\t\t<\/div>\n\t\t\t\t<\/div>\n\t\t<div class=\"elementor-element elementor-element-c0340b0 e-con-full e-flex e-con e-child\" data-id=\"c0340b0\" data-element_type=\"container\" data-e-type=\"container\">\n\t\t\t\t<div class=\"elementor-element elementor-element-6eb8091 elementor-widget elementor-widget-heading\" data-id=\"6eb8091\" data-element_type=\"widget\" data-e-type=\"widget\" data-widget_type=\"heading.default\">\n\t\t\t\t<div class=\"elementor-widget-container\">\n\t\t\t\t\t<h2 class=\"elementor-heading-title elementor-size-default\">Con\u00f3cenos<\/h2>\t\t\t\t<\/div>\n\t\t\t\t<\/div>\n\t\t\t\t<div class=\"elementor-element elementor-element-6acea3d elementor-widget elementor-widget-text-editor\" data-id=\"6acea3d\" data-element_type=\"widget\" data-e-type=\"widget\" data-widget_type=\"text-editor.default\">\n\t\t\t\t<div class=\"elementor-widget-container\">\n\t\t\t\t\t\t\t\t\t<p><strong>Siempre he admirado la belleza de la precisi\u00f3n y la artesan\u00eda<\/strong>. Sin embargo, fue mi mujer, una dise\u00f1adora de talento, quien me anim\u00f3 a abrazar mi lado art\u00edstico y compartir mis creaciones con el mundo. Juntos, acompa\u00f1ados por nuestro fiel compa\u00f1ero Coco, <strong>nos embar<\/strong>camos <strong>en un viaje para elaborar piezas \u00fanicas que mezclan elegancia, historia y expresi\u00f3n art\u00edstica.<\/strong>  <\/p>\n<p>Tuve la suerte de aprender el arte de la orfebrer\u00eda del padre y la familia de mi mejor amigo, que me transmitieron generosamente sus conocimientos y experiencia.<\/p>\n<p>A trav\u00e9s de a\u00f1os de pr\u00e1ctica, he dominado el delicado arte de trabajar la plata a mano, <strong>infundiendo a cada pieza un toque de estilo y arte \u00fanicos.<\/strong><\/p>\n\t\t\t\t\t\t\t\t<\/div>\n\t\t\t\t<\/div>\n\t\t\t\t<\/div>\n\t\t\t\t\t<\/div>\n\t\t\t\t<\/div>\n\t\t<div class=\"elementor-element elementor-element-974670d e-flex e-con-boxed e-con e-parent\" data-id=\"974670d\" data-element_type=\"container\" data-e-type=\"container\">\n\t\t\t\t\t<div class=\"e-con-inner\">\n\t\t<div class=\"elementor-element elementor-element-48f6e49 e-con-full e-flex e-con e-child\" data-id=\"48f6e49\" data-element_type=\"container\" data-e-type=\"container\">\n\t\t\t\t<div class=\"elementor-element elementor-element-5399bd1 elementor-widget elementor-widget-heading\" data-id=\"5399bd1\" data-element_type=\"widget\" data-e-type=\"widget\" data-widget_type=\"heading.default\">\n\t\t\t\t<div class=\"elementor-widget-container\">\n\t\t\t\t\t<h2 class=\"elementor-heading-title elementor-size-default\">Nuestra misi\u00f3n<\/h2>\t\t\t\t<\/div>\n\t\t\t\t<\/div>\n\t\t\t\t<div class=\"elementor-element elementor-element-69258ce elementor-widget elementor-widget-text-editor\" data-id=\"69258ce\" data-element_type=\"widget\" data-e-type=\"widget\" data-widget_type=\"text-editor.default\">\n\t\t\t\t<div class=\"elementor-widget-container\">\n\t\t\t\t\t\t\t\t\t<p><span style=\"font-weight: 400;\">Aporta <strong>alegr\u00eda y belleza a tu vida y a la de tus seres queridos, a trav\u00e9s de nuestras joyas de plata hechas a mano<\/strong>. Tanto si buscas un collar cautivador, un anillo de declaraci\u00f3n o un conjunto de colgante y gancho a juego, te invitamos a explorar nuestra colecci\u00f3n y experimentar la esencia de nuestra pasi\u00f3n. <\/span><\/p>\n<p><span style=\"font-weight: 400;\">Como expatriados, estamos agradecidos por la oportunidad de compartir nuestra pasi\u00f3n y artesan\u00eda con personas de todo el mundo, que <strong>aprecian la interacci\u00f3n entre arte, cultura y expresi\u00f3n personal.<\/strong> <\/span><\/p>\n<p><strong>Explora nuestra colecci\u00f3n y ad\u00f3rnate con tesoros de plata que se hacen eco de los susurros de la historia.<\/strong><\/p>\n\t\t\t\t\t\t\t\t<\/div>\n\t\t\t\t<\/div>\n\t\t\t\t<\/div>\n\t\t<div class=\"elementor-element elementor-element-9155ed5 e-con-full e-flex elementor-invisible e-con e-child\" data-id=\"9155ed5\" data-element_type=\"container\" data-e-type=\"container\" data-settings=\"{&quot;animation&quot;:&quot;fadeInRight&quot;,&quot;animation_delay&quot;:300}\">\n\t\t\t\t<div class=\"elementor-element elementor-element-8f4852e elementor-widget elementor-widget-image\" data-id=\"8f4852e\" data-element_type=\"widget\" data-e-type=\"widget\" data-widget_type=\"image.default\">\n\t\t\t\t<div class=\"elementor-widget-container\">\n\t\t\t\t\t\t\t\t\t\t\t\t\t\t\t<img width=\"683\" height=\"1024\" src=\"https:\/\/pharaohs-silver.com\/wp-content\/uploads\/2023\/11\/DSC03492-683x1024.jpg\" class=\"attachment-large size-large wp-image-10768\" alt=\"\" srcset=\"https:\/\/pharaohs-silver.com\/wp-content\/uploads\/2023\/11\/DSC03492-683x1024.jpg 683w, https:\/\/pharaohs-silver.com\/wp-content\/uploads\/2023\/11\/DSC03492-scaled-300x450.jpg 300w, https:\/\/pharaohs-silver.com\/wp-content\/uploads\/2023\/11\/DSC03492-scaled-1080x1620.jpg 1080w, https:\/\/pharaohs-silver.com\/wp-content\/uploads\/2023\/11\/DSC03492-200x300.jpg 200w, https:\/\/pharaohs-silver.com\/wp-content\/uploads\/2023\/11\/DSC03492-768x1152.jpg 768w, https:\/\/pharaohs-silver.com\/wp-content\/uploads\/2023\/11\/DSC03492-1024x1536.jpg 1024w, https:\/\/pharaohs-silver.com\/wp-content\/uploads\/2023\/11\/DSC03492-1365x2048.jpg 1365w, https:\/\/pharaohs-silver.com\/wp-content\/uploads\/2023\/11\/DSC03492-scaled.jpg 1707w\" sizes=\"(max-width: 683px) 100vw, 683px\" \/>\t\t\t\t\t\t\t\t\t\t\t\t\t\t\t<\/div>\n\t\t\t\t<\/div>\n\t\t\t\t<\/div>\n\t\t\t\t\t<\/div>\n\t\t\t\t<\/div>\n\t\t<div class=\"elementor-element elementor-element-23878c2 e-flex e-con-boxed e-con e-parent\" data-id=\"23878c2\" data-element_type=\"container\" data-e-type=\"container\">\n\t\t\t\t\t<div class=\"e-con-inner\">\n\t\t\t\t<div class=\"elementor-element elementor-element-6752edf elementor-widget elementor-widget-text-editor\" data-id=\"6752edf\" data-element_type=\"widget\" data-e-type=\"widget\" data-widget_type=\"text-editor.default\">\n\t\t\t\t<div class=\"elementor-widget-container\">\n\t\t\t\t\t\t\t\t\t<p><span style=\"font-weight: 400;\">Gracias por acompa\u00f1arnos en esta extraordinaria aventura art\u00edstica.<br \/>\nEstamos deseando formar parte de tu historia mientras abrazas el arte, la historia y la belleza que vertemos en cada una de nuestras creaciones. <\/span><\/p>\n<\/p>\n<p><span style=\"font-weight: 400;\">Con sincero agradecimiento,<\/span><\/p>\n\t\t\t\t\t\t\t\t<\/div>\n\t\t\t\t<\/div>\n\t\t\t\t<div class=\"elementor-element elementor-element-89121f9 elementor-widget elementor-widget-image\" data-id=\"89121f9\" data-element_type=\"widget\" data-e-type=\"widget\" data-widget_type=\"image.default\">\n\t\t\t\t<div class=\"elementor-widget-container\">\n\t\t\t\t\t\t\t\t\t\t\t\t\t\t\t<img loading=\"lazy\" width=\"400\" height=\"200\" src=\"https:\/\/pharaohs-silver.com\/wp-content\/uploads\/2023\/11\/Modern-Minimalist-Black-and-White-Email-Signature.png\" class=\"attachment-large size-large wp-image-10770\" alt=\"\" srcset=\"https:\/\/pharaohs-silver.com\/wp-content\/uploads\/2023\/11\/Modern-Minimalist-Black-and-White-Email-Signature.png 400w, https:\/\/pharaohs-silver.com\/wp-content\/uploads\/2023\/11\/Modern-Minimalist-Black-and-White-Email-Signature-300x150.png 300w\" sizes=\"(max-width: 400px) 100vw, 400px\" \/>\t\t\t\t\t\t\t\t\t\t\t\t\t\t\t<\/div>\n\t\t\t\t<\/div>\n\t\t\t\t<div class=\"elementor-element elementor-element-14533ff elementor-widget elementor-widget-heading\" data-id=\"14533ff\" data-element_type=\"widget\" data-e-type=\"widget\" data-widget_type=\"heading.default\">\n\t\t\t\t<div class=\"elementor-widget-container\">\n\t\t\t\t\t<h3 class=\"elementor-heading-title elementor-size-default\">Abraza el esp\u00edritu de los faraones  <\/h3>\t\t\t\t<\/div>\n\t\t\t\t<\/div>\n\t\t\t\t<div class=\"elementor-element elementor-element-10ba1d1 elementor-widget elementor-widget-text-editor\" data-id=\"10ba1d1\" data-element_type=\"widget\" data-e-type=\"widget\" data-widget_type=\"text-editor.default\">\n\t\t\t\t<div class=\"elementor-widget-container\">\n\t\t\t\t\t\t\t\t\t<p>\u00danete a nosotros para celebrar no s\u00f3lo el estilo, sino las historias intemporales entretejidas en cada dise\u00f1o de Pharaohs Silver.<\/p>\n\t\t\t\t\t\t\t\t<\/div>\n\t\t\t\t<\/div>\n\t\t\t\t<div class=\"elementor-element elementor-element-d5630da elementor-align-center elementor-mobile-align-center elementor-widget elementor-widget-button\" data-id=\"d5630da\" data-element_type=\"widget\" data-e-type=\"widget\" data-widget_type=\"button.default\">\n\t\t\t\t<div class=\"elementor-widget-container\">\n\t\t\t\t\t\t\t\t\t<div class=\"elementor-button-wrapper\">\n\t\t\t\t\t<a class=\"elementor-button elementor-button-link elementor-size-sm\" href=\"https:\/\/pharaohs-silver.com\/shop\/\">\n\t\t\t\t\t\t<span class=\"elementor-button-content-wrapper\">\n\t\t\t\t\t\t\t\t\t<span class=\"elementor-button-text\">Comprar ahora<\/span>\n\t\t\t\t\t<\/span>\n\t\t\t\t\t<\/a>\n\t\t\t\t<\/div>\n\t\t\t\t\t\t\t\t<\/div>\n\t\t\t\t<\/div>\n\t\t\t\t<div class=\"elementor-element elementor-element-31f3a2e elementor-widget elementor-widget-spacer\" data-id=\"31f3a2e\" data-element_type=\"widget\" data-e-type=\"widget\" data-widget_type=\"spacer.default\">\n\t\t\t\t<div class=\"elementor-widget-container\">\n\t\t\t\t\t\t\t<div class=\"elementor-spacer\">\n\t\t\t<div class=\"elementor-spacer-inner\"><\/div>\n\t\t<\/div>\n\t\t\t\t\t\t<\/div>\n\t\t\t\t<\/div>\n\t\t\t\t\t<\/div>\n\t\t\t\t<\/div>\n\t\t\t\t<\/div>\n\t\t","protected":false},"excerpt":{"rendered":"<p>Nuestra historia Bienvenido a Pharaohs Silver, donde la pasi\u00f3n y la creatividad se funden para crear exquisitas joyas de plata hechas a mano y cautivadoras pinturas. Inspiradas en el rico patrimonio de Egiptonuestras piezas encarnan una armoniosa armoniosa de encanto antiguo y elegancia moderna. Allow us to share our story with you. En el coraz\u00f3n [&hellip;]<\/p>\n","protected":false},"author":2,"featured_media":0,"parent":0,"menu_order":0,"comment_status":"closed","ping_status":"closed","template":"elementor_header_footer","meta":{"_acf_changed":false,"footnotes":""},"class_list":["post-10767","page","type-page","status-publish","hentry"],"blocksy_meta":[],"acf":[],"jetpack_sharing_enabled":true,"_links":{"self":[{"href":"https:\/\/pharaohs-silver.com\/es\/wp-json\/wp\/v2\/pages\/10767","targetHints":{"allow":["GET"]}}],"collection":[{"href":"https:\/\/pharaohs-silver.com\/es\/wp-json\/wp\/v2\/pages"}],"about":[{"href":"https:\/\/pharaohs-silver.com\/es\/wp-json\/wp\/v2\/types\/page"}],"author":[{"embeddable":true,"href":"https:\/\/pharaohs-silver.com\/es\/wp-json\/wp\/v2\/users\/2"}],"replies":[{"embeddable":true,"href":"https:\/\/pharaohs-silver.com\/es\/wp-json\/wp\/v2\/comments?post=10767"}],"version-history":[{"count":0,"href":"https:\/\/pharaohs-silver.com\/es\/wp-json\/wp\/v2\/pages\/10767\/revisions"}],"wp:attachment":[{"href":"https:\/\/pharaohs-silver.com\/es\/wp-json\/wp\/v2\/media?parent=10767"}],"curies":[{"name":"wp","href":"https:\/\/api.w.org\/{rel}","templated":true}]}}