{"id":10862,"date":"2019-08-24T00:46:22","date_gmt":"2019-08-23T22:46:22","guid":{"rendered":"https:\/\/pharaohs-silver.com\/cesta\/"},"modified":"2024-10-12T03:12:47","modified_gmt":"2024-10-12T01:12:47","slug":"cesta","status":"publish","type":"page","link":"https:\/\/pharaohs-silver.com\/es\/cesta\/","title":{"rendered":"Cesta"},"content":{"rendered":"\t\t<div data-elementor-type=\"wp-page\" data-elementor-id=\"10862\" class=\"elementor elementor-10862 elementor-10\" data-elementor-post-type=\"page\">\n\t\t\t\t<div class=\"elementor-element elementor-element-3c2e91c5 e-flex e-con-boxed e-con e-parent\" data-id=\"3c2e91c5\" data-element_type=\"container\" data-e-type=\"container\">\n\t\t\t\t\t<div class=\"e-con-inner\">\n\t\t\t\t<div class=\"elementor-element elementor-element-81bd1b4 elementor-widget elementor-widget-text-editor\" data-id=\"81bd1b4\" data-element_type=\"widget\" data-e-type=\"widget\" data-widget_type=\"text-editor.default\">\n\t\t\t\t<div class=\"elementor-widget-container\">\n\t\t\t\t\t\t\t\t\t<div class=\"woocommerce\"><div class=\"woocommerce-notices-wrapper\"><\/div><div class=\"wc-empty-cart-message\">\n\t<div class=\"cart-empty woocommerce-info\" role=\"status\">\n\t\tTu carrito est\u00e1 vac\u00edo.\t<\/div>\n<\/div>\t<p class=\"return-to-shop\">\n\t\t<a class=\"button wc-backward\" href=\"https:\/\/pharaohs-silver.com\/es\/tienda\/\">\n\t\t\tVolver a la tienda\t\t<\/a>\n\t<\/p>\n<\/div>\n\t\t\t\t\t\t\t\t<\/div>\n\t\t\t\t<\/div>\n\t\t\t\t\t<\/div>\n\t\t\t\t<\/div>\n\t\t<div class=\"elementor-element elementor-element-a830177 e-flex e-con-boxed e-con e-parent\" data-id=\"a830177\" data-element_type=\"container\" data-e-type=\"container\">\n\t\t\t\t\t<div class=\"e-con-inner\">\n\t\t\t\t<div class=\"elementor-element elementor-element-6c09180 elementor-widget elementor-widget-template\" data-id=\"6c09180\" data-element_type=\"widget\" data-e-type=\"widget\" data-widget_type=\"template.default\">\n\t\t\t\t<div class=\"elementor-widget-container\">\n\t\t\t\t\t\t\t<div class=\"elementor-template\">\n\t\t\t\t\t<div data-elementor-type=\"container\" data-elementor-id=\"10839\" class=\"elementor elementor-10839 elementor-7611\" data-elementor-post-type=\"elementor_library\">\n\t\t\t\t<div class=\"elementor-element elementor-element-4e1e97cd e-flex e-con-boxed e-con e-parent\" data-id=\"4e1e97cd\" data-element_type=\"container\" data-e-type=\"container\">\n\t\t\t\t\t<div class=\"e-con-inner\">\n\t\t\t\t<div class=\"elementor-element elementor-element-4fd69d3f elementor-widget elementor-widget-heading\" data-id=\"4fd69d3f\" data-element_type=\"widget\" data-e-type=\"widget\" data-widget_type=\"heading.default\">\n\t\t\t\t<div class=\"elementor-widget-container\">\n\t\t\t\t\t<h4 class=\"elementor-heading-title elementor-size-default\">Preguntas frecuentes<\/h4>\t\t\t\t<\/div>\n\t\t\t\t<\/div>\n\t\t\t\t<div class=\"elementor-element elementor-element-5f516f4c elementor-widget elementor-widget-eael-adv-accordion\" data-id=\"5f516f4c\" data-element_type=\"widget\" data-e-type=\"widget\" data-widget_type=\"eael-adv-accordion.default\">\n\t\t\t\t<div class=\"elementor-widget-container\">\n\t\t\t\t\t            <div class=\"eael-adv-accordion\" id=\"eael-adv-accordion-5f516f4c\" data-scroll-on-click=\"no\" data-scroll-speed=\"300\" data-accordion-id=\"5f516f4c\" data-accordion-type=\"accordion\" data-toogle-speed=\"300\">\n            <div class=\"eael-accordion-list\">\n\t\t\t\t\t<div id=\"lo-que-nos-hace-especiales\" class=\"elementor-tab-title eael-accordion-header\" tabindex=\"0\" data-tab=\"1\" aria-controls=\"elementor-tab-content-1591\"><span class=\"eael-advanced-accordion-icon-closed\"><i aria-hidden=\"true\" class=\"fa-accordion-icon fas fa-plus\"><\/i><\/span><span class=\"eael-advanced-accordion-icon-opened\"><i aria-hidden=\"true\" class=\"fa-accordion-icon fas fa-minus\"><\/i><\/span><span class=\"eael-accordion-tab-title\">Lo que nos hace especiales<\/span><i aria-hidden=\"true\" class=\"fa-toggle fas fa-angle-down\"><\/i><\/div><div id=\"elementor-tab-content-1591\" class=\"eael-accordion-content clearfix\" data-tab=\"1\" aria-labelledby=\"lo-que-nos-hace-especiales\"><ul>\n<li><strong>Dise\u00f1o \u00fanico<\/strong>: Exquisito e irrepetible<\/li>\n<li><strong>Elegancia artesanal<\/strong>: Artesan\u00eda sin igual<\/li>\n<li><strong>Plata de ley 925<\/strong>: Preciosa e Hipoalerg\u00e9nica<\/li>\n<li>Sin <strong>preocupaciones<\/strong>: resistente al agua, a prueba de manchas, sin preocupaciones<\/li>\n<\/ul>\n<\/div>\n\t\t\t\t\t<\/div><div class=\"eael-accordion-list\">\n\t\t\t\t\t<div id=\"entrega-y-envo\" class=\"elementor-tab-title eael-accordion-header\" tabindex=\"0\" data-tab=\"2\" aria-controls=\"elementor-tab-content-1592\"><span class=\"eael-advanced-accordion-icon-closed\"><i aria-hidden=\"true\" class=\"fa-accordion-icon fas fa-plus\"><\/i><\/span><span class=\"eael-advanced-accordion-icon-opened\"><i aria-hidden=\"true\" class=\"fa-accordion-icon fas fa-minus\"><\/i><\/span><span class=\"eael-accordion-tab-title\">Entrega y env\u00edo<\/span><i aria-hidden=\"true\" class=\"fa-toggle fas fa-angle-down\"><\/i><\/div><div id=\"elementor-tab-content-1592\" class=\"eael-accordion-content clearfix\" data-tab=\"2\" aria-labelledby=\"entrega-y-envo\"><p><strong>Env\u00edo<\/strong><\/p>\n<ul>\n<li>Env\u00edo gratuito por encima de 70 \u20ac. Por debajo de 70 \u20ac el env\u00edo es de 3,99 <\/li>\n<li>Los env\u00edos est\u00e1n totalmente asegurados<\/li>\n<li>Impuestos y aranceles incluidos<\/li>\n<\/ul>\n<p><strong>Plazo de entrega<\/strong><\/p>\n<ul>\n<li>Alemania: de 2 a 3 d\u00edas<\/li>\n<li>UE: de 3 a 5 d\u00edas<\/li>\n<\/ul>\n<p><strong>Seguimiento<\/strong><br \/>Somos conscientes de la importancia de conocer el estado de tu pedido. Una vez enviada tu joya de plata, <strong>te enviaremos por correo electr\u00f3nico un n\u00famero de seguimiento<\/strong> y un enlace para seguir tu paquete en l\u00ednea.  Esto te permite controlar su progreso y la fecha estimada de entrega, proporcion\u00e1ndote <strong>tranquilidad<\/strong> y garantizando una experiencia de compra transparente.<\/p>\n<p><strong>Devoluciones<\/strong><br \/>Queremos que est\u00e9s <strong>completamente satisfecho<\/strong> con tu compra. Si por alguna raz\u00f3n no est\u00e1s satisfecho con tu compra, te ofrecemos una<strong> pol\u00edtica de cambios y devoluciones de 30 d\u00edas sin complicaciones y sin preguntas<\/strong>.  As\u00ed de sencillo. <strong>Las devoluciones son gratuitas<\/strong>.<\/p>\n<\/div>\n\t\t\t\t\t<\/div><div class=\"eael-accordion-list\">\n\t\t\t\t\t<div id=\"devoluciones-y-cambios\" class=\"elementor-tab-title eael-accordion-header\" tabindex=\"0\" data-tab=\"3\" aria-controls=\"elementor-tab-content-1593\"><span class=\"eael-advanced-accordion-icon-closed\"><i aria-hidden=\"true\" class=\"fa-accordion-icon fas fa-plus\"><\/i><\/span><span class=\"eael-advanced-accordion-icon-opened\"><i aria-hidden=\"true\" class=\"fa-accordion-icon fas fa-minus\"><\/i><\/span><span class=\"eael-accordion-tab-title\">Devoluciones y cambios<\/span><i aria-hidden=\"true\" class=\"fa-toggle fas fa-angle-down\"><\/i><\/div><div id=\"elementor-tab-content-1593\" class=\"eael-accordion-content clearfix\" data-tab=\"3\" aria-labelledby=\"devoluciones-y-cambios\"><p>Queremos que est\u00e9s completamente satisfecho con tu compra. Si por alguna raz\u00f3n no est\u00e1s satisfecho con tu compra, te ofrecemos una pol\u00edtica de<b> cambios<\/b> y<b> devoluciones de 30 d\u00edas<\/b> <strong>sin complicaciones y sin preguntas<\/strong>. <strong>As\u00ed de sencillo.<\/strong>  <\/p>\n<p><strong>\u00bfArt\u00edculos da\u00f1ados?<\/strong> <br \/>No tienes que preocuparte por pedidos perdidos, <strong>tu pedido est\u00e1 asegurado. <\/strong>En el caso muy improbable de que tu pedido llegue da\u00f1ado, ponte en contacto con nosotros y <strong>lo arreglaremos.<\/strong> Queremos que tengas la mejor experiencia posible.<\/p>\n<\/div>\n\t\t\t\t\t<\/div><div class=\"eael-accordion-list\">\n\t\t\t\t\t<div id=\"garantas-\" class=\"elementor-tab-title eael-accordion-header\" tabindex=\"0\" data-tab=\"4\" aria-controls=\"elementor-tab-content-1594\"><span class=\"eael-advanced-accordion-icon-closed\"><i aria-hidden=\"true\" class=\"fa-accordion-icon fas fa-plus\"><\/i><\/span><span class=\"eael-advanced-accordion-icon-opened\"><i aria-hidden=\"true\" class=\"fa-accordion-icon fas fa-minus\"><\/i><\/span><span class=\"eael-accordion-tab-title\">Garant\u00edas  <\/span><i aria-hidden=\"true\" class=\"fa-toggle fas fa-angle-down\"><\/i><\/div><div id=\"elementor-tab-content-1594\" class=\"eael-accordion-content clearfix\" data-tab=\"4\" aria-labelledby=\"garantas-\"><p>Estamos orgullosos de la calidad de nuestras joyas de plata y ofrecemos una <strong>garant\u00eda<\/strong> de <strong>por vida<\/strong> de autenticidad y mano de obra contra defectos de fabricaci\u00f3n. Si encuentras alg\u00fan defecto o problema con tu compra, ponte en contacto con nuestro equipo de atenci\u00f3n al cliente, y estaremos encantados de ayudarte a resolver el asunto r\u00e1pidamente.  Tu satisfacci\u00f3n es nuestra m\u00e1xima prioridad.<\/p>\n<p>Nuestros clientes tambi\u00e9n disfrutan de una <strong>garant\u00eda de devoluci\u00f3n del dinero de 30 d\u00edas<\/strong> sin preguntas <strong>.<\/strong><\/p>\n<\/div>\n\t\t\t\t\t<\/div><div class=\"eael-accordion-list\">\n\t\t\t\t\t<div id=\"hacis-envos-internacionales\" class=\"elementor-tab-title eael-accordion-header\" tabindex=\"0\" data-tab=\"5\" aria-controls=\"elementor-tab-content-1595\"><span class=\"eael-advanced-accordion-icon-closed\"><i aria-hidden=\"true\" class=\"fa-accordion-icon fas fa-plus\"><\/i><\/span><span class=\"eael-advanced-accordion-icon-opened\"><i aria-hidden=\"true\" class=\"fa-accordion-icon fas fa-minus\"><\/i><\/span><span class=\"eael-accordion-tab-title\">\u00bfHac\u00e9is env\u00edos internacionales?<\/span><i aria-hidden=\"true\" class=\"fa-toggle fas fa-angle-down\"><\/i><\/div><div id=\"elementor-tab-content-1595\" class=\"eael-accordion-content clearfix\" data-tab=\"5\" aria-labelledby=\"hacis-envos-internacionales\"><p><strong>S\u00ed<\/strong>, estamos orgullosos de enviar nuestras joyas de plata a toda la UE, EE.UU. y CA.<\/p>\n<p><strong>No hay tasas ni costes adicionales<\/strong> para los pedidos dentro de la UE o EE.UU.<\/p>\n<\/div>\n\t\t\t\t\t<\/div><\/div>\t\t\t\t<\/div>\n\t\t\t\t<\/div>\n\t\t\t\t\t<\/div>\n\t\t\t\t<\/div>\n\t\t\t\t<\/div>\n\t\t\t\t<\/div>\n\t\t\t\t\t\t<\/div>\n\t\t\t\t<\/div>\n\t\t\t\t\t<\/div>\n\t\t\t\t<\/div>\n\t\t\t\t<\/div>\n\t\t","protected":false},"excerpt":{"rendered":"","protected":false},"author":1,"featured_media":0,"parent":0,"menu_order":0,"comment_status":"closed","ping_status":"closed","template":"","meta":{"_acf_changed":false,"footnotes":""},"class_list":["post-10862","page","type-page","status-publish","hentry"],"blocksy_meta":[],"acf":[],"jetpack_sharing_enabled":true,"_links":{"self":[{"href":"https:\/\/pharaohs-silver.com\/es\/wp-json\/wp\/v2\/pages\/10862","targetHints":{"allow":["GET"]}}],"collection":[{"href":"https:\/\/pharaohs-silver.com\/es\/wp-json\/wp\/v2\/pages"}],"about":[{"href":"https:\/\/pharaohs-silver.com\/es\/wp-json\/wp\/v2\/types\/page"}],"author":[{"embeddable":true,"href":"https:\/\/pharaohs-silver.com\/es\/wp-json\/wp\/v2\/users\/1"}],"replies":[{"embeddable":true,"href":"https:\/\/pharaohs-silver.com\/es\/wp-json\/wp\/v2\/comments?post=10862"}],"version-history":[{"count":0,"href":"https:\/\/pharaohs-silver.com\/es\/wp-json\/wp\/v2\/pages\/10862\/revisions"}],"wp:attachment":[{"href":"https:\/\/pharaohs-silver.com\/es\/wp-json\/wp\/v2\/media?parent=10862"}],"curies":[{"name":"wp","href":"https:\/\/api.w.org\/{rel}","templated":true}]}}