{"id":10900,"date":"2023-06-11T23:33:20","date_gmt":"2023-06-11T21:33:20","guid":{"rendered":"https:\/\/pharaohs-silver.com\/asombrosas-pinturas-en-papiro\/"},"modified":"2024-11-27T01:53:03","modified_gmt":"2024-11-27T00:53:03","slug":"asombrosas-pinturas-en-papiro","status":"publish","type":"page","link":"https:\/\/pharaohs-silver.com\/es\/asombrosas-pinturas-en-papiro\/","title":{"rendered":"Asombrosas pinturas en papiro"},"content":{"rendered":"\t\t<div data-elementor-type=\"wp-page\" data-elementor-id=\"10900\" class=\"elementor elementor-10900 elementor-4476\" data-elementor-post-type=\"page\">\n\t\t\t\t<div class=\"elementor-element elementor-element-f2b40eb e-flex e-con-boxed e-con e-parent\" data-id=\"f2b40eb\" data-element_type=\"container\" data-e-type=\"container\">\n\t\t\t\t\t<div class=\"e-con-inner\">\n\t\t\t\t\t<\/div>\n\t\t\t\t<\/div>\n\t\t<div class=\"elementor-element elementor-element-a37e85a e-flex e-con-boxed e-con e-parent\" data-id=\"a37e85a\" data-element_type=\"container\" data-e-type=\"container\">\n\t\t\t\t\t<div class=\"e-con-inner\">\n\t\t\t\t<div class=\"elementor-element elementor-element-f679f3b elementor-widget elementor-widget-spacer\" data-id=\"f679f3b\" data-element_type=\"widget\" data-e-type=\"widget\" data-widget_type=\"spacer.default\">\n\t\t\t\t<div class=\"elementor-widget-container\">\n\t\t\t\t\t\t\t<div class=\"elementor-spacer\">\n\t\t\t<div class=\"elementor-spacer-inner\"><\/div>\n\t\t<\/div>\n\t\t\t\t\t\t<\/div>\n\t\t\t\t<\/div>\n\t\t\t\t\t<\/div>\n\t\t\t\t<\/div>\n\t\t<div class=\"elementor-element elementor-element-a7a6099 e-flex e-con-boxed e-con e-parent\" data-id=\"a7a6099\" data-element_type=\"container\" data-e-type=\"container\" data-settings=\"{&quot;background_background&quot;:&quot;classic&quot;}\">\n\t\t\t\t\t<div class=\"e-con-inner\">\n\t\t\t\t<div class=\"elementor-element elementor-element-840169d elementor-widget elementor-widget-spacer\" data-id=\"840169d\" data-element_type=\"widget\" data-e-type=\"widget\" data-widget_type=\"spacer.default\">\n\t\t\t\t<div class=\"elementor-widget-container\">\n\t\t\t\t\t\t\t<div class=\"elementor-spacer\">\n\t\t\t<div class=\"elementor-spacer-inner\"><\/div>\n\t\t<\/div>\n\t\t\t\t\t\t<\/div>\n\t\t\t\t<\/div>\n\t\t\t\t<div class=\"elementor-element elementor-element-162f379 elementor-widget elementor-widget-heading\" data-id=\"162f379\" data-element_type=\"widget\" data-e-type=\"widget\" data-widget_type=\"heading.default\">\n\t\t\t\t<div class=\"elementor-widget-container\">\n\t\t\t\t\t<h2 class=\"elementor-heading-title elementor-size-default\">Pinturas de papiro hechas a mano<\/h2>\t\t\t\t<\/div>\n\t\t\t\t<\/div>\n\t\t\t\t<div class=\"elementor-element elementor-element-59d2a23 elementor-widget elementor-widget-text-editor\" data-id=\"59d2a23\" data-element_type=\"widget\" data-e-type=\"widget\" data-widget_type=\"text-editor.default\">\n\t\t\t\t<div class=\"elementor-widget-container\">\n\t\t\t\t\t\t\t\t\t<p>Experimenta la grandeza del antiguo Egipto con nuestra extraordinaria colecci\u00f3n de pinturas de papiro hechas a mano. Cada obra maestra est\u00e1 meticulosamente elaborada para captar la esencia del arte fara\u00f3nico, sumergi\u00e9ndote en el encantador mundo de los jerogl\u00edficos, los s\u00edmbolos sagrados, los <span style=\"font-size: 1rem;\">antiguos dioses egipcios <\/span>  <span style=\"font-size: 1rem;\">y colores vibrantes. Eleva tu espacio y enciende tu imaginaci\u00f3n con estos exquisitos tesoros que llevan a tu hogar la belleza intemporal del legado de Egipto. Explora ahora nuestra colecci\u00f3n y emb\u00e1rcate en un viaje a trav\u00e9s de la historia y el arte.  <\/span><\/p>\n\t\t\t\t\t\t\t\t<\/div>\n\t\t\t\t<\/div>\n\t\t\t\t\t<\/div>\n\t\t\t\t<\/div>\n\t\t\t\t<\/div>\n\t\t","protected":false},"excerpt":{"rendered":"<p>Horus, Ramesses &amp; Osiris-2 &euro;29,99 King Tutankhamun &euro;49,99 The Golden Throne &euro;44,99 Queen Nefertiti 2 &euro;49,99 Ra-Horakhty with Amentit &euro;34,99 Queen Nefertiti &euro;49,99 Horus, Ramesses &amp; Osiris &euro;29,99 Queen Nefertari offering to Godess Isis &euro;29,99 Seshat, Hathor, Isis, Osiris &euro;34,99 Queen Nefrtari, Isis &amp; Osiris &euro;29,99 Tutankhamun Crushes enemies &euro;34,99 The Godess Isis &euro;39,99 Winged [&hellip;]<\/p>\n","protected":false},"author":1,"featured_media":0,"parent":0,"menu_order":0,"comment_status":"closed","ping_status":"closed","template":"","meta":{"_acf_changed":false,"footnotes":""},"class_list":["post-10900","page","type-page","status-publish","hentry"],"blocksy_meta":[],"acf":[],"jetpack_sharing_enabled":true,"_links":{"self":[{"href":"https:\/\/pharaohs-silver.com\/es\/wp-json\/wp\/v2\/pages\/10900","targetHints":{"allow":["GET"]}}],"collection":[{"href":"https:\/\/pharaohs-silver.com\/es\/wp-json\/wp\/v2\/pages"}],"about":[{"href":"https:\/\/pharaohs-silver.com\/es\/wp-json\/wp\/v2\/types\/page"}],"author":[{"embeddable":true,"href":"https:\/\/pharaohs-silver.com\/es\/wp-json\/wp\/v2\/users\/1"}],"replies":[{"embeddable":true,"href":"https:\/\/pharaohs-silver.com\/es\/wp-json\/wp\/v2\/comments?post=10900"}],"version-history":[{"count":0,"href":"https:\/\/pharaohs-silver.com\/es\/wp-json\/wp\/v2\/pages\/10900\/revisions"}],"wp:attachment":[{"href":"https:\/\/pharaohs-silver.com\/es\/wp-json\/wp\/v2\/media?parent=10900"}],"curies":[{"name":"wp","href":"https:\/\/api.w.org\/{rel}","templated":true}]}}