{"id":11156,"date":"2021-04-17T15:38:21","date_gmt":"2021-04-17T13:38:21","guid":{"rendered":"https:\/\/pharaohs-silver.com\/politica-de-devoluciones\/"},"modified":"2024-11-27T01:57:07","modified_gmt":"2024-11-27T00:57:07","slug":"politica-de-devoluciones","status":"publish","type":"page","link":"https:\/\/pharaohs-silver.com\/es\/politica-de-devoluciones\/","title":{"rendered":"Pol\u00edtica de devoluciones"},"content":{"rendered":"\t\t<div data-elementor-type=\"wp-page\" data-elementor-id=\"11156\" class=\"elementor elementor-11156 elementor-2194\" data-elementor-post-type=\"page\">\n\t\t\t\t<div class=\"elementor-element elementor-element-bdeb53e e-flex e-con-boxed e-con e-parent\" data-id=\"bdeb53e\" data-element_type=\"container\" data-e-type=\"container\">\n\t\t\t\t\t<div class=\"e-con-inner\">\n\t\t\t\t<div class=\"elementor-element elementor-element-99de7cf elementor-widget elementor-widget-heading\" data-id=\"99de7cf\" data-element_type=\"widget\" data-e-type=\"widget\" data-widget_type=\"heading.default\">\n\t\t\t\t<div class=\"elementor-widget-container\">\n\t\t\t\t\t<h2 class=\"elementor-heading-title elementor-size-default\">Pol\u00edtica de devoluciones<\/h2>\t\t\t\t<\/div>\n\t\t\t\t<\/div>\n\t\t\t\t<div class=\"elementor-element elementor-element-464a93b elementor-widget elementor-widget-text-editor\" data-id=\"464a93b\" data-element_type=\"widget\" data-e-type=\"widget\" data-widget_type=\"text-editor.default\">\n\t\t\t\t<div class=\"elementor-widget-container\">\n\t\t\t\t\t\t\t\t\t<div>\n<div>Tienes derecho a desistir de este contrato en un plazo de<strong> 30 d\u00edas<\/strong> sin dar ninguna raz\u00f3n, siempre que los art\u00edculos se devuelvan en buen estado y sin usar.<\/div>\n<div> <\/div>\n<div>El plazo de desistimiento expirar\u00e1 a los <strong>30 d\u00edas<\/strong> del d\u00eda en que adquieras, o un tercero por ti indicado y distinto del transportista adquiera, la posesi\u00f3n material de los bienes.<\/div>\n<div> <\/div>\n<div>\n<div>\n<div>Para iniciar el proceso de devoluci\u00f3n, debes informarnos:<\/div>\n<ul>\n<li><a href=\"https:\/\/pharaohs-silver.com\/return-form\/\">Formulario de devoluci\u00f3n<\/a><\/li>\n<li>Correo electr\u00f3nico: returns@pharaohs-silver.com<\/li>\n<\/ul>\n<\/div>\n<\/div>\n<div> <\/div>\n<\/div>\n\t\t\t\t\t\t\t\t<\/div>\n\t\t\t\t<\/div>\n\t\t\t\t<div class=\"elementor-element elementor-element-0796101 elementor-widget elementor-widget-heading\" data-id=\"0796101\" data-element_type=\"widget\" data-e-type=\"widget\" data-widget_type=\"heading.default\">\n\t\t\t\t<div class=\"elementor-widget-container\">\n\t\t\t\t\t<h2 class=\"elementor-heading-title elementor-size-default\">Devuelve los detalles\n<\/h2>\t\t\t\t<\/div>\n\t\t\t\t<\/div>\n\t\t\t\t<div class=\"elementor-element elementor-element-22772d7 elementor-widget elementor-widget-text-editor\" data-id=\"22772d7\" data-element_type=\"widget\" data-e-type=\"widget\" data-widget_type=\"text-editor.default\">\n\t\t\t\t<div class=\"elementor-widget-container\">\n\t\t\t\t\t\t\t\t\t<p>Si desistes de este contrato, te reembolsaremos todos los pagos que hayamos recibido de ti, excluidos los gastos de env\u00edo si procede, sin ninguna demora indebida y, en cualquier caso, a m\u00e1s tardar 14 d\u00edas a partir del d\u00eda en que recibamos los art\u00edculos devueltos.&nbsp;<\/p>\n<p>Efectuaremos dicho reembolso utilizando el mismo medio de pago que utilizaste para la transacci\u00f3n inicial, a menos que se acuerde otra cosa.<\/p>\t\t\t\t\t\t\t\t<\/div>\n\t\t\t\t<\/div>\n\t\t\t\t\t<\/div>\n\t\t\t\t<\/div>\n\t\t\t\t<\/div>\n\t\t","protected":false},"excerpt":{"rendered":"<p>Pol\u00edtica de devoluciones Tienes derecho a desistir de este contrato en un plazo de 30 d\u00edas sin dar ninguna raz\u00f3n, siempre que los art\u00edculos se devuelvan en buen estado y sin usar. El plazo de desistimiento expirar\u00e1 a los 30 d\u00edas del d\u00eda en que adquieras, o un tercero por ti indicado y distinto del [&hellip;]<\/p>\n","protected":false},"author":1,"featured_media":0,"parent":0,"menu_order":0,"comment_status":"closed","ping_status":"closed","template":"","meta":{"_acf_changed":false,"footnotes":""},"class_list":["post-11156","page","type-page","status-publish","hentry"],"blocksy_meta":[],"acf":[],"jetpack_sharing_enabled":true,"_links":{"self":[{"href":"https:\/\/pharaohs-silver.com\/es\/wp-json\/wp\/v2\/pages\/11156","targetHints":{"allow":["GET"]}}],"collection":[{"href":"https:\/\/pharaohs-silver.com\/es\/wp-json\/wp\/v2\/pages"}],"about":[{"href":"https:\/\/pharaohs-silver.com\/es\/wp-json\/wp\/v2\/types\/page"}],"author":[{"embeddable":true,"href":"https:\/\/pharaohs-silver.com\/es\/wp-json\/wp\/v2\/users\/1"}],"replies":[{"embeddable":true,"href":"https:\/\/pharaohs-silver.com\/es\/wp-json\/wp\/v2\/comments?post=11156"}],"version-history":[{"count":0,"href":"https:\/\/pharaohs-silver.com\/es\/wp-json\/wp\/v2\/pages\/11156\/revisions"}],"wp:attachment":[{"href":"https:\/\/pharaohs-silver.com\/es\/wp-json\/wp\/v2\/media?parent=11156"}],"curies":[{"name":"wp","href":"https:\/\/api.w.org\/{rel}","templated":true}]}}