{"id":11160,"date":"2024-09-22T14:20:30","date_gmt":"2024-09-22T12:20:30","guid":{"rendered":"https:\/\/pharaohs-silver.com\/product\/collar-de-plata-alas-de-la-reina\/"},"modified":"2024-09-22T14:20:30","modified_gmt":"2024-09-22T12:20:30","slug":"collar-de-plata-alas-de-la-reina","status":"publish","type":"product","link":"https:\/\/pharaohs-silver.com\/es\/producto\/collar-de-plata-alas-de-la-reina\/","title":{"rendered":"Collar de plata Alas de la reina"},"content":{"rendered":"<p>Abraza el encanto del Antiguo Egipto con nuestro exclusivo Alas de la reina. Esta pieza con calidad de reliquia, hecha a mano en preciosa plata de ley, combina el simbolismo atemporal con la elegancia moderna. Deja que este tesoro \u00fanico se convierta en tu accesorio caracter\u00edstico, contando una historia de renacimiento, transformaci\u00f3n y buena fortuna con cada uso.  <\/p>\n<p>Imagina que entras en una habitaci\u00f3n y todas las miradas se dirigen al fascinante Alas de la reina que descansa gr\u00e1cilmente en tu clav\u00edcula. Nuestro Alas de la reina no es s\u00f3lo una joya; es un tema de conversaci\u00f3n, un trozo de historia y un reflejo de tu esp\u00edritu \u00fanico. <\/p>\n","protected":false},"excerpt":{"rendered":"<p>El escarabajo, venerado por los antiguos egipcios como s\u00edmbolo del renacimiento, tiene las alas anchas y extendidas con incrustaciones de piedras de color cornalina.<\/p>\n<p>Esta obra maestra con calidad de reliquia est\u00e1 hecha a mano en preciosa plata de ley 925.<\/p>\n","protected":false},"featured_media":11162,"comment_status":"open","ping_status":"closed","template":"","meta":{"_acf_changed":false},"product_brand":[],"product_cat":[158,155],"product_tag":[171,179,174,181,178],"class_list":{"0":"post-11160","1":"product","2":"type-product","3":"status-publish","4":"has-post-thumbnail","6":"product_cat-necklace-es","7":"product_cat-jewellery-es","8":"product_tag-angie-salama-es","9":"product_tag-pharaonic-es","10":"product_tag-handmade-es","11":"product_tag-women-es","12":"product_tag-silver-es","14":"first","15":"instock","16":"taxable","17":"shipping-taxable","18":"purchasable","19":"product-type-simple"},"acf":{"prdkt_w_g":73,"prdkt_cpg":1.82,"prdkt_img_raw":""},"jetpack_sharing_enabled":true,"_links":{"self":[{"href":"https:\/\/pharaohs-silver.com\/es\/wp-json\/wp\/v2\/product\/11160","targetHints":{"allow":["GET"]}}],"collection":[{"href":"https:\/\/pharaohs-silver.com\/es\/wp-json\/wp\/v2\/product"}],"about":[{"href":"https:\/\/pharaohs-silver.com\/es\/wp-json\/wp\/v2\/types\/product"}],"replies":[{"embeddable":true,"href":"https:\/\/pharaohs-silver.com\/es\/wp-json\/wp\/v2\/comments?post=11160"}],"version-history":[{"count":0,"href":"https:\/\/pharaohs-silver.com\/es\/wp-json\/wp\/v2\/product\/11160\/revisions"}],"wp:featuredmedia":[{"embeddable":true,"href":"https:\/\/pharaohs-silver.com\/es\/wp-json\/wp\/v2\/media\/11162"}],"wp:attachment":[{"href":"https:\/\/pharaohs-silver.com\/es\/wp-json\/wp\/v2\/media?parent=11160"}],"wp:term":[{"taxonomy":"product_brand","embeddable":true,"href":"https:\/\/pharaohs-silver.com\/es\/wp-json\/wp\/v2\/product_brand?post=11160"},{"taxonomy":"product_cat","embeddable":true,"href":"https:\/\/pharaohs-silver.com\/es\/wp-json\/wp\/v2\/product_cat?post=11160"},{"taxonomy":"product_tag","embeddable":true,"href":"https:\/\/pharaohs-silver.com\/es\/wp-json\/wp\/v2\/product_tag?post=11160"}],"curies":[{"name":"wp","href":"https:\/\/api.w.org\/{rel}","templated":true}]}}