{"id":11170,"date":"2024-09-22T14:20:26","date_gmt":"2024-09-22T12:20:26","guid":{"rendered":"https:\/\/pharaohs-silver.com\/product\/collar-de-plata-juramento-de-horus-de-tutankamon\/"},"modified":"2024-09-22T14:20:26","modified_gmt":"2024-09-22T12:20:26","slug":"collar-de-plata-juramento-de-horus-de-tutankamon","status":"publish","type":"product","link":"https:\/\/pharaohs-silver.com\/es\/producto\/collar-de-plata-juramento-de-horus-de-tutankamon\/","title":{"rendered":"Collar de plata Juramento de Horus de Tutankam\u00f3n"},"content":{"rendered":"<p>Ad\u00e9ntrate en tu poder con nuestro Collar de plata Juramento de Horus de Tutankam\u00f3n hecho a mano. Una impresionante obra maestra inspirada en el ic\u00f3nico Halc\u00f3n Pectoral de Tutankam\u00f3n. Esta exquisita pieza es algo m\u00e1s que una joya; es una conexi\u00f3n emocional con la sabidur\u00eda y la fuerza ancestrales.  <\/p>\n<p>Abraza el poder del Antiguo Egipto con este collar de plata de ley hecho a mano, inspirado en el legendario halc\u00f3n pectoral de Tutankam\u00f3n. Este colgante de halc\u00f3n \u00fanico simboliza la protecci\u00f3n divina y la vida eterna, permiti\u00e9ndote llevar un trozo de historia que te da poder a diario. <\/p>\n<p>Tanto si asistes a la inauguraci\u00f3n de una galer\u00eda, como si diriges una reuni\u00f3n de la junta directiva o disfrutas de una noche de fiesta con amigos. Este collar eleva sin esfuerzo cualquier atuendo, a la vez que sirve como talism\u00e1n personal de fuerza y belleza. <\/p>\n","protected":false},"excerpt":{"rendered":"<p>Una impresionante obra maestra inspirada en el emblem\u00e1tico halc\u00f3n pectoral de Tutankam\u00f3n. Este llamativo colgante de halc\u00f3n, adornado con las alas extendidas, sostiene anillos shen y Ankhs en sus garras. <\/p>\n<p>Esta obra maestra con calidad de reliquia est\u00e1 hecha a mano en preciosa plata de ley 925.<\/p>\n","protected":false},"featured_media":11174,"comment_status":"open","ping_status":"closed","template":"","meta":{"_acf_changed":false},"product_brand":[],"product_cat":[158,155],"product_tag":[171,179,174,181,178],"class_list":{"0":"post-11170","1":"product","2":"type-product","3":"status-publish","4":"has-post-thumbnail","6":"product_cat-necklace-es","7":"product_cat-jewellery-es","8":"product_tag-angie-salama-es","9":"product_tag-pharaonic-es","10":"product_tag-handmade-es","11":"product_tag-women-es","12":"product_tag-silver-es","14":"first","15":"instock","16":"taxable","17":"shipping-taxable","18":"purchasable","19":"product-type-simple"},"acf":{"prdkt_w_g":117,"prdkt_cpg":1.82,"prdkt_img_raw":""},"jetpack_sharing_enabled":true,"_links":{"self":[{"href":"https:\/\/pharaohs-silver.com\/es\/wp-json\/wp\/v2\/product\/11170","targetHints":{"allow":["GET"]}}],"collection":[{"href":"https:\/\/pharaohs-silver.com\/es\/wp-json\/wp\/v2\/product"}],"about":[{"href":"https:\/\/pharaohs-silver.com\/es\/wp-json\/wp\/v2\/types\/product"}],"replies":[{"embeddable":true,"href":"https:\/\/pharaohs-silver.com\/es\/wp-json\/wp\/v2\/comments?post=11170"}],"version-history":[{"count":0,"href":"https:\/\/pharaohs-silver.com\/es\/wp-json\/wp\/v2\/product\/11170\/revisions"}],"wp:featuredmedia":[{"embeddable":true,"href":"https:\/\/pharaohs-silver.com\/es\/wp-json\/wp\/v2\/media\/11174"}],"wp:attachment":[{"href":"https:\/\/pharaohs-silver.com\/es\/wp-json\/wp\/v2\/media?parent=11170"}],"wp:term":[{"taxonomy":"product_brand","embeddable":true,"href":"https:\/\/pharaohs-silver.com\/es\/wp-json\/wp\/v2\/product_brand?post=11170"},{"taxonomy":"product_cat","embeddable":true,"href":"https:\/\/pharaohs-silver.com\/es\/wp-json\/wp\/v2\/product_cat?post=11170"},{"taxonomy":"product_tag","embeddable":true,"href":"https:\/\/pharaohs-silver.com\/es\/wp-json\/wp\/v2\/product_tag?post=11170"}],"curies":[{"name":"wp","href":"https:\/\/api.w.org\/{rel}","templated":true}]}}