{"id":11178,"date":"2024-09-22T14:20:38","date_gmt":"2024-09-22T12:20:38","guid":{"rendered":"https:\/\/pharaohs-silver.com\/product\/collar-de-plata-con-escarabajo-del-renacimiento-egipcio\/"},"modified":"2024-09-22T14:20:38","modified_gmt":"2024-09-22T12:20:38","slug":"collar-de-plata-con-escarabajo-del-renacimiento-egipcio","status":"publish","type":"product","link":"https:\/\/pharaohs-silver.com\/es\/producto\/collar-de-plata-con-escarabajo-del-renacimiento-egipcio\/","title":{"rendered":"Collar de plata con escarabajo del renacimiento egipcio"},"content":{"rendered":"<p>Abraza el encanto del Antiguo Egipto con nuestro exclusivo  <span style=\"font-weight: 400;\">Escarabajo del Renacimiento Egipcio<\/span>. This heirloom-quality masterpiece, handcrafted in precious 925 sterling silver, combines timeless symbolism with modern elegance. Let this unique treasure become your signature accessory, telling a story of protection, rebirth, and transformation with every wear.  <\/p>\n<p>Imagina que entras en una habitaci\u00f3n y todas las miradas se dirigen al exquisito Escarabajo del Renacimiento Egipcio que descansa gr\u00e1cilmente en tu clav\u00edcula. Nuestro Escarabajo del Renacimiento Egipcio no es s\u00f3lo una joya; es un tema de conversaci\u00f3n, una pieza de sabidur\u00eda ancestral y un reflejo de tu esp\u00edritu \u00fanico. <\/p>\n","protected":false},"excerpt":{"rendered":"<p>El escarabajo alado, venerado en la antigua cultura egipcia como s\u00edmbolo de protecci\u00f3n y renacimiento. Adornado con vibrantes piedras e incrustaciones de lapisl\u00e1zuli, cornalina y turquesa. <\/p>\n<p>El Ojo de Horus vela por ti, ofreci\u00e9ndote curaci\u00f3n y protecci\u00f3n; sobre el ojo est\u00e1 el disco solar. Las cobras flanqueantes montan guardia. Mientras delicadas flores de loto cuelgan debajo.  <\/p>\n<p>Esta obra maestra con calidad de reliquia est\u00e1 hecha a mano en preciosa plata de ley 925.<\/p>\n","protected":false},"featured_media":11179,"comment_status":"open","ping_status":"closed","template":"","meta":{"_acf_changed":false},"product_brand":[],"product_cat":[158,155],"product_tag":[171,179,174,181,178],"class_list":{"0":"post-11178","1":"product","2":"type-product","3":"status-publish","4":"has-post-thumbnail","6":"product_cat-necklace-es","7":"product_cat-jewellery-es","8":"product_tag-angie-salama-es","9":"product_tag-pharaonic-es","10":"product_tag-handmade-es","11":"product_tag-women-es","12":"product_tag-silver-es","14":"first","15":"instock","16":"taxable","17":"shipping-taxable","18":"purchasable","19":"product-type-simple"},"acf":{"prdkt_w_g":102,"prdkt_cpg":1.82,"prdkt_img_raw":""},"jetpack_sharing_enabled":true,"_links":{"self":[{"href":"https:\/\/pharaohs-silver.com\/es\/wp-json\/wp\/v2\/product\/11178","targetHints":{"allow":["GET"]}}],"collection":[{"href":"https:\/\/pharaohs-silver.com\/es\/wp-json\/wp\/v2\/product"}],"about":[{"href":"https:\/\/pharaohs-silver.com\/es\/wp-json\/wp\/v2\/types\/product"}],"replies":[{"embeddable":true,"href":"https:\/\/pharaohs-silver.com\/es\/wp-json\/wp\/v2\/comments?post=11178"}],"version-history":[{"count":0,"href":"https:\/\/pharaohs-silver.com\/es\/wp-json\/wp\/v2\/product\/11178\/revisions"}],"wp:featuredmedia":[{"embeddable":true,"href":"https:\/\/pharaohs-silver.com\/es\/wp-json\/wp\/v2\/media\/11179"}],"wp:attachment":[{"href":"https:\/\/pharaohs-silver.com\/es\/wp-json\/wp\/v2\/media?parent=11178"}],"wp:term":[{"taxonomy":"product_brand","embeddable":true,"href":"https:\/\/pharaohs-silver.com\/es\/wp-json\/wp\/v2\/product_brand?post=11178"},{"taxonomy":"product_cat","embeddable":true,"href":"https:\/\/pharaohs-silver.com\/es\/wp-json\/wp\/v2\/product_cat?post=11178"},{"taxonomy":"product_tag","embeddable":true,"href":"https:\/\/pharaohs-silver.com\/es\/wp-json\/wp\/v2\/product_tag?post=11178"}],"curies":[{"name":"wp","href":"https:\/\/api.w.org\/{rel}","templated":true}]}}