{"id":11181,"date":"2024-09-22T14:20:52","date_gmt":"2024-09-22T12:20:52","guid":{"rendered":"https:\/\/pharaohs-silver.com\/product\/collar-de-plata-pavo-real-de-hathor\/"},"modified":"2024-09-22T14:20:52","modified_gmt":"2024-09-22T12:20:52","slug":"collar-de-plata-pavo-real-de-hathor","status":"publish","type":"product","link":"https:\/\/pharaohs-silver.com\/es\/producto\/collar-de-plata-pavo-real-de-hathor\/","title":{"rendered":"Collar de Plata Pavo Real de Hathor"},"content":{"rendered":"<p>Abraza el encanto de la belleza de la naturaleza con nuestro exclusivo  <span style=\"font-weight: 400;\">Pavo real de Hathor<\/span>. This heirloom-quality masterpiece, handcrafted in precious 925 sterling silver, combines timeless symbolism with modern elegance. Let this unique treasure become your signature accessory, telling a story of freedom, protection, peace and wisdom with every wear. Imagine stepping into a room, all eyes drawn to the exquisite   <\/p>\n<p> <span style=\"font-weight: 400;\">Pavo real de Hathor<\/span>  descansando graciosamente sobre tus hombros, con sus intrincados dise\u00f1os florales danzando a la luz. Nuestro   <span style=\"font-weight: 400;\">Pavo real de Hathor<\/span>  no es s\u00f3lo una joya; es un tema de conversaci\u00f3n, una obra de arte de la naturaleza y un reflejo de tu esp\u00edritu libre.<\/p>\n","protected":false},"excerpt":{"rendered":"<p>Presenta un gran brazalete curvado de plata con intrincados dise\u00f1os florales. El collar tiene una escultura en 3D de un p\u00e1jaro tuc\u00e1n, rodeado de conchas marinas y flores de loto <\/p>\n<p>Esta obra maestra con calidad de reliquia est\u00e1 hecha a mano en preciosa plata de ley 925.<\/p>\n","protected":false},"featured_media":11182,"comment_status":"open","ping_status":"closed","template":"","meta":{"_acf_changed":false},"product_brand":[],"product_cat":[158,155],"product_tag":[171,179,174,181,178],"class_list":{"0":"post-11181","1":"product","2":"type-product","3":"status-publish","4":"has-post-thumbnail","6":"product_cat-necklace-es","7":"product_cat-jewellery-es","8":"product_tag-angie-salama-es","9":"product_tag-pharaonic-es","10":"product_tag-handmade-es","11":"product_tag-women-es","12":"product_tag-silver-es","14":"first","15":"instock","16":"taxable","17":"shipping-taxable","18":"purchasable","19":"product-type-simple"},"acf":{"prdkt_w_g":92.5,"prdkt_cpg":1.82,"prdkt_img_raw":""},"jetpack_sharing_enabled":true,"_links":{"self":[{"href":"https:\/\/pharaohs-silver.com\/es\/wp-json\/wp\/v2\/product\/11181","targetHints":{"allow":["GET"]}}],"collection":[{"href":"https:\/\/pharaohs-silver.com\/es\/wp-json\/wp\/v2\/product"}],"about":[{"href":"https:\/\/pharaohs-silver.com\/es\/wp-json\/wp\/v2\/types\/product"}],"replies":[{"embeddable":true,"href":"https:\/\/pharaohs-silver.com\/es\/wp-json\/wp\/v2\/comments?post=11181"}],"version-history":[{"count":0,"href":"https:\/\/pharaohs-silver.com\/es\/wp-json\/wp\/v2\/product\/11181\/revisions"}],"wp:featuredmedia":[{"embeddable":true,"href":"https:\/\/pharaohs-silver.com\/es\/wp-json\/wp\/v2\/media\/11182"}],"wp:attachment":[{"href":"https:\/\/pharaohs-silver.com\/es\/wp-json\/wp\/v2\/media?parent=11181"}],"wp:term":[{"taxonomy":"product_brand","embeddable":true,"href":"https:\/\/pharaohs-silver.com\/es\/wp-json\/wp\/v2\/product_brand?post=11181"},{"taxonomy":"product_cat","embeddable":true,"href":"https:\/\/pharaohs-silver.com\/es\/wp-json\/wp\/v2\/product_cat?post=11181"},{"taxonomy":"product_tag","embeddable":true,"href":"https:\/\/pharaohs-silver.com\/es\/wp-json\/wp\/v2\/product_tag?post=11181"}],"curies":[{"name":"wp","href":"https:\/\/api.w.org\/{rel}","templated":true}]}}