{"id":11190,"date":"2024-09-22T14:20:56","date_gmt":"2024-09-22T12:20:56","guid":{"rendered":"https:\/\/pharaohs-silver.com\/product\/collar-de-plata-nilo-turquesa\/"},"modified":"2024-09-22T14:20:56","modified_gmt":"2024-09-22T12:20:56","slug":"collar-de-plata-nilo-turquesa","status":"publish","type":"product","link":"https:\/\/pharaohs-silver.com\/es\/producto\/collar-de-plata-nilo-turquesa\/","title":{"rendered":"Collar de Plata Nilo Turquesa"},"content":{"rendered":"<p>Abraza el encanto de la m\u00edstica del antiguo Egipto con nuestro exclusivo Nilo Turquesa. Esta obra maestra con calidad de reliquia, elaborada a mano en preciosa plata de ley 925, combina el simbolismo atemporal con la elegancia contempor\u00e1nea. Deja que este tesoro \u00fanico se convierta en tu accesorio caracter\u00edstico, contando una historia de protecci\u00f3n divina, orden c\u00f3smico y energ\u00eda curativa con cada uso.  <\/p>\n<p>Imagina que entras en una habitaci\u00f3n y todas las miradas se fijan en los hipnotizantes motivos geom\u00e9tricos que adornan tu cuello, con vibrantes piedras turquesa fijadas en los extremos. Nuestro Nilo Turquesa no es s\u00f3lo una joya; es un tema de conversaci\u00f3n, una pieza de antigua magia protectora y un reflejo de tu esp\u00edritu sofisticado y celestial. <\/p>\n","protected":false},"excerpt":{"rendered":"<p>Con elementos rectangulares alargados adornados con vibrantes piedras de color turquesa en sus extremos. Los motivos geom\u00e9tricos hacen eco de la comprensi\u00f3n del orden c\u00f3smico de los antiguos egipcios. <\/p>\n<p>Esta pieza \u00fanica, tiene dos caras ponibles<\/p>\n<p>Esta obra maestra con calidad de reliquia est\u00e1 hecha a mano en preciosa plata de ley 925.<\/p>\n","protected":false},"featured_media":11191,"comment_status":"open","ping_status":"closed","template":"","meta":{"_acf_changed":false},"product_brand":[],"product_cat":[158,155],"product_tag":[171,179,174,181,178],"class_list":{"0":"post-11190","1":"product","2":"type-product","3":"status-publish","4":"has-post-thumbnail","6":"product_cat-necklace-es","7":"product_cat-jewellery-es","8":"product_tag-angie-salama-es","9":"product_tag-pharaonic-es","10":"product_tag-handmade-es","11":"product_tag-women-es","12":"product_tag-silver-es","14":"first","15":"instock","16":"taxable","17":"shipping-taxable","18":"purchasable","19":"product-type-simple"},"acf":{"prdkt_w_g":93,"prdkt_cpg":1.82,"prdkt_img_raw":""},"jetpack_sharing_enabled":true,"_links":{"self":[{"href":"https:\/\/pharaohs-silver.com\/es\/wp-json\/wp\/v2\/product\/11190","targetHints":{"allow":["GET"]}}],"collection":[{"href":"https:\/\/pharaohs-silver.com\/es\/wp-json\/wp\/v2\/product"}],"about":[{"href":"https:\/\/pharaohs-silver.com\/es\/wp-json\/wp\/v2\/types\/product"}],"replies":[{"embeddable":true,"href":"https:\/\/pharaohs-silver.com\/es\/wp-json\/wp\/v2\/comments?post=11190"}],"version-history":[{"count":0,"href":"https:\/\/pharaohs-silver.com\/es\/wp-json\/wp\/v2\/product\/11190\/revisions"}],"wp:featuredmedia":[{"embeddable":true,"href":"https:\/\/pharaohs-silver.com\/es\/wp-json\/wp\/v2\/media\/11191"}],"wp:attachment":[{"href":"https:\/\/pharaohs-silver.com\/es\/wp-json\/wp\/v2\/media?parent=11190"}],"wp:term":[{"taxonomy":"product_brand","embeddable":true,"href":"https:\/\/pharaohs-silver.com\/es\/wp-json\/wp\/v2\/product_brand?post=11190"},{"taxonomy":"product_cat","embeddable":true,"href":"https:\/\/pharaohs-silver.com\/es\/wp-json\/wp\/v2\/product_cat?post=11190"},{"taxonomy":"product_tag","embeddable":true,"href":"https:\/\/pharaohs-silver.com\/es\/wp-json\/wp\/v2\/product_tag?post=11190"}],"curies":[{"name":"wp","href":"https:\/\/api.w.org\/{rel}","templated":true}]}}