{"id":11193,"date":"2024-09-22T14:20:47","date_gmt":"2024-09-22T12:20:47","guid":{"rendered":"https:\/\/pharaohs-silver.com\/product\/collar-de-plata-cairo-mystique\/"},"modified":"2024-09-22T14:20:47","modified_gmt":"2024-09-22T12:20:47","slug":"collar-de-plata-cairo-mystique","status":"publish","type":"product","link":"https:\/\/pharaohs-silver.com\/es\/producto\/collar-de-plata-cairo-mystique\/","title":{"rendered":"Collar de plata Cairo Mystique"},"content":{"rendered":"<p>Abraza el encanto de la elegancia del antiguo Egipto con nuestro exclusivo M\u00edstica de El Cairo. Esta obra maestra con calidad de reliquia, elaborada a mano en preciosa plata de ley 925, combina el simbolismo atemporal con el estilo contempor\u00e1neo. Deja que este tesoro \u00fanico se convierta en tu accesorio caracter\u00edstico, contando una historia de protecci\u00f3n y belleza celestial con cada uso.  <\/p>\n","protected":false},"excerpt":{"rendered":"<p>Con una serie de cuentas circulares chapadas en oro. Al final de este collar \u00fanico cuelga una luna creciente con abalorios. Cada cuenta representa un cuerpo celeste, creando un cosmos en miniatura alrededor de tu cuello.  <\/p>\n<p>Esta obra maestra con calidad de reliquia est\u00e1 hecha a mano en preciosa plata de ley 925.<\/p>\n","protected":false},"featured_media":11195,"comment_status":"open","ping_status":"closed","template":"","meta":{"_acf_changed":false},"product_brand":[],"product_cat":[158,155],"product_tag":[171,179,174,181,178],"class_list":{"0":"post-11193","1":"product","2":"type-product","3":"status-publish","4":"has-post-thumbnail","6":"product_cat-necklace-es","7":"product_cat-jewellery-es","8":"product_tag-angie-salama-es","9":"product_tag-pharaonic-es","10":"product_tag-handmade-es","11":"product_tag-women-es","12":"product_tag-silver-es","14":"first","15":"instock","16":"taxable","17":"shipping-taxable","18":"purchasable","19":"product-type-simple"},"acf":{"prdkt_w_g":54,"prdkt_cpg":1.82,"prdkt_img_raw":""},"jetpack_sharing_enabled":true,"_links":{"self":[{"href":"https:\/\/pharaohs-silver.com\/es\/wp-json\/wp\/v2\/product\/11193","targetHints":{"allow":["GET"]}}],"collection":[{"href":"https:\/\/pharaohs-silver.com\/es\/wp-json\/wp\/v2\/product"}],"about":[{"href":"https:\/\/pharaohs-silver.com\/es\/wp-json\/wp\/v2\/types\/product"}],"replies":[{"embeddable":true,"href":"https:\/\/pharaohs-silver.com\/es\/wp-json\/wp\/v2\/comments?post=11193"}],"version-history":[{"count":0,"href":"https:\/\/pharaohs-silver.com\/es\/wp-json\/wp\/v2\/product\/11193\/revisions"}],"wp:featuredmedia":[{"embeddable":true,"href":"https:\/\/pharaohs-silver.com\/es\/wp-json\/wp\/v2\/media\/11195"}],"wp:attachment":[{"href":"https:\/\/pharaohs-silver.com\/es\/wp-json\/wp\/v2\/media?parent=11193"}],"wp:term":[{"taxonomy":"product_brand","embeddable":true,"href":"https:\/\/pharaohs-silver.com\/es\/wp-json\/wp\/v2\/product_brand?post=11193"},{"taxonomy":"product_cat","embeddable":true,"href":"https:\/\/pharaohs-silver.com\/es\/wp-json\/wp\/v2\/product_cat?post=11193"},{"taxonomy":"product_tag","embeddable":true,"href":"https:\/\/pharaohs-silver.com\/es\/wp-json\/wp\/v2\/product_tag?post=11193"}],"curies":[{"name":"wp","href":"https:\/\/api.w.org\/{rel}","templated":true}]}}