{"id":11203,"date":"2024-09-22T14:21:16","date_gmt":"2024-09-22T12:21:16","guid":{"rendered":"https:\/\/pharaohs-silver.com\/product\/collar-de-plata-mystic-nile-jewels\/"},"modified":"2024-09-22T14:21:16","modified_gmt":"2024-09-22T12:21:16","slug":"collar-de-plata-mystic-nile-jewels","status":"publish","type":"product","link":"https:\/\/pharaohs-silver.com\/es\/producto\/collar-de-plata-mystic-nile-jewels\/","title":{"rendered":"Collar de plata Mystic Nile Jewels"},"content":{"rendered":"<p>Abraza el encanto de la elegancia del antiguo Egipto con nuestro exclusivo Joyas m\u00edsticas del Nilo. Esta obra maestra con calidad de reliquia, elaborada a mano en preciosa plata de ley 925, combina el simbolismo atemporal con el estilo \u00e9tnico. Deja que este tesoro \u00fanico se convierta en tu accesorio caracter\u00edstico, contando una historia de protecci\u00f3n, energ\u00eda y conexi\u00f3n divina con cada uso.  <\/p>\n<p>Imagina que entras en una habitaci\u00f3n y todas las miradas se dirigen a los atrevidos motivos geom\u00e9tricos que adornan tu cuello. Nuestro Joyas m\u00edsticas del Nilo no es s\u00f3lo una joya; es un tema de conversaci\u00f3n, una pieza de arte antiguo y un reflejo de tu esp\u00edritu sofisticado y aventurero. <\/p>\n","protected":false},"excerpt":{"rendered":"<p>Los elementos rectangulares, con incrustaciones de vibrantes piedras de cornalina, protagonizan esta pieza atrevida y llamativa. Cada piedra de cornalina, asociada al dios del sol Ra. <\/p>\n<p>Esta obra maestra con calidad de reliquia est\u00e1 hecha a mano en preciosa plata de ley 925.<\/p>\n","protected":false},"featured_media":11204,"comment_status":"open","ping_status":"closed","template":"","meta":{"_acf_changed":false},"product_brand":[],"product_cat":[158,155],"product_tag":[171,179,174,181,178],"class_list":{"0":"post-11203","1":"product","2":"type-product","3":"status-publish","4":"has-post-thumbnail","6":"product_cat-necklace-es","7":"product_cat-jewellery-es","8":"product_tag-angie-salama-es","9":"product_tag-pharaonic-es","10":"product_tag-handmade-es","11":"product_tag-women-es","12":"product_tag-silver-es","14":"first","15":"instock","16":"taxable","17":"shipping-taxable","18":"purchasable","19":"product-type-simple"},"acf":{"prdkt_w_g":91,"prdkt_cpg":1.82,"prdkt_img_raw":""},"jetpack_sharing_enabled":true,"_links":{"self":[{"href":"https:\/\/pharaohs-silver.com\/es\/wp-json\/wp\/v2\/product\/11203","targetHints":{"allow":["GET"]}}],"collection":[{"href":"https:\/\/pharaohs-silver.com\/es\/wp-json\/wp\/v2\/product"}],"about":[{"href":"https:\/\/pharaohs-silver.com\/es\/wp-json\/wp\/v2\/types\/product"}],"replies":[{"embeddable":true,"href":"https:\/\/pharaohs-silver.com\/es\/wp-json\/wp\/v2\/comments?post=11203"}],"version-history":[{"count":0,"href":"https:\/\/pharaohs-silver.com\/es\/wp-json\/wp\/v2\/product\/11203\/revisions"}],"wp:featuredmedia":[{"embeddable":true,"href":"https:\/\/pharaohs-silver.com\/es\/wp-json\/wp\/v2\/media\/11204"}],"wp:attachment":[{"href":"https:\/\/pharaohs-silver.com\/es\/wp-json\/wp\/v2\/media?parent=11203"}],"wp:term":[{"taxonomy":"product_brand","embeddable":true,"href":"https:\/\/pharaohs-silver.com\/es\/wp-json\/wp\/v2\/product_brand?post=11203"},{"taxonomy":"product_cat","embeddable":true,"href":"https:\/\/pharaohs-silver.com\/es\/wp-json\/wp\/v2\/product_cat?post=11203"},{"taxonomy":"product_tag","embeddable":true,"href":"https:\/\/pharaohs-silver.com\/es\/wp-json\/wp\/v2\/product_tag?post=11203"}],"curies":[{"name":"wp","href":"https:\/\/api.w.org\/{rel}","templated":true}]}}