{"id":11205,"date":"2024-09-22T14:21:05","date_gmt":"2024-09-22T12:21:05","guid":{"rendered":"https:\/\/pharaohs-silver.com\/product\/collar-minimalista-kerdan-de-plata\/"},"modified":"2024-09-22T14:21:05","modified_gmt":"2024-09-22T12:21:05","slug":"collar-minimalista-kerdan-de-plata","status":"publish","type":"product","link":"https:\/\/pharaohs-silver.com\/es\/producto\/collar-minimalista-kerdan-de-plata\/","title":{"rendered":"Collar minimalista Kerdan de plata"},"content":{"rendered":"<p>Abraza el encanto de la m\u00edstica del antiguo Egipto con nuestro exclusivo Kerdan minimalista. Esta obra maestra con calidad de reliquia, elaborada a mano en preciosa plata de ley 925, combina el simbolismo atemporal con la elegancia contempor\u00e1nea. Deja que este tesoro \u00fanico se convierta en tu accesorio caracter\u00edstico, contando una historia de vida eterna, protecci\u00f3n y conexi\u00f3n c\u00f3smica con cada uso.  <\/p>\n<p>Imagina que entras en una habitaci\u00f3n y todas las miradas se dirigen a los hipnotizantes motivos circulares que adornan tu cuello. Nuestro Kerdan minimalista no es s\u00f3lo una joya; es un tema de conversaci\u00f3n, una pieza de antigua sabidur\u00eda c\u00f3smica y un reflejo de tu esp\u00edritu sofisticado y eterno. <\/p>\n","protected":false},"excerpt":{"rendered":"<p>Con intrincados elementos circulares, cobra protagonismo en esta pieza atrevida y llamativa. Cada c\u00edrculo representa el ciclo eterno de la vida, el poder perdurable del sol. Los elementos circulares tienen un acabado texturizado, que recuerda a las arenas del desierto y las escamas de serpiente.  <\/p>\n<p>Esta obra maestra con calidad de reliquia est\u00e1 hecha a mano en preciosa plata de ley 925.<\/p>\n","protected":false},"featured_media":11207,"comment_status":"open","ping_status":"closed","template":"","meta":{"_acf_changed":false},"product_brand":[],"product_cat":[158,155],"product_tag":[171,179,174,181,178],"class_list":{"0":"post-11205","1":"product","2":"type-product","3":"status-publish","4":"has-post-thumbnail","6":"product_cat-necklace-es","7":"product_cat-jewellery-es","8":"product_tag-angie-salama-es","9":"product_tag-pharaonic-es","10":"product_tag-handmade-es","11":"product_tag-women-es","12":"product_tag-silver-es","14":"first","15":"instock","16":"taxable","17":"shipping-taxable","18":"purchasable","19":"product-type-simple"},"acf":{"prdkt_w_g":"","prdkt_cpg":"","prdkt_img_raw":""},"jetpack_sharing_enabled":true,"_links":{"self":[{"href":"https:\/\/pharaohs-silver.com\/es\/wp-json\/wp\/v2\/product\/11205","targetHints":{"allow":["GET"]}}],"collection":[{"href":"https:\/\/pharaohs-silver.com\/es\/wp-json\/wp\/v2\/product"}],"about":[{"href":"https:\/\/pharaohs-silver.com\/es\/wp-json\/wp\/v2\/types\/product"}],"replies":[{"embeddable":true,"href":"https:\/\/pharaohs-silver.com\/es\/wp-json\/wp\/v2\/comments?post=11205"}],"version-history":[{"count":0,"href":"https:\/\/pharaohs-silver.com\/es\/wp-json\/wp\/v2\/product\/11205\/revisions"}],"wp:featuredmedia":[{"embeddable":true,"href":"https:\/\/pharaohs-silver.com\/es\/wp-json\/wp\/v2\/media\/11207"}],"wp:attachment":[{"href":"https:\/\/pharaohs-silver.com\/es\/wp-json\/wp\/v2\/media?parent=11205"}],"wp:term":[{"taxonomy":"product_brand","embeddable":true,"href":"https:\/\/pharaohs-silver.com\/es\/wp-json\/wp\/v2\/product_brand?post=11205"},{"taxonomy":"product_cat","embeddable":true,"href":"https:\/\/pharaohs-silver.com\/es\/wp-json\/wp\/v2\/product_cat?post=11205"},{"taxonomy":"product_tag","embeddable":true,"href":"https:\/\/pharaohs-silver.com\/es\/wp-json\/wp\/v2\/product_tag?post=11205"}],"curies":[{"name":"wp","href":"https:\/\/api.w.org\/{rel}","templated":true}]}}