{"id":11219,"date":"2024-09-22T14:21:30","date_gmt":"2024-09-22T12:21:30","guid":{"rendered":"https:\/\/pharaohs-silver.com\/product\/collar-de-plata-gracia-de-sekhmet-2\/"},"modified":"2024-09-22T14:21:30","modified_gmt":"2024-09-22T12:21:30","slug":"collar-de-plata-gracia-de-sekhmet-2","status":"publish","type":"product","link":"https:\/\/pharaohs-silver.com\/es\/producto\/collar-de-plata-gracia-de-sekhmet-2\/","title":{"rendered":"Collar de Plata Gracia de Sekhmet"},"content":{"rendered":"<p>Abraza el encanto de la fuerza ancestral con nuestro exclusivo La Gracia de Sekhmet. Deja que este tesoro \u00fanico se convierta en tu accesorio caracter\u00edstico, contando una historia de poder, protecci\u00f3n y dualidad con cada uso. <\/p>\n<p>Imagina que entras en una habitaci\u00f3n y todas las miradas se dirigen a las atrevidas e intrincadas dagas enfundadas que adornan tu cuello. Nuestro La Gracia de Sekhmet no es s\u00f3lo una joya; es un tema de conversaci\u00f3n, una pieza de poder ancestral y un reflejo de tu esp\u00edritu feroz y polifac\u00e9tico. <\/p>\n","protected":false},"excerpt":{"rendered":"<p>Con un motivo repetitivo de dagas envainadas, donde cada intrincada daga, representa la doble naturaleza de Sekhmet. La temible diosa de la guerra y la curaci\u00f3n. Combina un simbolismo intemporal con un toque \u00e9tnico.  <\/p>\n<p>Esta obra maestra con calidad de reliquia est\u00e1 hecha a mano en preciosa plata de ley 925.<\/p>\n","protected":false},"featured_media":11220,"comment_status":"open","ping_status":"closed","template":"","meta":{"_acf_changed":false},"product_brand":[],"product_cat":[158,155],"product_tag":[171,179,174,181,178],"class_list":{"0":"post-11219","1":"product","2":"type-product","3":"status-publish","4":"has-post-thumbnail","6":"product_cat-necklace-es","7":"product_cat-jewellery-es","8":"product_tag-angie-salama-es","9":"product_tag-pharaonic-es","10":"product_tag-handmade-es","11":"product_tag-women-es","12":"product_tag-silver-es","14":"first","15":"instock","16":"taxable","17":"shipping-taxable","18":"purchasable","19":"product-type-simple"},"acf":{"prdkt_w_g":65,"prdkt_cpg":1.82,"prdkt_img_raw":""},"jetpack_sharing_enabled":true,"_links":{"self":[{"href":"https:\/\/pharaohs-silver.com\/es\/wp-json\/wp\/v2\/product\/11219","targetHints":{"allow":["GET"]}}],"collection":[{"href":"https:\/\/pharaohs-silver.com\/es\/wp-json\/wp\/v2\/product"}],"about":[{"href":"https:\/\/pharaohs-silver.com\/es\/wp-json\/wp\/v2\/types\/product"}],"replies":[{"embeddable":true,"href":"https:\/\/pharaohs-silver.com\/es\/wp-json\/wp\/v2\/comments?post=11219"}],"version-history":[{"count":0,"href":"https:\/\/pharaohs-silver.com\/es\/wp-json\/wp\/v2\/product\/11219\/revisions"}],"wp:featuredmedia":[{"embeddable":true,"href":"https:\/\/pharaohs-silver.com\/es\/wp-json\/wp\/v2\/media\/11220"}],"wp:attachment":[{"href":"https:\/\/pharaohs-silver.com\/es\/wp-json\/wp\/v2\/media?parent=11219"}],"wp:term":[{"taxonomy":"product_brand","embeddable":true,"href":"https:\/\/pharaohs-silver.com\/es\/wp-json\/wp\/v2\/product_brand?post=11219"},{"taxonomy":"product_cat","embeddable":true,"href":"https:\/\/pharaohs-silver.com\/es\/wp-json\/wp\/v2\/product_cat?post=11219"},{"taxonomy":"product_tag","embeddable":true,"href":"https:\/\/pharaohs-silver.com\/es\/wp-json\/wp\/v2\/product_tag?post=11219"}],"curies":[{"name":"wp","href":"https:\/\/api.w.org\/{rel}","templated":true}]}}