{"id":11222,"date":"2024-09-22T14:21:34","date_gmt":"2024-09-22T12:21:34","guid":{"rendered":"https:\/\/pharaohs-silver.com\/product\/collar-de-plata-susurro-de-la-piramide\/"},"modified":"2024-09-22T14:21:34","modified_gmt":"2024-09-22T12:21:34","slug":"collar-de-plata-susurro-de-la-piramide","status":"publish","type":"product","link":"https:\/\/pharaohs-silver.com\/es\/producto\/collar-de-plata-susurro-de-la-piramide\/","title":{"rendered":"Collar de Plata Susurro de la Pir\u00e1mide"},"content":{"rendered":"<p>Abraza el encanto de la opulencia antigua con nuestro exclusivo Susurro de la Pir\u00e1mide. Esta obra maestra con calidad de reliquia, hecha a mano en preciosa plata de ley 925, combina el simbolismo atemporal con un toque bohemio. Deja que este tesoro \u00fanico se convierta en tu accesorio caracter\u00edstico, contando una historia de protecci\u00f3n, conexi\u00f3n divina y prosperidad con cada uso.  <\/p>\n","protected":false},"excerpt":{"rendered":"<h3><span style=\"font-weight: 400;\">Canaliza tu reina interior con el  [acf field=\"product_content_name\"]<\/span><\/h3>\n<p>Imagina que entras en una habitaci\u00f3n y todas las miradas se dirigen a las l\u00e1grimas de turquesa que adornan tu cuello. Nuestro [acf field=\"product_content_name\"] no es s\u00f3lo una joya; es un tema de conversaci\u00f3n, una pieza de sabidur\u00eda ancestral y un reflejo de tu esp\u00edritu audaz y sofisticado. <\/p>\n","protected":false},"featured_media":11223,"comment_status":"open","ping_status":"closed","template":"","meta":{"_acf_changed":false},"product_brand":[],"product_cat":[158,155],"product_tag":[171,179,174,181,178],"class_list":{"0":"post-11222","1":"product","2":"type-product","3":"status-publish","4":"has-post-thumbnail","6":"product_cat-necklace-es","7":"product_cat-jewellery-es","8":"product_tag-angie-salama-es","9":"product_tag-pharaonic-es","10":"product_tag-handmade-es","11":"product_tag-women-es","12":"product_tag-silver-es","14":"first","15":"instock","16":"taxable","17":"shipping-taxable","18":"purchasable","19":"product-type-simple"},"acf":{"prdkt_w_g":100,"prdkt_cpg":1.82,"prdkt_img_raw":""},"jetpack_sharing_enabled":true,"_links":{"self":[{"href":"https:\/\/pharaohs-silver.com\/es\/wp-json\/wp\/v2\/product\/11222","targetHints":{"allow":["GET"]}}],"collection":[{"href":"https:\/\/pharaohs-silver.com\/es\/wp-json\/wp\/v2\/product"}],"about":[{"href":"https:\/\/pharaohs-silver.com\/es\/wp-json\/wp\/v2\/types\/product"}],"replies":[{"embeddable":true,"href":"https:\/\/pharaohs-silver.com\/es\/wp-json\/wp\/v2\/comments?post=11222"}],"version-history":[{"count":0,"href":"https:\/\/pharaohs-silver.com\/es\/wp-json\/wp\/v2\/product\/11222\/revisions"}],"wp:featuredmedia":[{"embeddable":true,"href":"https:\/\/pharaohs-silver.com\/es\/wp-json\/wp\/v2\/media\/11223"}],"wp:attachment":[{"href":"https:\/\/pharaohs-silver.com\/es\/wp-json\/wp\/v2\/media?parent=11222"}],"wp:term":[{"taxonomy":"product_brand","embeddable":true,"href":"https:\/\/pharaohs-silver.com\/es\/wp-json\/wp\/v2\/product_brand?post=11222"},{"taxonomy":"product_cat","embeddable":true,"href":"https:\/\/pharaohs-silver.com\/es\/wp-json\/wp\/v2\/product_cat?post=11222"},{"taxonomy":"product_tag","embeddable":true,"href":"https:\/\/pharaohs-silver.com\/es\/wp-json\/wp\/v2\/product_tag?post=11222"}],"curies":[{"name":"wp","href":"https:\/\/api.w.org\/{rel}","templated":true}]}}