{"id":11259,"date":"2023-11-16T00:53:00","date_gmt":"2023-11-15T23:53:00","guid":{"rendered":"https:\/\/pharaohs-silver.com\/product\/anillo-de-plata-hecho-a-mano-ojo-de-ra-y-horus\/"},"modified":"2026-03-05T12:59:14","modified_gmt":"2026-03-05T11:59:14","slug":"anillo-de-plata-hecho-a-mano-ojo-de-ra-y-horus","status":"publish","type":"product","link":"https:\/\/pharaohs-silver.com\/es\/producto\/anillo-de-plata-hecho-a-mano-ojo-de-ra-y-horus\/","title":{"rendered":"Anillo de plata hecho a mano Ojo de Ra y Horus"},"content":{"rendered":"<p>Abraza el encantador encanto del Antiguo Egipto con este exquisito anillo de plata hecho a mano del Ojo de Ra y Horus. S\u00edmbolo del poder divino, la protecci\u00f3n y la curaci\u00f3n, este anillo ha cautivado a culturas de todo el mundo durante milenios, adornando el arte y la mitolog\u00eda del antiguo Egipto como representaci\u00f3n del poder, la protecci\u00f3n y la restauraci\u00f3n. Cuando lleves esta cautivadora pieza, sentir\u00e1s que te invade una sensaci\u00f3n de poder y paz interior. El mensaje de poder del Ojo de Ra y la protecci\u00f3n del Ojo de Horus servir\u00e1n como recordatorios constantes de tu propia fuerza y bienestar interiores. <\/p>\n","protected":false},"excerpt":{"rendered":"<p data-sourcepos=\"21:1-21:290\">Este fascinante anillo de plata hecho a mano Ojo de Ra y Horus. Un s\u00edmbolo de poder divino, protecci\u00f3n y curaci\u00f3n <\/p>\n<p data-sourcepos=\"21:1-21:290\">Nuestros h\u00e1biles artesanos han elaborado con pasi\u00f3n este exquisito anillo, capturando los intrincados detalles y el significado simb\u00f3lico del Ojo de Ra y el Ojo de Horus. El anillo emana un aura de elegancia atemporal y refinada artesan\u00eda. <\/p>\n<p><strong>Un regalo perfecto:<\/strong> un regalo ideal para quienes aprecian las joyas artesanales y lujosas con una historia.<\/p>\n","protected":false},"featured_media":11272,"comment_status":"open","ping_status":"closed","template":"","meta":{"_acf_changed":false},"product_brand":[],"product_cat":[165,155],"product_tag":[179,173,181,178],"class_list":{"0":"post-11259","1":"product","2":"type-product","3":"status-publish","4":"has-post-thumbnail","6":"product_cat-rings-es","7":"product_cat-jewellery-es","8":"product_tag-pharaonic-es","9":"product_tag-handcrafted-es","10":"product_tag-women-es","11":"product_tag-silver-es","12":"pa_plating-18k-gold","13":"pa_plating-24k-gold","14":"pa_plating-rose-gold","15":"pa_plating-no-plating","16":"pa_ring-size-eu-44-us-3-0","17":"pa_ring-size-eu-45-us-3-25","18":"pa_ring-size-eu-46-us-3-75","19":"pa_ring-size-eu-47-us-4-25","20":"pa_ring-size-eu-48-us-4-5","21":"pa_ring-size-eu-49-us-5-0","22":"pa_ring-size-eu-50-us-5-25","23":"pa_ring-size-eu-51-us-5-75","24":"pa_ring-size-eu-52-us-6-0","25":"pa_ring-size-eu-53-us-6-5","26":"pa_ring-size-eu-54-us-6-75","27":"pa_ring-size-eu-55-us-7-25","28":"pa_ring-size-eu-56-us-7-5","29":"pa_ring-size-eu-57-us-8-0","30":"pa_ring-size-eu-58-us-8-5","31":"pa_ring-size-eu-59-us-8-75","32":"pa_ring-size-eu-60-us-9-25","33":"pa_ring-size-eu-61-us-9-5","34":"pa_ring-size-eu-62-us-10-0","35":"pa_ring-size-eu-63-us-10-25","36":"pa_ring-size-eu-64-us-10-75","37":"pa_ring-size-eu-65-us-11-25","38":"pa_ring-size-eu-66-us-11-5","39":"pa_ring-size-eu-67-us-12-0","40":"pa_ring-size-eu-68-us-12-25","41":"pa_ring-size-eu-69-us-12-75","42":"pa_ring-size-eu-70-us-13-0","43":"pa_ring-size-eu-71-us-13-5","44":"pa_ring-size-eu-72-us-14-0","45":"pa_ring-size-talla-ajustable-anillo-abierto","47":"first","48":"instock","49":"taxable","50":"shipping-taxable","51":"purchasable","52":"product-type-variable","53":"has-default-attributes"},"acf":{"prdkt_w_g":0,"prdkt_cpg":0,"prdkt_img_raw":""},"jetpack_sharing_enabled":true,"_links":{"self":[{"href":"https:\/\/pharaohs-silver.com\/es\/wp-json\/wp\/v2\/product\/11259","targetHints":{"allow":["GET"]}}],"collection":[{"href":"https:\/\/pharaohs-silver.com\/es\/wp-json\/wp\/v2\/product"}],"about":[{"href":"https:\/\/pharaohs-silver.com\/es\/wp-json\/wp\/v2\/types\/product"}],"replies":[{"embeddable":true,"href":"https:\/\/pharaohs-silver.com\/es\/wp-json\/wp\/v2\/comments?post=11259"}],"version-history":[{"count":1,"href":"https:\/\/pharaohs-silver.com\/es\/wp-json\/wp\/v2\/product\/11259\/revisions"}],"predecessor-version":[{"id":13167,"href":"https:\/\/pharaohs-silver.com\/es\/wp-json\/wp\/v2\/product\/11259\/revisions\/13167"}],"wp:featuredmedia":[{"embeddable":true,"href":"https:\/\/pharaohs-silver.com\/es\/wp-json\/wp\/v2\/media\/11272"}],"wp:attachment":[{"href":"https:\/\/pharaohs-silver.com\/es\/wp-json\/wp\/v2\/media?parent=11259"}],"wp:term":[{"taxonomy":"product_brand","embeddable":true,"href":"https:\/\/pharaohs-silver.com\/es\/wp-json\/wp\/v2\/product_brand?post=11259"},{"taxonomy":"product_cat","embeddable":true,"href":"https:\/\/pharaohs-silver.com\/es\/wp-json\/wp\/v2\/product_cat?post=11259"},{"taxonomy":"product_tag","embeddable":true,"href":"https:\/\/pharaohs-silver.com\/es\/wp-json\/wp\/v2\/product_tag?post=11259"}],"curies":[{"name":"wp","href":"https:\/\/api.w.org\/{rel}","templated":true}]}}