{"id":11291,"date":"2023-11-18T19:27:19","date_gmt":"2023-11-18T18:27:19","guid":{"rendered":"https:\/\/pharaohs-silver.com\/product\/el-anillo-intelectual-de-plata-hecho-a-mano-con-onix\/"},"modified":"2025-05-26T15:07:31","modified_gmt":"2025-05-26T13:07:31","slug":"el-anillo-intelectual-de-plata-hecho-a-mano-con-onix","status":"publish","type":"product","link":"https:\/\/pharaohs-silver.com\/es\/producto\/el-anillo-intelectual-de-plata-hecho-a-mano-con-onix\/","title":{"rendered":"El Anillo Intelectual de Plata Hecho a Mano con \u00d3nix"},"content":{"rendered":"<p data-sourcepos=\"7:1-7:60\">Un \u00f3nice cautivador<\/p>\n<ul data-sourcepos=\"39:1-44:0\">\n<li data-sourcepos=\"39:1-39:72\">Libera tu intelecto interior con las propiedades potenciadoras del \u00f3nice<\/li>\n<li data-sourcepos=\"40:1-40:55\">Abraza la rica historia y el simbolismo de los anillos para hombre<\/li>\n<li data-sourcepos=\"41:1-41:90\">Siente la confianza y la seguridad en ti mismo que aporta llevar una obra maestra hecha a mano<\/li>\n<li data-sourcepos=\"42:1-42:81\">Disfruta de la comodidad hipoalerg\u00e9nica y la durabilidad de la plata de ley de alta calidad<\/li>\n<li data-sourcepos=\"43:1-44:0\">Causa una impresi\u00f3n duradera con un regalo que encarne la destreza intelectual y la concentraci\u00f3n<\/li>\n<\/ul>\n<p>Fabricado en plata de ley hipoalerg\u00e9nica, El Intelectual garantiza una comodidad y durabilidad excepcionales, lo que lo convierte en el compa\u00f1ero ideal para cualquier ocasi\u00f3n. Su dise\u00f1o elegante y pulido te permite llevarlo con confianza, sabiendo que su brillo perdurable resistir\u00e1 la prueba del tiempo. <\/p>\n","protected":false},"excerpt":{"rendered":"<p data-sourcepos=\"1:1-1:99\">Este fascinante anillo de plata de ley hecho a mano est\u00e1 adornado con una cautivadora piedra central de \u00f3nice. Abraza el Poder del Intelecto y libera la profunda sabidur\u00eda y el enfoque inquebrantable que yacen en tu interior. <\/p>\n<p data-sourcepos=\"1:1-1:99\">Esta obra maestra meticulosamente elaborada combina el simbolismo antiguo con la elegancia contempor\u00e1nea, lo que la convierte en un s\u00edmbolo intemporal de destreza intelectual, determinaci\u00f3n inquebrantable y enfoque inquebrantable.<\/p>\n<p data-sourcepos=\"33:1-33:33\"><strong>Un Regalo de Fortalecimiento: <\/strong>el Intelectual no es s\u00f3lo un anillo; es una declaraci\u00f3n, un s\u00edmbolo de enfoque inquebrantable y profunda sabidur\u00eda. Es un regalo considerado y significativo para cualquier hombre que busque abrazar la fuerza mental que lleva dentro. <\/p>\n","protected":false},"featured_media":11293,"comment_status":"open","ping_status":"closed","template":"","meta":{"_acf_changed":false},"product_brand":[],"product_cat":[165,155],"product_tag":[173,180,178],"class_list":{"0":"post-11291","1":"product","2":"type-product","3":"status-publish","4":"has-post-thumbnail","6":"product_cat-rings-es","7":"product_cat-jewellery-es","8":"product_tag-handcrafted-es","9":"product_tag-men-es","10":"product_tag-silver-es","11":"pa_ring-size-eu-44-us-3-0","12":"pa_ring-size-eu-45-us-3-25","13":"pa_ring-size-eu-46-us-3-75","14":"pa_ring-size-eu-47-us-4-25","15":"pa_ring-size-eu-48-us-4-5","16":"pa_ring-size-eu-49-us-5-0","17":"pa_ring-size-eu-50-us-5-25","18":"pa_ring-size-eu-51-us-5-75","19":"pa_ring-size-eu-52-us-6-0","20":"pa_ring-size-eu-53-us-6-5","21":"pa_ring-size-eu-54-us-6-75","22":"pa_ring-size-eu-55-us-7-25","23":"pa_ring-size-eu-56-us-7-5","24":"pa_ring-size-eu-57-us-8-0","25":"pa_ring-size-eu-58-us-8-5","26":"pa_ring-size-eu-59-us-8-75","27":"pa_ring-size-eu-60-us-9-25","28":"pa_ring-size-eu-61-us-9-5","29":"pa_ring-size-eu-62-us-10-0","30":"pa_ring-size-eu-63-us-10-25","31":"pa_ring-size-eu-64-us-10-75","32":"pa_ring-size-eu-65-us-11-25","33":"pa_ring-size-eu-66-us-11-5","34":"pa_ring-size-eu-67-us-12-0","35":"pa_ring-size-eu-68-us-12-25","36":"pa_ring-size-eu-69-us-12-75","37":"pa_ring-size-eu-70-us-13-0","38":"pa_ring-size-eu-71-us-13-5","39":"pa_ring-size-eu-72-us-14-0","40":"pa_ring-size-talla-ajustable-anillo-abierto","42":"first","43":"instock","44":"taxable","45":"shipping-taxable","46":"purchasable","47":"product-type-variable"},"acf":{"prdkt_w_g":0,"prdkt_cpg":0,"prdkt_img_raw":""},"jetpack_sharing_enabled":true,"_links":{"self":[{"href":"https:\/\/pharaohs-silver.com\/es\/wp-json\/wp\/v2\/product\/11291","targetHints":{"allow":["GET"]}}],"collection":[{"href":"https:\/\/pharaohs-silver.com\/es\/wp-json\/wp\/v2\/product"}],"about":[{"href":"https:\/\/pharaohs-silver.com\/es\/wp-json\/wp\/v2\/types\/product"}],"replies":[{"embeddable":true,"href":"https:\/\/pharaohs-silver.com\/es\/wp-json\/wp\/v2\/comments?post=11291"}],"version-history":[{"count":0,"href":"https:\/\/pharaohs-silver.com\/es\/wp-json\/wp\/v2\/product\/11291\/revisions"}],"wp:featuredmedia":[{"embeddable":true,"href":"https:\/\/pharaohs-silver.com\/es\/wp-json\/wp\/v2\/media\/11293"}],"wp:attachment":[{"href":"https:\/\/pharaohs-silver.com\/es\/wp-json\/wp\/v2\/media?parent=11291"}],"wp:term":[{"taxonomy":"product_brand","embeddable":true,"href":"https:\/\/pharaohs-silver.com\/es\/wp-json\/wp\/v2\/product_brand?post=11291"},{"taxonomy":"product_cat","embeddable":true,"href":"https:\/\/pharaohs-silver.com\/es\/wp-json\/wp\/v2\/product_cat?post=11291"},{"taxonomy":"product_tag","embeddable":true,"href":"https:\/\/pharaohs-silver.com\/es\/wp-json\/wp\/v2\/product_tag?post=11291"}],"curies":[{"name":"wp","href":"https:\/\/api.w.org\/{rel}","templated":true}]}}