{"id":11292,"date":"2023-11-18T19:03:01","date_gmt":"2023-11-18T18:03:01","guid":{"rendered":"https:\/\/pharaohs-silver.com\/product\/el-sultan-anillo-de-plata-hecho-a-mano-con-onix\/"},"modified":"2023-11-18T19:03:01","modified_gmt":"2023-11-18T18:03:01","slug":"el-sultan-anillo-de-plata-hecho-a-mano-con-onix","status":"publish","type":"product","link":"https:\/\/pharaohs-silver.com\/es\/producto\/el-sultan-anillo-de-plata-hecho-a-mano-con-onix\/","title":{"rendered":"El Sult\u00e1n Anillo de Plata Hecho a Mano con \u00d3nix"},"content":{"rendered":"<p class=\"p1\">Un \u00f3nice cautivador<\/p>\n<ul class=\"ul1\">\n<li class=\"li1\">Libera tu intelecto interior con las propiedades potenciadoras del \u00f3nice<\/li>\n<li class=\"li1\">Abraza la rica historia y el simbolismo de los anillos para hombre<\/li>\n<li class=\"li1\">Siente la confianza y la seguridad en ti mismo que aporta llevar una obra maestra hecha a mano<\/li>\n<li class=\"li1\">Disfruta de la comodidad hipoalerg\u00e9nica y la durabilidad de la plata de ley de alta calidad<\/li>\n<li class=\"li1\">Causa una impresi\u00f3n duradera con un regalo que encarne la destreza intelectual y la concentraci\u00f3n<\/li>\n<\/ul>\n","protected":false},"excerpt":{"rendered":"<p data-sourcepos=\"3:1-3:93\">Abraza el aura del poder y la sofisticaci\u00f3n con El Sult\u00e1n, un fascinante anillo de plata de ley hecho a mano y adornado con el cautivador poder del \u00f3nice. Esta obra maestra meticulosamente elaborada combina el simbolismo antiguo con la elegancia contempor\u00e1nea, convirti\u00e9ndola en un s\u00edmbolo atemporal de liderazgo, sabidur\u00eda y determinaci\u00f3n inquebrantable. <\/p>\n<p class=\"p1\">Apreciado por su profundo tono negro y su fascinante brillo, el \u00f3nice ha sido venerado durante mucho tiempo por su capacidad de infundir una sensaci\u00f3n de concentraci\u00f3n, estabilidad y poder inquebrantables. Su superficie lisa y pulida se siente fr\u00eda y tranquilizadora contra la piel, y sirve como recordatorio constante del ilimitado potencial que encierra. <\/p>\n","protected":false},"featured_media":11304,"comment_status":"open","ping_status":"closed","template":"","meta":{"_acf_changed":false},"product_brand":[],"product_cat":[165,155],"product_tag":[173,180,178],"class_list":{"0":"post-11292","1":"product","2":"type-product","3":"status-publish","4":"has-post-thumbnail","6":"product_cat-rings-es","7":"product_cat-jewellery-es","8":"product_tag-handcrafted-es","9":"product_tag-men-es","10":"product_tag-silver-es","11":"pa_ring-size-eu-44-us-3-0","12":"pa_ring-size-eu-45-us-3-25","13":"pa_ring-size-eu-46-us-3-75","14":"pa_ring-size-eu-47-us-4-25","15":"pa_ring-size-eu-48-us-4-5","16":"pa_ring-size-eu-49-us-5-0","17":"pa_ring-size-eu-50-us-5-25","18":"pa_ring-size-eu-51-us-5-75","19":"pa_ring-size-eu-52-us-6-0","20":"pa_ring-size-eu-53-us-6-5","21":"pa_ring-size-eu-54-us-6-75","22":"pa_ring-size-eu-55-us-7-25","23":"pa_ring-size-eu-56-us-7-5","24":"pa_ring-size-eu-57-us-8-0","25":"pa_ring-size-eu-58-us-8-5","26":"pa_ring-size-eu-59-us-8-75","27":"pa_ring-size-eu-60-us-9-25","28":"pa_ring-size-eu-61-us-9-5","29":"pa_ring-size-eu-62-us-10-0","30":"pa_ring-size-eu-63-us-10-25","31":"pa_ring-size-eu-64-us-10-75","32":"pa_ring-size-eu-65-us-11-25","33":"pa_ring-size-eu-66-us-11-5","34":"pa_ring-size-eu-67-us-12-0","35":"pa_ring-size-eu-68-us-12-25","36":"pa_ring-size-eu-69-us-12-75","37":"pa_ring-size-eu-70-us-13-0","38":"pa_ring-size-eu-71-us-13-5","39":"pa_ring-size-eu-72-us-14-0","40":"pa_ring-size-talla-ajustable-anillo-abierto","42":"first","43":"instock","44":"taxable","45":"shipping-taxable","46":"purchasable","47":"product-type-variable"},"acf":{"prdkt_w_g":0,"prdkt_cpg":0,"prdkt_img_raw":""},"jetpack_sharing_enabled":true,"_links":{"self":[{"href":"https:\/\/pharaohs-silver.com\/es\/wp-json\/wp\/v2\/product\/11292","targetHints":{"allow":["GET"]}}],"collection":[{"href":"https:\/\/pharaohs-silver.com\/es\/wp-json\/wp\/v2\/product"}],"about":[{"href":"https:\/\/pharaohs-silver.com\/es\/wp-json\/wp\/v2\/types\/product"}],"replies":[{"embeddable":true,"href":"https:\/\/pharaohs-silver.com\/es\/wp-json\/wp\/v2\/comments?post=11292"}],"version-history":[{"count":0,"href":"https:\/\/pharaohs-silver.com\/es\/wp-json\/wp\/v2\/product\/11292\/revisions"}],"wp:featuredmedia":[{"embeddable":true,"href":"https:\/\/pharaohs-silver.com\/es\/wp-json\/wp\/v2\/media\/11304"}],"wp:attachment":[{"href":"https:\/\/pharaohs-silver.com\/es\/wp-json\/wp\/v2\/media?parent=11292"}],"wp:term":[{"taxonomy":"product_brand","embeddable":true,"href":"https:\/\/pharaohs-silver.com\/es\/wp-json\/wp\/v2\/product_brand?post=11292"},{"taxonomy":"product_cat","embeddable":true,"href":"https:\/\/pharaohs-silver.com\/es\/wp-json\/wp\/v2\/product_cat?post=11292"},{"taxonomy":"product_tag","embeddable":true,"href":"https:\/\/pharaohs-silver.com\/es\/wp-json\/wp\/v2\/product_tag?post=11292"}],"curies":[{"name":"wp","href":"https:\/\/api.w.org\/{rel}","templated":true}]}}