{"id":11344,"date":"2023-11-19T17:36:37","date_gmt":"2023-11-19T16:36:37","guid":{"rendered":"https:\/\/pharaohs-silver.com\/product\/anillo-flor-de-loto-de-plata-hecho-a-mano-talla-flexible\/"},"modified":"2026-03-05T12:04:00","modified_gmt":"2026-03-05T11:04:00","slug":"anillo-flor-de-loto-de-plata-hecho-a-mano-talla-flexible","status":"publish","type":"product","link":"https:\/\/pharaohs-silver.com\/es\/producto\/anillo-flor-de-loto-de-plata-hecho-a-mano-talla-flexible\/","title":{"rendered":"Anillo Flor de Loto de Plata Hecho a Mano &#8211; Talla Flexible"},"content":{"rendered":"","protected":false},"excerpt":{"rendered":"<p data-sourcepos=\"7:1-7:261\">Admira <strong>los intrincados detalles<\/strong> del [acf field=\"product_content_name\"], que representa el <strong>loto en flor<\/strong>, con finas l\u00edneas y p\u00e9talos texturizados. Estos exquisitos rasgos simbolizan <strong>el renacimiento, la pureza, la belleza y la iluminaci\u00f3n<\/strong>, haci\u00e9ndose eco de la antigua tradici\u00f3n egipcia. <\/p>\n<p data-sourcepos=\"9:1-9:240\">Descubre la <strong>belleza atemporal<\/strong> de esta <strong>obra maestra de plata de ley hecha a mano<\/strong>, adornada con un delicado dise\u00f1o en espiral. <strong>Exuda feminidad moderna<\/strong>, este tesoro es perfecto para quienes buscan algo <strong>\u00fanico<\/strong>.<\/p>\n<p data-sourcepos=\"9:1-9:240\">El anillo Flor de loto de plata, tiene <strong>un tama\u00f1o flexible<\/strong>, lo que permite que se adapte a casi todas las manos y a todos los dedos.<\/p>\n","protected":false},"featured_media":11163,"comment_status":"open","ping_status":"closed","template":"","meta":{"_acf_changed":false},"product_brand":[],"product_cat":[165,155],"product_tag":[179,173,181,178],"class_list":{"0":"post-11344","1":"product","2":"type-product","3":"status-publish","4":"has-post-thumbnail","6":"product_cat-rings-es","7":"product_cat-jewellery-es","8":"product_tag-pharaonic-es","9":"product_tag-handcrafted-es","10":"product_tag-women-es","11":"product_tag-silver-es","12":"pa_plating-18k-gold","13":"pa_plating-24k-gold","14":"pa_plating-rose-gold","15":"pa_plating-no-plating","17":"first","18":"instock","19":"featured","20":"taxable","21":"shipping-taxable","22":"purchasable","23":"product-type-variable","24":"has-default-attributes"},"acf":{"prdkt_w_g":2.85,"prdkt_cpg":1.35,"prdkt_img_raw":""},"jetpack_sharing_enabled":true,"_links":{"self":[{"href":"https:\/\/pharaohs-silver.com\/es\/wp-json\/wp\/v2\/product\/11344","targetHints":{"allow":["GET"]}}],"collection":[{"href":"https:\/\/pharaohs-silver.com\/es\/wp-json\/wp\/v2\/product"}],"about":[{"href":"https:\/\/pharaohs-silver.com\/es\/wp-json\/wp\/v2\/types\/product"}],"replies":[{"embeddable":true,"href":"https:\/\/pharaohs-silver.com\/es\/wp-json\/wp\/v2\/comments?post=11344"}],"version-history":[{"count":1,"href":"https:\/\/pharaohs-silver.com\/es\/wp-json\/wp\/v2\/product\/11344\/revisions"}],"predecessor-version":[{"id":13161,"href":"https:\/\/pharaohs-silver.com\/es\/wp-json\/wp\/v2\/product\/11344\/revisions\/13161"}],"wp:featuredmedia":[{"embeddable":true,"href":"https:\/\/pharaohs-silver.com\/es\/wp-json\/wp\/v2\/media\/11163"}],"wp:attachment":[{"href":"https:\/\/pharaohs-silver.com\/es\/wp-json\/wp\/v2\/media?parent=11344"}],"wp:term":[{"taxonomy":"product_brand","embeddable":true,"href":"https:\/\/pharaohs-silver.com\/es\/wp-json\/wp\/v2\/product_brand?post=11344"},{"taxonomy":"product_cat","embeddable":true,"href":"https:\/\/pharaohs-silver.com\/es\/wp-json\/wp\/v2\/product_cat?post=11344"},{"taxonomy":"product_tag","embeddable":true,"href":"https:\/\/pharaohs-silver.com\/es\/wp-json\/wp\/v2\/product_tag?post=11344"}],"curies":[{"name":"wp","href":"https:\/\/api.w.org\/{rel}","templated":true}]}}