{"id":11397,"date":"2023-12-17T03:51:14","date_gmt":"2023-12-17T02:51:14","guid":{"rendered":"https:\/\/pharaohs-silver.com\/product\/colgante-ankh-de-plata-de-colores-3d-hecho-a-mano-2\/"},"modified":"2026-03-05T13:59:55","modified_gmt":"2026-03-05T12:59:55","slug":"colgante-ankh-de-plata-de-colores-3d-hecho-a-mano-2","status":"publish","type":"product","link":"https:\/\/pharaohs-silver.com\/es\/producto\/colgante-ankh-de-plata-de-colores-3d-hecho-a-mano-2\/","title":{"rendered":"Colgante Ankh de plata de colores 3D hecho a mano"},"content":{"rendered":"<p>El s\u00edmbolo Ankh es venerado por sus v\u00ednculos hist\u00f3ricos con el Antiguo Egipto y su representaci\u00f3n universal de la vida, el renacimiento y la energ\u00eda divina. Este colgante trasciende las culturas, transmitiendo un mensaje de positividad y vitalidad que resuena m\u00e1s all\u00e1 del tiempo y las fronteras. El Ankh es una pieza de historia que puedes llevar puesta y que te invita a abrazar la vitalidad y las vibraciones positivas asociadas a este antiguo s\u00edmbolo. <\/p>\n","protected":false},"excerpt":{"rendered":"<p>El elemento [acf field=\"product_content_name\"] est\u00e1 fabricado a mano en plata de ley 925, con el conocido s\u00edmbolo del Ankh, esmaltado con los colores caracter\u00edsticos del Antiguo Egipto, el azul egipcio y el rojo brillante. El azul recibe su nombre del hecho de que los egipcios fueron los primeros en crear pigmentos artificiales mediante reacciones qu\u00edmicas. <strong>Regalo perfecto:<\/strong> Este Colgante Ankh no es s\u00f3lo un regalo; es un s\u00edmbolo de vida y energ\u00eda positiva. Ideal para cumplea\u00f1os, celebraciones o cualquier ocasi\u00f3n, es un regalo considerado que encierra la magia de la joyer\u00eda simb\u00f3lica hecha a mano. <\/p>\n","protected":false},"featured_media":11398,"comment_status":"open","ping_status":"closed","template":"","meta":{"_acf_changed":false},"product_brand":[],"product_cat":[160,159,155],"product_tag":[179,173,181,178],"class_list":{"0":"post-11397","1":"product","2":"type-product","3":"status-publish","4":"has-post-thumbnail","6":"product_cat-ankh-es","7":"product_cat-pendant-es","8":"product_cat-jewellery-es","9":"product_tag-pharaonic-es","10":"product_tag-handcrafted-es","11":"product_tag-women-es","12":"product_tag-silver-es","14":"first","15":"instock","16":"taxable","17":"shipping-taxable","18":"purchasable","19":"product-type-simple"},"acf":{"prdkt_w_g":0,"prdkt_cpg":0,"prdkt_img_raw":""},"jetpack_sharing_enabled":true,"_links":{"self":[{"href":"https:\/\/pharaohs-silver.com\/es\/wp-json\/wp\/v2\/product\/11397","targetHints":{"allow":["GET"]}}],"collection":[{"href":"https:\/\/pharaohs-silver.com\/es\/wp-json\/wp\/v2\/product"}],"about":[{"href":"https:\/\/pharaohs-silver.com\/es\/wp-json\/wp\/v2\/types\/product"}],"replies":[{"embeddable":true,"href":"https:\/\/pharaohs-silver.com\/es\/wp-json\/wp\/v2\/comments?post=11397"}],"version-history":[{"count":0,"href":"https:\/\/pharaohs-silver.com\/es\/wp-json\/wp\/v2\/product\/11397\/revisions"}],"wp:featuredmedia":[{"embeddable":true,"href":"https:\/\/pharaohs-silver.com\/es\/wp-json\/wp\/v2\/media\/11398"}],"wp:attachment":[{"href":"https:\/\/pharaohs-silver.com\/es\/wp-json\/wp\/v2\/media?parent=11397"}],"wp:term":[{"taxonomy":"product_brand","embeddable":true,"href":"https:\/\/pharaohs-silver.com\/es\/wp-json\/wp\/v2\/product_brand?post=11397"},{"taxonomy":"product_cat","embeddable":true,"href":"https:\/\/pharaohs-silver.com\/es\/wp-json\/wp\/v2\/product_cat?post=11397"},{"taxonomy":"product_tag","embeddable":true,"href":"https:\/\/pharaohs-silver.com\/es\/wp-json\/wp\/v2\/product_tag?post=11397"}],"curies":[{"name":"wp","href":"https:\/\/api.w.org\/{rel}","templated":true}]}}