{"id":11548,"date":"2023-11-12T22:30:08","date_gmt":"2023-11-12T21:30:08","guid":{"rendered":"https:\/\/pharaohs-silver.com\/product\/pendientes-de-plata-hechos-a-mano\/"},"modified":"2024-11-29T16:18:42","modified_gmt":"2024-11-29T15:18:42","slug":"pendientes-de-plata-hechos-a-mano","status":"publish","type":"product","link":"https:\/\/pharaohs-silver.com\/es\/producto\/pendientes-de-plata-hechos-a-mano\/","title":{"rendered":"Pendientes de plata hechos a mano"},"content":{"rendered":"","protected":false},"excerpt":{"rendered":"<p data-sourcepos=\"7:1-7:276\">Estos impresionantes pendientes de plata hechos a mano son la forma perfecta de a\u00f1adir un toque de elegancia a tu look. El delicado brillo de la plata y el intrincado dise\u00f1o atraer\u00e1n todas las miradas, y el estilo es perfecto tanto para ocasiones formales como informales. <\/p>\n<p data-sourcepos=\"7:1-7:276\">Estos pendientes est\u00e1n hechos con plata de ley de alta calidad por nuestros h\u00e1biles artesanos, y tambi\u00e9n son hipoalerg\u00e9nicos, por lo que puedes estar segura de que no irritar\u00e1n tu piel sensible. Adem\u00e1s, est\u00e1n dise\u00f1ados para ser ligeros, de modo que resulten a la vez seguros y c\u00f3modos. <\/p>\n<p data-sourcepos=\"7:1-7:276\">Los pendientes son resistentes al agua y al sudor. Eso significa que puedes llevarlos todo el d\u00eda, hagas lo que hagas, sin tener que preocuparte de que se estropeen. <\/p>\n<p data-sourcepos=\"11:1-11:196\">Tanto si te arreglas para salir por la noche como si simplemente quieres a\u00f1adir un toque de lujo a tu vestuario de diario, estos pendientes de plata hechos a mano son la elecci\u00f3n perfecta.<\/p>\n","protected":false},"featured_media":11549,"comment_status":"open","ping_status":"closed","template":"","meta":{"_acf_changed":false},"product_brand":[],"product_cat":[155,157],"product_tag":[173,181,178],"class_list":{"0":"post-11548","1":"product","2":"type-product","3":"status-publish","4":"has-post-thumbnail","6":"product_cat-jewellery-es","7":"product_cat-earrings-es","8":"product_tag-handcrafted-es","9":"product_tag-women-es","10":"product_tag-silver-es","12":"first","13":"instock","14":"taxable","15":"shipping-taxable","16":"purchasable","17":"product-type-simple"},"acf":{"prdkt_w_g":0,"prdkt_cpg":0,"prdkt_img_raw":null},"jetpack_sharing_enabled":true,"_links":{"self":[{"href":"https:\/\/pharaohs-silver.com\/es\/wp-json\/wp\/v2\/product\/11548","targetHints":{"allow":["GET"]}}],"collection":[{"href":"https:\/\/pharaohs-silver.com\/es\/wp-json\/wp\/v2\/product"}],"about":[{"href":"https:\/\/pharaohs-silver.com\/es\/wp-json\/wp\/v2\/types\/product"}],"replies":[{"embeddable":true,"href":"https:\/\/pharaohs-silver.com\/es\/wp-json\/wp\/v2\/comments?post=11548"}],"version-history":[{"count":0,"href":"https:\/\/pharaohs-silver.com\/es\/wp-json\/wp\/v2\/product\/11548\/revisions"}],"wp:featuredmedia":[{"embeddable":true,"href":"https:\/\/pharaohs-silver.com\/es\/wp-json\/wp\/v2\/media\/11549"}],"wp:attachment":[{"href":"https:\/\/pharaohs-silver.com\/es\/wp-json\/wp\/v2\/media?parent=11548"}],"wp:term":[{"taxonomy":"product_brand","embeddable":true,"href":"https:\/\/pharaohs-silver.com\/es\/wp-json\/wp\/v2\/product_brand?post=11548"},{"taxonomy":"product_cat","embeddable":true,"href":"https:\/\/pharaohs-silver.com\/es\/wp-json\/wp\/v2\/product_cat?post=11548"},{"taxonomy":"product_tag","embeddable":true,"href":"https:\/\/pharaohs-silver.com\/es\/wp-json\/wp\/v2\/product_tag?post=11548"}],"curies":[{"name":"wp","href":"https:\/\/api.w.org\/{rel}","templated":true}]}}