{"id":11777,"date":"2023-05-20T19:26:54","date_gmt":"2023-05-20T17:26:54","guid":{"rendered":"https:\/\/pharaohs-silver.com\/product\/ra-horakhty-con-amentit\/"},"modified":"2023-05-20T19:26:54","modified_gmt":"2023-05-20T17:26:54","slug":"ra-horakhty-con-amentit","status":"publish","type":"product","link":"https:\/\/pharaohs-silver.com\/es\/producto\/ra-horakhty-con-amentit\/","title":{"rendered":"Ra-Horakhty con Amentit"},"content":{"rendered":"","protected":false},"excerpt":{"rendered":"<p><span style=\"font-weight: 400;\">Ra-Horakhty, la combinaci\u00f3n de los dioses egipcios Horus y Ra, con Amentit, diosa de Occidente. Detalle de una pintura de la tumba de Nefertari, siglo XIII a.C. Ra era representado como un halc\u00f3n y compart\u00eda caracter\u00edsticas con el dios del cielo Horus. <\/span><\/p>\n","protected":false},"featured_media":11778,"comment_status":"open","ping_status":"closed","template":"","meta":{"_acf_changed":false},"product_brand":[],"product_cat":[154,166,168],"product_tag":[174,177],"class_list":{"0":"post-11777","1":"product","2":"type-product","3":"status-publish","4":"has-post-thumbnail","6":"product_cat-inicio","7":"product_cat-papayrus-es","8":"product_cat-portrait-es","9":"product_tag-handmade-es","10":"product_tag-papyrus-es","12":"first","13":"instock","14":"taxable","15":"shipping-taxable","16":"purchasable","17":"product-type-simple"},"acf":[],"jetpack_sharing_enabled":true,"_links":{"self":[{"href":"https:\/\/pharaohs-silver.com\/es\/wp-json\/wp\/v2\/product\/11777","targetHints":{"allow":["GET"]}}],"collection":[{"href":"https:\/\/pharaohs-silver.com\/es\/wp-json\/wp\/v2\/product"}],"about":[{"href":"https:\/\/pharaohs-silver.com\/es\/wp-json\/wp\/v2\/types\/product"}],"replies":[{"embeddable":true,"href":"https:\/\/pharaohs-silver.com\/es\/wp-json\/wp\/v2\/comments?post=11777"}],"version-history":[{"count":0,"href":"https:\/\/pharaohs-silver.com\/es\/wp-json\/wp\/v2\/product\/11777\/revisions"}],"wp:featuredmedia":[{"embeddable":true,"href":"https:\/\/pharaohs-silver.com\/es\/wp-json\/wp\/v2\/media\/11778"}],"wp:attachment":[{"href":"https:\/\/pharaohs-silver.com\/es\/wp-json\/wp\/v2\/media?parent=11777"}],"wp:term":[{"taxonomy":"product_brand","embeddable":true,"href":"https:\/\/pharaohs-silver.com\/es\/wp-json\/wp\/v2\/product_brand?post=11777"},{"taxonomy":"product_cat","embeddable":true,"href":"https:\/\/pharaohs-silver.com\/es\/wp-json\/wp\/v2\/product_cat?post=11777"},{"taxonomy":"product_tag","embeddable":true,"href":"https:\/\/pharaohs-silver.com\/es\/wp-json\/wp\/v2\/product_tag?post=11777"}],"curies":[{"name":"wp","href":"https:\/\/api.w.org\/{rel}","templated":true}]}}