{"id":11779,"date":"2023-06-06T12:40:50","date_gmt":"2023-06-06T10:40:50","guid":{"rendered":"https:\/\/pharaohs-silver.com\/product\/reina-nefertiti-2\/"},"modified":"2023-06-06T12:40:50","modified_gmt":"2023-06-06T10:40:50","slug":"reina-nefertiti-2","status":"publish","type":"product","link":"https:\/\/pharaohs-silver.com\/es\/producto\/reina-nefertiti-2\/","title":{"rendered":"Reina Nefertiti 2"},"content":{"rendered":"","protected":false},"excerpt":{"rendered":"<p><span style=\"font-weight: 400;\">Transp\u00f3rtate a la majestuosa \u00e9poca del antiguo Egipto con un fascinante retrato hecho a mano sobre aut\u00e9ntico papel de papiro, que muestra la belleza intemporal de la reina Nefertiti. Este cuadro hecho a mano, meticulosamente elaborado, capta la esencia de una de las reinas m\u00e1s emblem\u00e1ticas de la historia, famosa por sus llamativos rasgos y su incomparable gracia. Nefertiti, la Gran Esposa Real del fara\u00f3n Akenat\u00f3n, encarna el ep\u00edtome del poder y la elegancia femeninos, y simboliza la edad de oro de la civilizaci\u00f3n egipcia. Adorna tu espacio con esta regia representaci\u00f3n, que representa meticulosamente su cautivadora mirada, sus p\u00f3mulos esculpidos y la ic\u00f3nica corona azul que adorna su cabeza. El soporte de papiro a\u00f1ade un toque aut\u00e9ntico, rememorando el mismo material utilizado por los antiguos egipcios para registrar su historia y su arte. Posee un trozo de historia y disfruta del resplandor de Nefertiti, testimonio del perdurable encanto de la reina egipcia. Abraza el encanto del antiguo Egipto y reclama esta extraordinaria pintura en papiro de la reina Nefertiti y sum\u00e9rgete ahora en la elegancia intemporal de esta reina legendaria.      <\/span><\/p>\n","protected":false},"featured_media":11781,"comment_status":"open","ping_status":"closed","template":"","meta":{"_acf_changed":false},"product_brand":[],"product_cat":[154,166,168],"product_tag":[174,177],"class_list":{"0":"post-11779","1":"product","2":"type-product","3":"status-publish","4":"has-post-thumbnail","6":"product_cat-inicio","7":"product_cat-papayrus-es","8":"product_cat-portrait-es","9":"product_tag-handmade-es","10":"product_tag-papyrus-es","12":"first","13":"instock","14":"taxable","15":"shipping-taxable","16":"purchasable","17":"product-type-simple"},"acf":[],"jetpack_sharing_enabled":true,"_links":{"self":[{"href":"https:\/\/pharaohs-silver.com\/es\/wp-json\/wp\/v2\/product\/11779","targetHints":{"allow":["GET"]}}],"collection":[{"href":"https:\/\/pharaohs-silver.com\/es\/wp-json\/wp\/v2\/product"}],"about":[{"href":"https:\/\/pharaohs-silver.com\/es\/wp-json\/wp\/v2\/types\/product"}],"replies":[{"embeddable":true,"href":"https:\/\/pharaohs-silver.com\/es\/wp-json\/wp\/v2\/comments?post=11779"}],"version-history":[{"count":0,"href":"https:\/\/pharaohs-silver.com\/es\/wp-json\/wp\/v2\/product\/11779\/revisions"}],"wp:featuredmedia":[{"embeddable":true,"href":"https:\/\/pharaohs-silver.com\/es\/wp-json\/wp\/v2\/media\/11781"}],"wp:attachment":[{"href":"https:\/\/pharaohs-silver.com\/es\/wp-json\/wp\/v2\/media?parent=11779"}],"wp:term":[{"taxonomy":"product_brand","embeddable":true,"href":"https:\/\/pharaohs-silver.com\/es\/wp-json\/wp\/v2\/product_brand?post=11779"},{"taxonomy":"product_cat","embeddable":true,"href":"https:\/\/pharaohs-silver.com\/es\/wp-json\/wp\/v2\/product_cat?post=11779"},{"taxonomy":"product_tag","embeddable":true,"href":"https:\/\/pharaohs-silver.com\/es\/wp-json\/wp\/v2\/product_tag?post=11779"}],"curies":[{"name":"wp","href":"https:\/\/api.w.org\/{rel}","templated":true}]}}