{"id":11780,"date":"2023-05-20T19:26:59","date_gmt":"2023-05-20T17:26:59","guid":{"rendered":"https:\/\/pharaohs-silver.com\/product\/ofrenda-de-la-reina-nefertari-a-la-diosa-isis\/"},"modified":"2023-05-20T19:26:59","modified_gmt":"2023-05-20T17:26:59","slug":"ofrenda-de-la-reina-nefertari-a-la-diosa-isis","status":"publish","type":"product","link":"https:\/\/pharaohs-silver.com\/es\/producto\/ofrenda-de-la-reina-nefertari-a-la-diosa-isis\/","title":{"rendered":"Ofrenda de la reina Nefertari a la diosa Isis"},"content":{"rendered":"","protected":false},"excerpt":{"rendered":"<p>Ofrenda de la reina Nefertari a la diosa Isis.  <span style=\"font-weight: 400;\">Esta pintura est\u00e1 inspirada en lo que se representa en las paredes de la Tumba de Nefertari. Nefertari fue la gran esposa del fara\u00f3n Rams\u00e9s II. <\/span><\/p>\n","protected":false},"featured_media":11783,"comment_status":"open","ping_status":"closed","template":"","meta":{"_acf_changed":false},"product_brand":[],"product_cat":[154,166,168],"product_tag":[174,177],"class_list":{"0":"post-11780","1":"product","2":"type-product","3":"status-publish","4":"has-post-thumbnail","6":"product_cat-inicio","7":"product_cat-papayrus-es","8":"product_cat-portrait-es","9":"product_tag-handmade-es","10":"product_tag-papyrus-es","12":"first","13":"instock","14":"taxable","15":"shipping-taxable","16":"purchasable","17":"product-type-simple"},"acf":[],"jetpack_sharing_enabled":true,"_links":{"self":[{"href":"https:\/\/pharaohs-silver.com\/es\/wp-json\/wp\/v2\/product\/11780","targetHints":{"allow":["GET"]}}],"collection":[{"href":"https:\/\/pharaohs-silver.com\/es\/wp-json\/wp\/v2\/product"}],"about":[{"href":"https:\/\/pharaohs-silver.com\/es\/wp-json\/wp\/v2\/types\/product"}],"replies":[{"embeddable":true,"href":"https:\/\/pharaohs-silver.com\/es\/wp-json\/wp\/v2\/comments?post=11780"}],"version-history":[{"count":0,"href":"https:\/\/pharaohs-silver.com\/es\/wp-json\/wp\/v2\/product\/11780\/revisions"}],"wp:featuredmedia":[{"embeddable":true,"href":"https:\/\/pharaohs-silver.com\/es\/wp-json\/wp\/v2\/media\/11783"}],"wp:attachment":[{"href":"https:\/\/pharaohs-silver.com\/es\/wp-json\/wp\/v2\/media?parent=11780"}],"wp:term":[{"taxonomy":"product_brand","embeddable":true,"href":"https:\/\/pharaohs-silver.com\/es\/wp-json\/wp\/v2\/product_brand?post=11780"},{"taxonomy":"product_cat","embeddable":true,"href":"https:\/\/pharaohs-silver.com\/es\/wp-json\/wp\/v2\/product_cat?post=11780"},{"taxonomy":"product_tag","embeddable":true,"href":"https:\/\/pharaohs-silver.com\/es\/wp-json\/wp\/v2\/product_tag?post=11780"}],"curies":[{"name":"wp","href":"https:\/\/api.w.org\/{rel}","templated":true}]}}