{"id":11785,"date":"2023-06-06T12:43:41","date_gmt":"2023-06-06T10:43:41","guid":{"rendered":"https:\/\/pharaohs-silver.com\/product\/horus-ramses-y-osiris-2\/"},"modified":"2023-06-06T12:43:41","modified_gmt":"2023-06-06T10:43:41","slug":"horus-ramses-y-osiris-2","status":"publish","type":"product","link":"https:\/\/pharaohs-silver.com\/es\/producto\/horus-ramses-y-osiris-2\/","title":{"rendered":"Horus, Rams\u00e9s y Osiris-2"},"content":{"rendered":"","protected":false},"excerpt":{"rendered":"<p><span style=\"font-weight: 400;\">Este cuadro est\u00e1 inspirado en los dibujos de la Tumba de Rams\u00e9s I, situada en el Valle de los Reyes, Egipto. Rams\u00e9s I es conducido por Horus a la presencia de Osiris, dios del m\u00e1s all\u00e1, en la puerta.   <\/span><\/p>\n","protected":false},"featured_media":11787,"comment_status":"open","ping_status":"closed","template":"","meta":{"_acf_changed":false},"product_brand":[],"product_cat":[154,166,168],"product_tag":[174,177],"class_list":{"0":"post-11785","1":"product","2":"type-product","3":"status-publish","4":"has-post-thumbnail","6":"product_cat-inicio","7":"product_cat-papayrus-es","8":"product_cat-portrait-es","9":"product_tag-handmade-es","10":"product_tag-papyrus-es","12":"first","13":"instock","14":"taxable","15":"shipping-taxable","16":"purchasable","17":"product-type-simple"},"acf":[],"jetpack_sharing_enabled":true,"_links":{"self":[{"href":"https:\/\/pharaohs-silver.com\/es\/wp-json\/wp\/v2\/product\/11785","targetHints":{"allow":["GET"]}}],"collection":[{"href":"https:\/\/pharaohs-silver.com\/es\/wp-json\/wp\/v2\/product"}],"about":[{"href":"https:\/\/pharaohs-silver.com\/es\/wp-json\/wp\/v2\/types\/product"}],"replies":[{"embeddable":true,"href":"https:\/\/pharaohs-silver.com\/es\/wp-json\/wp\/v2\/comments?post=11785"}],"version-history":[{"count":0,"href":"https:\/\/pharaohs-silver.com\/es\/wp-json\/wp\/v2\/product\/11785\/revisions"}],"wp:featuredmedia":[{"embeddable":true,"href":"https:\/\/pharaohs-silver.com\/es\/wp-json\/wp\/v2\/media\/11787"}],"wp:attachment":[{"href":"https:\/\/pharaohs-silver.com\/es\/wp-json\/wp\/v2\/media?parent=11785"}],"wp:term":[{"taxonomy":"product_brand","embeddable":true,"href":"https:\/\/pharaohs-silver.com\/es\/wp-json\/wp\/v2\/product_brand?post=11785"},{"taxonomy":"product_cat","embeddable":true,"href":"https:\/\/pharaohs-silver.com\/es\/wp-json\/wp\/v2\/product_cat?post=11785"},{"taxonomy":"product_tag","embeddable":true,"href":"https:\/\/pharaohs-silver.com\/es\/wp-json\/wp\/v2\/product_tag?post=11785"}],"curies":[{"name":"wp","href":"https:\/\/api.w.org\/{rel}","templated":true}]}}