{"id":11822,"date":"2023-12-02T16:35:59","date_gmt":"2023-12-02T15:35:59","guid":{"rendered":"https:\/\/pharaohs-silver.com\/product\/collar-ingles-de-plata-de-ley-de-13-mm\/"},"modified":"2023-12-02T16:35:59","modified_gmt":"2023-12-02T15:35:59","slug":"collar-ingles-de-plata-de-ley-de-13-mm","status":"publish","type":"product","link":"https:\/\/pharaohs-silver.com\/es\/producto\/collar-ingles-de-plata-de-ley-de-13-mm\/","title":{"rendered":"Collar ingl\u00e9s de plata de ley de 1,3 mm"},"content":{"rendered":"<p data-sourcepos=\"5:1-5:50\"><strong>Aprovecha el encanto perdurable de la plata de ley<\/strong><\/p>\n<p data-sourcepos=\"7:1-7:105\">Elaborado con plata de ley de la mejor calidad, este collar ostenta un brillo cautivador que resistir\u00e1 el paso del tiempo. Su superficie lisa y pulida resulta c\u00f3moda y reconfortante al contacto con la piel. <\/p>\n<p data-sourcepos=\"17:1-17:26\"><strong>Por qu\u00e9<b>las mujeres<\/b> llevan collares<\/strong><\/p>\n<p data-sourcepos=\"19:1-19:311\">M\u00e1s all\u00e1 de su atractivo est\u00e9tico, los collares pueden tener un profundo significado personal. Sirven como recordatorios visuales de recuerdos queridos, compromisos duraderos y logros personales. Ya sea una reliquia familiar o un s\u00edmbolo de armon\u00eda reci\u00e9n descubierta.  <\/p>\n<p data-sourcepos=\"25:1-25:42\"><strong>Un Testamento de la Artesan\u00eda<\/strong><\/p>\n<p data-sourcepos=\"27:1-27:261\">Equilibrio no es simplemente una pieza de joyer\u00eda; es un testimonio del arte y la dedicaci\u00f3n de h\u00e1biles artesanos. Cada faceta, cada curva y cada detalle han sido meticulosamente elaborados, garantizando una pieza verdaderamente \u00fanica en su g\u00e9nero que desprende elegancia atemporal. <\/p>\n<p data-sourcepos=\"29:1-29:41\"><strong>Comodidad y durabilidad hipoalerg\u00e9nicas<\/strong><\/p>\n<p data-sourcepos=\"31:1-31:217\">Fabricada en plata de ley hipoalerg\u00e9nica, la Equilibrio garantiza una comodidad y durabilidad excepcionales, convirti\u00e9ndola en la compa\u00f1era ideal para cualquier ocasi\u00f3n. Su dise\u00f1o elegante y pulido te permite llevarlo con confianza, sabiendo que su brillo perdurable resistir\u00e1 la prueba del tiempo. <\/p>\n","protected":false},"excerpt":{"rendered":"<p data-sourcepos=\"37:1-37:12\"><strong>Ventajas a simple vista<\/strong><\/p>\n<ul data-sourcepos=\"39:1-44:0\">\n<li data-sourcepos=\"42:1-42:81\">No se empa\u00f1a y durar\u00e1 generaciones<\/li>\n<li>Resistente al agua y al sudor<\/li>\n<li data-sourcepos=\"42:1-42:81\">Collar de plata de ley de alta calidad, hipoalerg\u00e9nico y confortable<\/li>\n<li>Experimenta la durabilidad de la plata de ley de alta calidad<\/li>\n<li data-sourcepos=\"43:1-44:0\">Causa una impresi\u00f3n duradera con un regalo lujoso y elegante<\/li>\n<li data-sourcepos=\"39:1-39:78\">Libera tu equilibrio interior con las propiedades potenciadoras de la plata de ley<\/li>\n<li data-sourcepos=\"40:1-40:59\">Abraza la rica historia y el simbolismo de los collares femeninos<\/li>\n<li data-sourcepos=\"41:1-41:90\">Siente la confianza y la seguridad en ti mismo que aporta llevar algo \u00fanico<\/li>\n<\/ul>\n<p>La modelo lleva la longitud de 40 cm<\/p>\n","protected":false},"featured_media":11825,"comment_status":"open","ping_status":"closed","template":"","meta":{"_acf_changed":false},"product_brand":[],"product_cat":[191,158,155],"product_tag":[181,178],"class_list":{"0":"post-11822","1":"product","2":"type-product","3":"status-publish","4":"has-post-thumbnail","6":"product_cat-cadena","7":"product_cat-necklace-es","8":"product_cat-jewellery-es","9":"product_tag-women-es","10":"product_tag-silver-es","12":"first","13":"instock","14":"taxable","15":"shipping-taxable","16":"purchasable","17":"product-type-simple"},"acf":{"prdkt_w_g":0,"prdkt_cpg":0,"prdkt_img_raw":""},"jetpack_sharing_enabled":true,"_links":{"self":[{"href":"https:\/\/pharaohs-silver.com\/es\/wp-json\/wp\/v2\/product\/11822","targetHints":{"allow":["GET"]}}],"collection":[{"href":"https:\/\/pharaohs-silver.com\/es\/wp-json\/wp\/v2\/product"}],"about":[{"href":"https:\/\/pharaohs-silver.com\/es\/wp-json\/wp\/v2\/types\/product"}],"replies":[{"embeddable":true,"href":"https:\/\/pharaohs-silver.com\/es\/wp-json\/wp\/v2\/comments?post=11822"}],"version-history":[{"count":0,"href":"https:\/\/pharaohs-silver.com\/es\/wp-json\/wp\/v2\/product\/11822\/revisions"}],"wp:featuredmedia":[{"embeddable":true,"href":"https:\/\/pharaohs-silver.com\/es\/wp-json\/wp\/v2\/media\/11825"}],"wp:attachment":[{"href":"https:\/\/pharaohs-silver.com\/es\/wp-json\/wp\/v2\/media?parent=11822"}],"wp:term":[{"taxonomy":"product_brand","embeddable":true,"href":"https:\/\/pharaohs-silver.com\/es\/wp-json\/wp\/v2\/product_brand?post=11822"},{"taxonomy":"product_cat","embeddable":true,"href":"https:\/\/pharaohs-silver.com\/es\/wp-json\/wp\/v2\/product_cat?post=11822"},{"taxonomy":"product_tag","embeddable":true,"href":"https:\/\/pharaohs-silver.com\/es\/wp-json\/wp\/v2\/product_tag?post=11822"}],"curies":[{"name":"wp","href":"https:\/\/api.w.org\/{rel}","templated":true}]}}